{"id":71910,"date":"2025-10-05T19:01:18","date_gmt":"2025-10-05T17:01:18","guid":{"rendered":"https:\/\/www.biobey.be\/fr\/?post_type=product&#038;p=71910"},"modified":"2025-10-05T19:16:20","modified_gmt":"2025-10-05T17:16:20","slug":"shampooing-100-naturel-pour-cheveux-gras","status":"publish","type":"product","link":"https:\/\/www.biobey.be\/fr\/produit\/shampooing-100-naturel-pour-cheveux-gras\/","title":{"rendered":"Shampooing 100% Naturel pour Cheveux Gras au Citron 250ml"},"content":{"rendered":"<p>Le shampooing 100% naturel pour cheveux gras \u00e0 l&rsquo;extrait de citron et \u00e0 l&rsquo;huile de thym nettoie le cuir chevelu de l&rsquo;exc\u00e8s de graisse et des salet\u00e9s r\u00e9siduelles. Le shampooing BioEco sans silicones inhibe naturellement la production excessive de s\u00e9bum. Il prot\u00e8ge ainsi le cuir chevelu contre les inflammations et la formation de mycoses et de mauvaises bact\u00e9ries.<\/p>\n<h2>Quels sont les ingr\u00e9dients du Shampooing 100% Naturel pour Cheveux Gras au Citron qui aident \u00e0 lutter contre les cheveux gras ?<\/h2>\n<p>Ce Shampooing 100% Naturel pour Cheveux Gras au Citron combat efficacement l&rsquo;exc\u00e8s de s\u00e9bum gr\u00e2ce \u00e0 une s\u00e9lection cibl\u00e9e d&rsquo;ingr\u00e9dients actifs naturels. Sa formule unique aux extraits de citron, menthe poivr\u00e9e et thym repose sur des agents purifiants et r\u00e9gulateurs d&rsquo;origine v\u00e9g\u00e9tale, reconnus pour leurs propri\u00e9t\u00e9s b\u00e9n\u00e9fiques sur le cuir chevelu gras.<\/p>\n<p>1.L&rsquo;extrait de citron biologique \u00e9limine les cellules mortes de la peau et r\u00e9\u00e9quilibre le pH perturb\u00e9 du cuir chevelu. La combinaison d&rsquo;extraits de menthe et de thym agit de mani\u00e8re antibact\u00e9rienne. Elle stimule une plus grande circulation sanguine vers les follicules pileux et aide \u00e0 restaurer le cuir chevelu irrit\u00e9.<\/p>\n<p>2. L&rsquo;extrait de menthe r\u00e9duit les d\u00e9mangeaisons et a un effet rafra\u00eechissant agr\u00e9able sur le cuir chevelu.<\/p>\n<p>3. L&rsquo;extrait de pomme biologique contenu dans le shampooing doux naturel contre les cheveux gras est riche en antioxydants. Il prot\u00e8ge le cuir chevelu contre les radicaux libres et contribue \u00e0 une production \u00e9quilibr\u00e9e de s\u00e9bum.<\/p>\n<h3>Comment utiliser ce shampooing 100% naturel pour cheveux gras \u00e0 l&rsquo;extrait de citron ?<\/h3>\n<p>Applique une petite quantit\u00e9 du shampooing sur les cheveux mouill\u00e9s. Masse bien le shampooing pour le faire p\u00e9n\u00e9trer dans les cheveux et le cuir chevelu. Rince ensuite \u00e0 l&rsquo;eau ti\u00e8de. Le shampooing naturel doux contre les cheveux gras est test\u00e9 dermatologiquement et approuv\u00e9 pour un usage r\u00e9gulier.<\/p>\n<p>Conseil suppl\u00e9mentaire: pour un effet encore plus fort, nous recommandons<a href=\"https:\/\/www.biobey.be\/fr\/produit\/masque-a-argile-verte-argiltubo-250-ml\/\"> d&rsquo;utiliser un masque capillaire \u00e0 l&rsquo;argile verte (Argiltubo)<\/a> 1 \u00e0 2 fois avant de se laver les cheveux.<br \/>\nOrigine naturelle 100% &#8211; Biologique 63.8%<\/p>\n<p>Ingr\u00e9dients (INCI) : Eau de feuilles de Camellia sinensis*, Aqua, Sodium Lauryl Glucose Carboxylate, Lauryl Glucoside, Cocamidopropyl Betaine, extrait de pulpe de Pyrus Malus*, Eau de feuilles de Thymus Vulgaris*, Huile d&rsquo;amande douce*,<\/p>\n<p>Glyc\u00e9rine, Extrait de zeste de citron*, Olea Europaea Fruit Oil*, Mentha Piperita ( Menthe poivr\u00e9e) extract, Tocopherol, D\u00e9hydroac\u00e9tique Acide, Benzyl Alcohol, Citric Acid, Saccharum officinarum extract*, Potassium Sorbate, Sodium Benzoate, Fragrance ( Ar\u00f4me naturel).<\/p>\n<p>*Issu de l&rsquo;agriculture biologique<\/p>\n<p>Le fragrance\/l&rsquo;ar\u00f4me provient de composants naturels.<\/p>\n<p>BioEcoNature est produit en Italie de mani\u00e8re durable. Les shampooings naturels Bio EcoNatura ne contiennent pas de parfum synth\u00e9tique, de SLES, de SLS, de parab\u00e8nes, d&rsquo;alcool dess\u00e9chant, de p\u00e9trole, de d\u00e9riv\u00e9s, de chevilles et d&rsquo;autres irritants.<\/p>\n","protected":false},"excerpt":{"rendered":"<p>Shampooing 100% Naturel pour Cheveux Gras au Citron \u00e9limine les cellules mortes et aide \u00e0 r\u00e9tablir le pH du cuir chevelu. La combinaison d&rsquo;extraits de menthe, de pomme et de citron inhibe la production excessive de s\u00e9bum.<\/p>\n<p>Type de cheveux : cheveux gras &#8211; cuir chevelu gras avec cheveux secs &#8211; cheveux gras avec pellicules et d\u00e9mangeaisons du cuir chevelu<\/p>\n<p>Certifications : Cosmos Organic, Icea Bio, Vegan ok, Test\u00e9 dermatologiquement, Sans m\u00e9taux lourds, Ecogreen Life, Made in Italy<\/p>\n","protected":false},"featured_media":71907,"comment_status":"open","ping_status":"closed","template":"","meta":{"ocean_post_layout":"","ocean_both_sidebars_style":"","ocean_both_sidebars_content_width":0,"ocean_both_sidebars_sidebars_width":0,"ocean_sidebar":"0","ocean_second_sidebar":"0","ocean_disable_margins":"enable","ocean_add_body_class":"","ocean_shortcode_before_top_bar":"","ocean_shortcode_after_top_bar":"","ocean_shortcode_before_header":"","ocean_shortcode_after_header":"","ocean_has_shortcode":"","ocean_shortcode_after_title":"","ocean_shortcode_before_footer_widgets":"","ocean_shortcode_after_footer_widgets":"","ocean_shortcode_before_footer_bottom":"","ocean_shortcode_after_footer_bottom":"","ocean_display_top_bar":"default","ocean_display_header":"default","ocean_header_style":"","ocean_center_header_left_menu":"0","ocean_custom_header_template":"0","ocean_custom_logo":0,"ocean_custom_retina_logo":0,"ocean_custom_logo_max_width":0,"ocean_custom_logo_tablet_max_width":0,"ocean_custom_logo_mobile_max_width":0,"ocean_custom_logo_max_height":0,"ocean_custom_logo_tablet_max_height":0,"ocean_custom_logo_mobile_max_height":0,"ocean_header_custom_menu":"0","ocean_menu_typo_font_family":"0","ocean_menu_typo_font_subset":"","ocean_menu_typo_font_size":0,"ocean_menu_typo_font_size_tablet":0,"ocean_menu_typo_font_size_mobile":0,"ocean_menu_typo_font_size_unit":"px","ocean_menu_typo_font_weight":"","ocean_menu_typo_font_weight_tablet":"","ocean_menu_typo_font_weight_mobile":"","ocean_menu_typo_transform":"","ocean_menu_typo_transform_tablet":"","ocean_menu_typo_transform_mobile":"","ocean_menu_typo_line_height":0,"ocean_menu_typo_line_height_tablet":0,"ocean_menu_typo_line_height_mobile":0,"ocean_menu_typo_line_height_unit":"","ocean_menu_typo_spacing":0,"ocean_menu_typo_spacing_tablet":0,"ocean_menu_typo_spacing_mobile":0,"ocean_menu_typo_spacing_unit":"","ocean_menu_link_color":"","ocean_menu_link_color_hover":"","ocean_menu_link_color_active":"","ocean_menu_link_background":"","ocean_menu_link_hover_background":"","ocean_menu_link_active_background":"","ocean_menu_social_links_bg":"","ocean_menu_social_hover_links_bg":"","ocean_menu_social_links_color":"","ocean_menu_social_hover_links_color":"","ocean_disable_title":"default","ocean_disable_heading":"default","ocean_post_title":"","ocean_post_subheading":"","ocean_post_title_style":"","ocean_post_title_background_color":"","ocean_post_title_background":0,"ocean_post_title_bg_image_position":"","ocean_post_title_bg_image_attachment":"","ocean_post_title_bg_image_repeat":"","ocean_post_title_bg_image_size":"","ocean_post_title_height":0,"ocean_post_title_bg_overlay":0.5,"ocean_post_title_bg_overlay_color":"","ocean_disable_breadcrumbs":"default","ocean_breadcrumbs_color":"","ocean_breadcrumbs_separator_color":"","ocean_breadcrumbs_links_color":"","ocean_breadcrumbs_links_hover_color":"","ocean_display_footer_widgets":"default","ocean_display_footer_bottom":"default","ocean_custom_footer_template":"0"},"product_brand":[243],"product_cat":[25,24,50],"product_tag":[125],"class_list":{"0":"post-71910","1":"product","2":"type-product","3":"status-publish","4":"has-post-thumbnail","6":"product_brand-bioeco","7":"product_cat-shampooing-naturel","8":"product_cat-soins-cheveux","9":"product_cat-traitement-capillaire-intensif","10":"product_tag-vegan","12":"entry","13":"has-media","15":"first","16":"instock","17":"taxable","18":"shipping-taxable","19":"purchasable","20":"product-type-simple","21":"has-rating","22":"col","23":"span_1_of_3","24":"owp-content-center","25":"owp-thumbs-layout-horizontal","26":"owp-btn-normal","27":"owp-tabs-layout-section","28":"has-no-thumbnails","29":"circle-sale"},"_links":{"self":[{"href":"https:\/\/www.biobey.be\/fr\/wp-json\/wp\/v2\/product\/71910","targetHints":{"allow":["GET"]}}],"collection":[{"href":"https:\/\/www.biobey.be\/fr\/wp-json\/wp\/v2\/product"}],"about":[{"href":"https:\/\/www.biobey.be\/fr\/wp-json\/wp\/v2\/types\/product"}],"replies":[{"embeddable":true,"href":"https:\/\/www.biobey.be\/fr\/wp-json\/wp\/v2\/comments?post=71910"}],"wp:featuredmedia":[{"embeddable":true,"href":"https:\/\/www.biobey.be\/fr\/wp-json\/wp\/v2\/media\/71907"}],"wp:attachment":[{"href":"https:\/\/www.biobey.be\/fr\/wp-json\/wp\/v2\/media?parent=71910"}],"wp:term":[{"taxonomy":"product_brand","embeddable":true,"href":"https:\/\/www.biobey.be\/fr\/wp-json\/wp\/v2\/product_brand?post=71910"},{"taxonomy":"product_cat","embeddable":true,"href":"https:\/\/www.biobey.be\/fr\/wp-json\/wp\/v2\/product_cat?post=71910"},{"taxonomy":"product_tag","embeddable":true,"href":"https:\/\/www.biobey.be\/fr\/wp-json\/wp\/v2\/product_tag?post=71910"}],"curies":[{"name":"wp","href":"https:\/\/api.w.org\/{rel}","templated":true}]}}