{"id":71911,"date":"2025-10-12T14:49:27","date_gmt":"2025-10-12T12:49:27","guid":{"rendered":"https:\/\/www.biobey.be\/fr\/?post_type=product&#038;p=71911"},"modified":"2026-01-12T22:53:00","modified_gmt":"2026-01-12T21:53:00","slug":"creme-nourrissante-visage-et-cou-bio-50ml","status":"publish","type":"product","link":"https:\/\/www.biobey.be\/fr\/produit\/creme-nourrissante-visage-et-cou-bio-50ml\/","title":{"rendered":"Cr\u00e8me nourrissante visage et cou bio 50ml"},"content":{"rendered":"<p>La cr\u00e8me nourrissante visage et cou bio est formul\u00e9e \u00e0 partir d&rsquo;extraits bio de beurre de karit\u00e9 et de jus de p\u00eache. Les acides gras essentiels om\u00e9ga 3 et 6 et dans l&rsquo;huile de jojoba nourrissent les couches profondes de la peau. L&rsquo;extrait de jus de p\u00eache est riche en vitamines A et E.<\/p>\n<p>La composition riche en vitamines de la cr\u00e8me nourrissante bio visage et cou restaure les peaux ternes et fatigu\u00e9es. Avec une utilisation r\u00e9guli\u00e8re, la peau para\u00eet nourrie et uniforme. Elle est test\u00e9e dermatologiquement et approuv\u00e9e pour tous les types de peau.<\/p>\n<h2>Quel est l&rsquo;effet de la cr\u00e8me nourrissante visage et cou bio ?<\/h2>\n<p>Cr\u00e8me nourrissante visage et cou bio nourrit les peaux ternes avec des vitamines, des min\u00e9raux et des acides gras essentiels insatur\u00e9s. Le beurre de karit\u00e9 adoucit la peau et forme une couche protectrice sur la barri\u00e8re cutan\u00e9e. Cela emp\u00eache la perte d&rsquo;humidit\u00e9 et renforce la barri\u00e8re cutan\u00e9e.<\/p>\n<p>L&rsquo;extrait de jus de p\u00eache biologique est riche en vitamines A et E. La vitamine A a des effets positifs scientifiquement prouv\u00e9s pour r\u00e9duire les ridules et les rides fines. Le r\u00e9tinol naturel associ\u00e9 \u00e0 la vitamine E ralentit la d\u00e9gradation du collag\u00e8ne. La texture douce de la cr\u00e8me nourrissante bio visage et cou donne instantan\u00e9ment \u00e0 la peau un aspect frais et nourri.<\/p>\n<h3>Les propri\u00e9t\u00e9s positives des ingr\u00e9dients de la cr\u00e8me nourrissante visage et cou bio :<\/h3>\n<ul>\n<li>Beurre de karit\u00e9 : le beurre de karit\u00e9 prot\u00e8ge la peau contre la perte d&rsquo;humidit\u00e9.<\/li>\n<li>Simmondsia Chinensis : l&rsquo;huile de jojoba bio nourrit la peau avec des vitamines et des acides gras essentiels insatur\u00e9s.<\/li>\n<li>Efficace pour r\u00e9g\u00e9n\u00e9rer les peaux d\u00e9shydrat\u00e9es.<\/li>\n<li>Tocoph\u00e9rol : la vitamine E naturelle prot\u00e8ge la peau contre les influences ext\u00e9rieures n\u00e9gatives.<\/li>\n<li>Kaolin : la poudre d&rsquo;argile blanche purifie les pores obstru\u00e9s et stimule la circulation sanguine.<\/li>\n<li>Fragrance : ar\u00f4me naturel \u00e0 base de composants naturels.<\/li>\n<li>Extrait de Prunus persica : extrait de jus de fruit de p\u00eache biologique<\/li>\n<li>Saccharum officinarum : Extrait de canne \u00e0 sucre biologique<\/li>\n<li>Eau de feuilles de Camellia Sinensis : l&rsquo;eau de feuilles de th\u00e9 vert biologique aide \u00e0 drainer plus rapidement les toxines accumul\u00e9es.<\/li>\n<li>Phosphate de potassium et de c\u00e9tyle : le phosphate de potassium et de c\u00e9tyle donne une texture agr\u00e9able \u00e0 la cr\u00e8me.<\/li>\n<li>C&rsquo;est un agent naturel<\/li>\n<li>Acide citrique : L&rsquo;acide citrique abaisse le niveau de pH du produit de soin, ce qui rend la cr\u00e8me douce pour les peaux sensibles.<\/li>\n<\/ul>\n<p>Ingr\u00e9dients naturels 100%<br \/>\nIngr\u00e9dients issus de l&rsquo;agriculture biologique 71,4<br \/>\nLe terme \u00ab fragrance \u00bb fait r\u00e9f\u00e9rence \u00e0 un ar\u00f4me naturel.<\/p>\n<p>Ingr\u00e9dients (INCI) : Eau de feuilles de Camellia Sinensis*, Aqua, Olea Europaea* (Olive) Huile de fruit, Hexyldecanol, Hexyldecyl Laurate, Dicaprylyl Carbonate, Cetearyl Glucoside, Glyc\u00e9rine, C\u00e9tearyl Alcohol, Potassium Cetyl Phosphate, jus de Prunus persica (p\u00eache)*, beurre de karit\u00e9*, huile de graines de Simmondsia Chinensis* (jojoba)*, alcool benzylique, acide<\/p>\n<p>d\u00e9hydroac\u00e9tique, caprylate de glyc\u00e9ryle, acide citrique, tocoph\u00e9rol, Saccharum officinarum*, kaolin, parfum (ar\u00f4me naturel).<br \/>\n*issu de l&rsquo;agriculture biologique<\/p>\n<p>La cr\u00e8me nourrissante visage et cou bio de la marque BioEco est exempte d&rsquo;huiles min\u00e9rales, de parfums synth\u00e9tiques, d&rsquo;alcools siccatifs, de parab\u00e8nes, de conservateurs synth\u00e9tiques, de m\u00e9taux lourds et de microplastiques. C&rsquo;est un produit naturel et durable qui respecte la peau et l&rsquo;environnement.<\/p>\n<h3>Signes distinctifs et certificats de la cr\u00e8me nourrissante bio pour le visage et le cou BioEco<\/h3>\n<p>Icea Bio Eco Cosmetisc Certificate 015BC045 : Cosmos Organic<br \/>\nIcea Certificat Vegan 073 VEG 026<br \/>\nTest\u00e9 et approuv\u00e9 dermatologiquement<br \/>\nSans m\u00e9taux lourds<br \/>\nEco Friendly Think Green<br \/>\nPot d&#8217;emballage en plastique recycl\u00e9<br \/>\nEncre d&#8217;emballage d&rsquo;origine v\u00e9g\u00e9tale<br \/>\nCarton recycl\u00e9 \u00e9cologiquement<br \/>\nBiod\u00e9gradable<br \/>\nFabriqu\u00e9 en Italie Union europ\u00e9enne<\/p>\n","protected":false},"excerpt":{"rendered":"<p>La cr\u00e8me nourrissante visage et cou bio est 100 % naturelle et test\u00e9e dermatologiquement pour tous les types de peau. Sa formule riche en acides gras essentiels insatur\u00e9s et en vitamines restaure les peaux ternes et fatigu\u00e9es.<br \/>\nIngr\u00e9dients principaux: Extraits biologiques de jojoba, beurre de karit\u00e9, extrait de jus de p\u00eache, feuille de th\u00e9 vert, kaolin.<\/p>\n<p><strong>Fonction:<\/strong> Nourrit, prot\u00e8ge contre la perte d&rsquo;humidit\u00e9 et adoucit la peau.<br \/>\nCertificats: Cosmos Organic, Icea Bio Eco, Icea Vegan, test\u00e9 au nickel, Green life, test\u00e9 dermatologiquement.<\/p>\n<p><strong>Type de peau<\/strong> : &#8211; peau terne et fatigu\u00e9e &#8211; peau s\u00e8che avec ridules &#8211; peau d\u00e9shydrat\u00e9e<\/p>\n","protected":false},"featured_media":71908,"comment_status":"open","ping_status":"closed","template":"","meta":{"ocean_post_layout":"","ocean_both_sidebars_style":"","ocean_both_sidebars_content_width":0,"ocean_both_sidebars_sidebars_width":0,"ocean_sidebar":"0","ocean_second_sidebar":"0","ocean_disable_margins":"enable","ocean_add_body_class":"","ocean_shortcode_before_top_bar":"","ocean_shortcode_after_top_bar":"","ocean_shortcode_before_header":"","ocean_shortcode_after_header":"","ocean_has_shortcode":"","ocean_shortcode_after_title":"","ocean_shortcode_before_footer_widgets":"","ocean_shortcode_after_footer_widgets":"","ocean_shortcode_before_footer_bottom":"","ocean_shortcode_after_footer_bottom":"","ocean_display_top_bar":"default","ocean_display_header":"default","ocean_header_style":"","ocean_center_header_left_menu":"0","ocean_custom_header_template":"0","ocean_custom_logo":0,"ocean_custom_retina_logo":0,"ocean_custom_logo_max_width":0,"ocean_custom_logo_tablet_max_width":0,"ocean_custom_logo_mobile_max_width":0,"ocean_custom_logo_max_height":0,"ocean_custom_logo_tablet_max_height":0,"ocean_custom_logo_mobile_max_height":0,"ocean_header_custom_menu":"0","ocean_menu_typo_font_family":"0","ocean_menu_typo_font_subset":"","ocean_menu_typo_font_size":0,"ocean_menu_typo_font_size_tablet":0,"ocean_menu_typo_font_size_mobile":0,"ocean_menu_typo_font_size_unit":"px","ocean_menu_typo_font_weight":"","ocean_menu_typo_font_weight_tablet":"","ocean_menu_typo_font_weight_mobile":"","ocean_menu_typo_transform":"","ocean_menu_typo_transform_tablet":"","ocean_menu_typo_transform_mobile":"","ocean_menu_typo_line_height":0,"ocean_menu_typo_line_height_tablet":0,"ocean_menu_typo_line_height_mobile":0,"ocean_menu_typo_line_height_unit":"","ocean_menu_typo_spacing":0,"ocean_menu_typo_spacing_tablet":0,"ocean_menu_typo_spacing_mobile":0,"ocean_menu_typo_spacing_unit":"","ocean_menu_link_color":"","ocean_menu_link_color_hover":"","ocean_menu_link_color_active":"","ocean_menu_link_background":"","ocean_menu_link_hover_background":"","ocean_menu_link_active_background":"","ocean_menu_social_links_bg":"","ocean_menu_social_hover_links_bg":"","ocean_menu_social_links_color":"","ocean_menu_social_hover_links_color":"","ocean_disable_title":"default","ocean_disable_heading":"default","ocean_post_title":"","ocean_post_subheading":"","ocean_post_title_style":"","ocean_post_title_background_color":"","ocean_post_title_background":0,"ocean_post_title_bg_image_position":"","ocean_post_title_bg_image_attachment":"","ocean_post_title_bg_image_repeat":"","ocean_post_title_bg_image_size":"","ocean_post_title_height":0,"ocean_post_title_bg_overlay":0.5,"ocean_post_title_bg_overlay_color":"","ocean_disable_breadcrumbs":"default","ocean_breadcrumbs_color":"","ocean_breadcrumbs_separator_color":"","ocean_breadcrumbs_links_color":"","ocean_breadcrumbs_links_hover_color":"","ocean_display_footer_widgets":"default","ocean_display_footer_bottom":"default","ocean_custom_footer_template":"0"},"product_brand":[243],"product_cat":[23,19],"product_tag":[125],"class_list":{"0":"post-71911","1":"product","2":"type-product","3":"status-publish","4":"has-post-thumbnail","6":"product_brand-bioeco","7":"product_cat-cou-decollete","8":"product_cat-cremes-naturelles-de-jour-et-de-nuit","9":"product_tag-vegan","11":"entry","12":"has-media","14":"first","15":"instock","16":"taxable","17":"shipping-taxable","18":"purchasable","19":"product-type-simple","20":"has-rating","21":"col","22":"span_1_of_3","23":"owp-content-center","24":"owp-thumbs-layout-horizontal","25":"owp-btn-normal","26":"owp-tabs-layout-section","27":"has-no-thumbnails","28":"circle-sale"},"_links":{"self":[{"href":"https:\/\/www.biobey.be\/fr\/wp-json\/wp\/v2\/product\/71911","targetHints":{"allow":["GET"]}}],"collection":[{"href":"https:\/\/www.biobey.be\/fr\/wp-json\/wp\/v2\/product"}],"about":[{"href":"https:\/\/www.biobey.be\/fr\/wp-json\/wp\/v2\/types\/product"}],"replies":[{"embeddable":true,"href":"https:\/\/www.biobey.be\/fr\/wp-json\/wp\/v2\/comments?post=71911"}],"wp:featuredmedia":[{"embeddable":true,"href":"https:\/\/www.biobey.be\/fr\/wp-json\/wp\/v2\/media\/71908"}],"wp:attachment":[{"href":"https:\/\/www.biobey.be\/fr\/wp-json\/wp\/v2\/media?parent=71911"}],"wp:term":[{"taxonomy":"product_brand","embeddable":true,"href":"https:\/\/www.biobey.be\/fr\/wp-json\/wp\/v2\/product_brand?post=71911"},{"taxonomy":"product_cat","embeddable":true,"href":"https:\/\/www.biobey.be\/fr\/wp-json\/wp\/v2\/product_cat?post=71911"},{"taxonomy":"product_tag","embeddable":true,"href":"https:\/\/www.biobey.be\/fr\/wp-json\/wp\/v2\/product_tag?post=71911"}],"curies":[{"name":"wp","href":"https:\/\/api.w.org\/{rel}","templated":true}]}}