{"id":71916,"date":"2025-10-05T19:16:58","date_gmt":"2025-10-05T17:16:58","guid":{"rendered":"https:\/\/www.biobey.be\/fr\/?post_type=product&#038;p=71916"},"modified":"2026-04-07T13:41:55","modified_gmt":"2026-04-07T11:41:55","slug":"creme-de-marron-dinde-contre-les-varices","status":"publish","type":"product","link":"https:\/\/www.biobey.be\/fr\/produit\/creme-de-marron-dinde-contre-les-varices\/","title":{"rendered":"Cr\u00e8me de marron d&rsquo;Inde bio contre les varices et les oed\u00e8mes 100ml"},"content":{"rendered":"<p><span style=\"font-weight: 400;\">La cr\u00e8me de marron d&rsquo;Inde contre les varices et les \u0153d\u00e8mes riche en oligo-\u00e9l\u00e9ments, favorise la circulation sanguine et aide \u00e0 r\u00e9duire la r\u00e9tention d&rsquo;eau et les \u0153d\u00e8mes. <\/span><\/p>\n<p><span style=\"font-weight: 400;\">Cette cr\u00e8me est recommand\u00e9e pour soulager les jambes lourdes et att\u00e9nuer les varices et les ecchymoses visibles. Elle contient une forte concentration d&rsquo;extrait de marronnier d&rsquo;Inde (40 %). Riche en ferments de fer, magn\u00e9sium, silicium, cuivre et zinc, la cr\u00e8me remin\u00e9ralise la peau et am\u00e9liore son \u00e9lasticit\u00e9.<\/span><\/p>\n<p><b>Pourquoi utiliser la cr\u00e8me de marron d&rsquo;Inde contre les varices ?<\/b><\/p>\n<p><span style=\"font-weight: 400;\">La cr\u00e8me \u00e0 la marronnier d&rsquo;Inde soulage les jambes lourdes et fatigu\u00e9es.<\/span><\/p>\n<ol>\n<li><span style=\"font-weight: 400;\">L&rsquo;aescine et les flavono\u00efdes contenus dans la cr\u00e8me naturelle \u00e0 la marronnier d&rsquo;Inde stimulent la circulation sanguine et renforcent l&rsquo;\u00e9lasticit\u00e9 de la peau.<\/span><\/li>\n<li>Les oligo-\u00e9l\u00e9ments min\u00e9raux contenus dans la cr\u00e8me nourrissent la peau et renforcent la barri\u00e8re cutan\u00e9e contre les influences n\u00e9gatives de l&rsquo;environnement.<\/li>\n<li>La cr\u00e8me \u00e0 l&rsquo;extrait de marronnier d&rsquo;Inde aide \u00e0 r\u00e9duire naturellement les varices visibles, l&rsquo;\u0153d\u00e8me et les gonflements.<\/li>\n<li>Les huiles v\u00e9g\u00e9tales hydratantes et la composition riche en vitamines de la cr\u00e8me rendent la peau douce et lisse.<\/li>\n<\/ol>\n<p><span style=\"font-weight: 400;\">La cr\u00e8me \u00e0 base de marronnier d&rsquo;Inde et d&rsquo;oligo-\u00e9l\u00e9ments a \u00e9t\u00e9 test\u00e9e dermatologiquement et convient aux peaux sensibles.<\/span><\/p>\n<p><b>Comment utiliser la cr\u00e8me \u00e0 base de marronnier d&rsquo;Inde de Bema ?<\/b><\/p>\n<p><span style=\"font-weight: 400;\">Appliquez la cr\u00e8me \u00e0 base de marronnier d&rsquo;Inde sur la zone \u00e0 traiter. Massez la cr\u00e8me en mouvements circulaires ascendants jusqu&rsquo;\u00e0 ce qu&rsquo;elle soit bien absorb\u00e9e par la peau. Utilisez la cr\u00e8me plusieurs fois par jour si n\u00e9cessaire. Pour usage externe uniquement.<\/span><\/p>\n<p><span style=\"font-weight: 400;\">Inci: xtrait de graines de marronnier d&rsquo;Inde*, Aqua, Cetearyl Glucoside, Propylheptyl Caprylate, Cetearyl Alcohol, Glyc\u00e9rine, Huile de Glycine Soja*, Huile de son d&rsquo;Oryza sativa, Carbonate de Dicaprylyle, Phosphate de Potassium C\u00e9tyl, Cocoglyc\u00e9rides, Extrait de graines d&rsquo;Aesculus Hippocastanum, Escine, eau de feuille de Camelia Sinensis*, huile de fruit d&rsquo;olive*, <\/span><\/p>\n<p><span style=\"font-weight: 400;\">beurre de karit\u00e9*, huile de graines d&rsquo;Helianthus Annuus*, Saccharomyces\/ferment de cuivre, ferment de fer, ferment de magn\u00e9sium, Saccharomyces\/ferment de silicium, ferment de zinc, tocoph\u00e9rol, acide citrique, filtrat de ferment de racine de radis\/Leuconostoc, <\/span><\/p>\n<p><span style=\"font-weight: 400;\">extrait d&rsquo;\u00e9corce de Salix Alba, alcool benzylique, sorbate de potassium, benzoate de sodium, acide d\u00e9hydroac\u00e9tique, ar\u00f4me (ar\u00f4me naturel)\u00a0<\/span><\/p>\n<p><span style=\"font-weight: 400;\">*Issu de l&rsquo;agriculture biologique<\/span><\/p>\n<p><span style=\"font-weight: 400;\">L&rsquo;ar\u00f4me fait r\u00e9f\u00e9rence \u00e0 un ar\u00f4me naturel.<\/span><\/p>\n<p><span style=\"font-weight: 400;\">La cr\u00e8me Bema au marronnier d&rsquo;Inde est naturelle et vegan. Elle ne contient pas d&rsquo;huiles min\u00e9rales, de PEG, de parab\u00e8nes, de parfums synth\u00e9tiques ou d&rsquo;autres substances irritantes.<\/span><\/p>\n","protected":false},"excerpt":{"rendered":"<p>La cr\u00e8me de marronnier d&rsquo;Inde soulage les inconforts li\u00e9s \u00e0 la fatigue. Sa formule riche en oligo-\u00e9l\u00e9ments, en aescine et en flavono\u00efdes stimule la circulation sanguine et r\u00e9duit les \u0153d\u00e8mes et les varices. La cr\u00e8me contient 40 % d&rsquo;extrait de marronnier d&rsquo;Inde.<br \/>\nCertifications : Icea Bio, Vegan, test\u00e9 dermatologiquement, sans m\u00e9taux lourds<br \/>\nContenu : 100 ml<\/p>\n","protected":false},"featured_media":71912,"comment_status":"open","ping_status":"closed","template":"","meta":{"ocean_post_layout":"","ocean_both_sidebars_style":"","ocean_both_sidebars_content_width":0,"ocean_both_sidebars_sidebars_width":0,"ocean_sidebar":"0","ocean_second_sidebar":"0","ocean_disable_margins":"enable","ocean_add_body_class":"","ocean_shortcode_before_top_bar":"","ocean_shortcode_after_top_bar":"","ocean_shortcode_before_header":"","ocean_shortcode_after_header":"","ocean_has_shortcode":"","ocean_shortcode_after_title":"","ocean_shortcode_before_footer_widgets":"","ocean_shortcode_after_footer_widgets":"","ocean_shortcode_before_footer_bottom":"","ocean_shortcode_after_footer_bottom":"","ocean_display_top_bar":"default","ocean_display_header":"default","ocean_header_style":"","ocean_center_header_left_menu":"0","ocean_custom_header_template":"0","ocean_custom_logo":0,"ocean_custom_retina_logo":0,"ocean_custom_logo_max_width":0,"ocean_custom_logo_tablet_max_width":0,"ocean_custom_logo_mobile_max_width":0,"ocean_custom_logo_max_height":0,"ocean_custom_logo_tablet_max_height":0,"ocean_custom_logo_mobile_max_height":0,"ocean_header_custom_menu":"0","ocean_menu_typo_font_family":"0","ocean_menu_typo_font_subset":"","ocean_menu_typo_font_size":0,"ocean_menu_typo_font_size_tablet":0,"ocean_menu_typo_font_size_mobile":0,"ocean_menu_typo_font_size_unit":"px","ocean_menu_typo_font_weight":"","ocean_menu_typo_font_weight_tablet":"","ocean_menu_typo_font_weight_mobile":"","ocean_menu_typo_transform":"","ocean_menu_typo_transform_tablet":"","ocean_menu_typo_transform_mobile":"","ocean_menu_typo_line_height":0,"ocean_menu_typo_line_height_tablet":0,"ocean_menu_typo_line_height_mobile":0,"ocean_menu_typo_line_height_unit":"","ocean_menu_typo_spacing":0,"ocean_menu_typo_spacing_tablet":0,"ocean_menu_typo_spacing_mobile":0,"ocean_menu_typo_spacing_unit":"","ocean_menu_link_color":"","ocean_menu_link_color_hover":"","ocean_menu_link_color_active":"","ocean_menu_link_background":"","ocean_menu_link_hover_background":"","ocean_menu_link_active_background":"","ocean_menu_social_links_bg":"","ocean_menu_social_hover_links_bg":"","ocean_menu_social_links_color":"","ocean_menu_social_hover_links_color":"","ocean_disable_title":"default","ocean_disable_heading":"default","ocean_post_title":"","ocean_post_subheading":"","ocean_post_title_style":"","ocean_post_title_background_color":"","ocean_post_title_background":0,"ocean_post_title_bg_image_position":"","ocean_post_title_bg_image_attachment":"","ocean_post_title_bg_image_repeat":"","ocean_post_title_bg_image_size":"","ocean_post_title_height":0,"ocean_post_title_bg_overlay":0.5,"ocean_post_title_bg_overlay_color":"","ocean_disable_breadcrumbs":"default","ocean_breadcrumbs_color":"","ocean_breadcrumbs_separator_color":"","ocean_breadcrumbs_links_color":"","ocean_breadcrumbs_links_hover_color":"","ocean_display_footer_widgets":"default","ocean_display_footer_bottom":"default","ocean_custom_footer_template":"0"},"product_brand":[106],"product_cat":[51,32],"product_tag":[125],"class_list":{"0":"post-71916","1":"product","2":"type-product","3":"status-publish","4":"has-post-thumbnail","6":"product_brand-bema-bio","7":"product_cat-soins-du-corps","8":"product_cat-muscles-articulations-et-dos","9":"product_tag-vegan","11":"entry","12":"has-media","14":"first","15":"instock","16":"taxable","17":"shipping-taxable","18":"purchasable","19":"product-type-simple","20":"has-rating","21":"col","22":"span_1_of_3","23":"owp-content-center","24":"owp-thumbs-layout-horizontal","25":"owp-btn-normal","26":"owp-tabs-layout-section","27":"has-no-thumbnails","28":"circle-sale"},"_links":{"self":[{"href":"https:\/\/www.biobey.be\/fr\/wp-json\/wp\/v2\/product\/71916","targetHints":{"allow":["GET"]}}],"collection":[{"href":"https:\/\/www.biobey.be\/fr\/wp-json\/wp\/v2\/product"}],"about":[{"href":"https:\/\/www.biobey.be\/fr\/wp-json\/wp\/v2\/types\/product"}],"replies":[{"embeddable":true,"href":"https:\/\/www.biobey.be\/fr\/wp-json\/wp\/v2\/comments?post=71916"}],"wp:featuredmedia":[{"embeddable":true,"href":"https:\/\/www.biobey.be\/fr\/wp-json\/wp\/v2\/media\/71912"}],"wp:attachment":[{"href":"https:\/\/www.biobey.be\/fr\/wp-json\/wp\/v2\/media?parent=71916"}],"wp:term":[{"taxonomy":"product_brand","embeddable":true,"href":"https:\/\/www.biobey.be\/fr\/wp-json\/wp\/v2\/product_brand?post=71916"},{"taxonomy":"product_cat","embeddable":true,"href":"https:\/\/www.biobey.be\/fr\/wp-json\/wp\/v2\/product_cat?post=71916"},{"taxonomy":"product_tag","embeddable":true,"href":"https:\/\/www.biobey.be\/fr\/wp-json\/wp\/v2\/product_tag?post=71916"}],"curies":[{"name":"wp","href":"https:\/\/api.w.org\/{rel}","templated":true}]}}