{"id":71927,"date":"2025-10-17T14:00:24","date_gmt":"2025-10-17T12:00:24","guid":{"rendered":"https:\/\/www.biobey.be\/fr\/?post_type=product&#038;p=71927"},"modified":"2025-10-18T00:10:14","modified_gmt":"2025-10-17T22:10:14","slug":"deo-bio-sans-chlorure-daluminium-hommes","status":"publish","type":"product","link":"https:\/\/www.biobey.be\/fr\/produit\/deo-bio-sans-chlorure-daluminium-hommes\/","title":{"rendered":"D\u00e9o bio sans chlorure d&rsquo;aluminium hommes 50 ml"},"content":{"rendered":"<p>Le d\u00e9o bio sans chlorure d&rsquo;aluminium 100% naturel pour homme est sp\u00e9cialement con\u00e7u pour ceux qui ont la peau sensible ou qui souffrent d&rsquo;irritations apr\u00e8s le rasage. De plus, le d\u00e9o Love Bio est sans aluminium, sans parfum, sans alcool, sans gaz propulseur, sans triclosan, sans parab\u00e8ne et sans huile min\u00e9rale.<\/p>\n<p>Ce d\u00e9o bio sans chlorure d&rsquo;aluminium pour homme est test\u00e9 dermatologiquement et approuv\u00e9 pour les personnes ayant les aisselles sensibles.<\/p>\n<h2>Pourquoi le d\u00e9o bio sans chlorure d&rsquo;aluminium pour hommes est-il meilleur de Love Bio ?<\/h2>\n<ol>\n<li>Le d\u00e9odorant roll on Love Bio n&rsquo;obstrue pas les glandes sudoripares. Les mauvais ingr\u00e9dients ne sont pas absorb\u00e9s par l&rsquo;organisme via les glandes sudoripares.<\/li>\n<li>La pierre d&rsquo;alun naturelle inhibe la transpiration excessive sans bloquer les glandes.<\/li>\n<li>Le d\u00e9odorant roller homme peau sensible de Love Bio ne contient que des ingr\u00e9dients naturels doux qui apaisent les irritations et r\u00e9duisent les rougeurs.<\/li>\n<li>L&rsquo;hydrolat biologique de rose de Damas pr\u00e9vient la d\u00e9shydratation. L&rsquo;extrait d&rsquo;aloe vera apaise l&rsquo;inconfort des irritations et de l&rsquo;hypersensibilit\u00e9 des aisselles.<\/li>\n<li>L&rsquo;extrait biologique d&rsquo;orange am\u00e8re et d&rsquo;Alun min\u00e9ral r\u00e9duit les odeurs de transpiration et procure une fra\u00eecheur agr\u00e9able tout au long de la journ\u00e9e.<\/li>\n<\/ol>\n<p>Le d\u00e9o bio sans chlorure d&rsquo;aluminium, sans alcool \u00e9thylique et sans parfum aide \u00e0 r\u00e9duire la production excessive de sueur en r\u00e9gulant le fonctionnement des glandes sudoripares.<\/p>\n<p>En utilisant le d\u00e9o roll on \u00e0 l&rsquo;aloe vera, on apaise les irritations apr\u00e8s le rasage et on cr\u00e9e une fra\u00eecheur agr\u00e9able en toute s\u00e9curit\u00e9.<\/p>\n<h3>Comment utiliser le d\u00e9o bio sans chlorure d&rsquo;aluminium homme ?<\/h3>\n<p>Applique le d\u00e9o roll on pour homme sous les aisselles. Pour une fra\u00eecheur maximale de longue dur\u00e9e, il est recommand\u00e9 d&rsquo;appliquer le d\u00e9odorant roll-on sur les aisselles nettoy\u00e9es. Test\u00e9 dermatologiquement et adapt\u00e9 aux peaux sensibles.<\/p>\n<p>Ingr\u00e9dients (INCI) : Eau de fleur de Rosa Damascena*, eau de fleur de Citrus Aurantium Amara* (orange am\u00e8re), Alun, Decyl Glucoside, Lauryl Glucoside, Glyc\u00e9rine, Polyglyceryl-2 Dipolyhydroxystearate, extrait de feuille d&rsquo;Aloe Barbadensis*, gomme xanthane, d\u00e9shydroac\u00e9tate de sodium,<\/p>\n<p>fragrance (ar\u00f4me naturel), alcool benzylique, sorbate de potassium, benzoate de sodium.<\/p>\n<p>*Sourc\u00e9 \u00e0 partir de l&rsquo;agriculture biologique<br \/>\n**Composants naturels des huiles essentielles biologiques.<\/p>\n<p>Love Bio est produit en Italie de mani\u00e8re durable et \u00e9thique. Les mati\u00e8res premi\u00e8res utilis\u00e9es dans les produits de soin ne sont pas test\u00e9es sur les animaux.<\/p>\n","protected":false},"excerpt":{"rendered":"<p>Le d\u00e9o naturel sans chlorure d&rsquo;aluminium est id\u00e9al pour ceux qui ont les aisselles sensibles ou irrit\u00e9es. Il \u00e9limine les mauvaises bact\u00e9ries \u00e0 l&rsquo;origine des odeurs de transpiration et inhibe naturellement la production excessive de sueur.<\/p>\n<p>Fonctionnalit\u00e9s : Sans chlorure d&rsquo;aluminium, sans parfum, sans alcool \u00e9thylique, sans huiles min\u00e9rales, sans pegs, sans triclosan et sans parab\u00e8nes.<\/p>\n<p>Certificats : Icea Bio, Cosmos Organic<\/p>\n","protected":false},"featured_media":71915,"comment_status":"open","ping_status":"closed","template":"","meta":{"ocean_post_layout":"","ocean_both_sidebars_style":"","ocean_both_sidebars_content_width":0,"ocean_both_sidebars_sidebars_width":0,"ocean_sidebar":"0","ocean_second_sidebar":"0","ocean_disable_margins":"enable","ocean_add_body_class":"","ocean_shortcode_before_top_bar":"","ocean_shortcode_after_top_bar":"","ocean_shortcode_before_header":"","ocean_shortcode_after_header":"","ocean_has_shortcode":"","ocean_shortcode_after_title":"","ocean_shortcode_before_footer_widgets":"","ocean_shortcode_after_footer_widgets":"","ocean_shortcode_before_footer_bottom":"","ocean_shortcode_after_footer_bottom":"","ocean_display_top_bar":"default","ocean_display_header":"default","ocean_header_style":"","ocean_center_header_left_menu":"0","ocean_custom_header_template":"0","ocean_custom_logo":0,"ocean_custom_retina_logo":0,"ocean_custom_logo_max_width":0,"ocean_custom_logo_tablet_max_width":0,"ocean_custom_logo_mobile_max_width":0,"ocean_custom_logo_max_height":0,"ocean_custom_logo_tablet_max_height":0,"ocean_custom_logo_mobile_max_height":0,"ocean_header_custom_menu":"0","ocean_menu_typo_font_family":"0","ocean_menu_typo_font_subset":"","ocean_menu_typo_font_size":0,"ocean_menu_typo_font_size_tablet":0,"ocean_menu_typo_font_size_mobile":0,"ocean_menu_typo_font_size_unit":"px","ocean_menu_typo_font_weight":"","ocean_menu_typo_font_weight_tablet":"","ocean_menu_typo_font_weight_mobile":"","ocean_menu_typo_transform":"","ocean_menu_typo_transform_tablet":"","ocean_menu_typo_transform_mobile":"","ocean_menu_typo_line_height":0,"ocean_menu_typo_line_height_tablet":0,"ocean_menu_typo_line_height_mobile":0,"ocean_menu_typo_line_height_unit":"","ocean_menu_typo_spacing":0,"ocean_menu_typo_spacing_tablet":0,"ocean_menu_typo_spacing_mobile":0,"ocean_menu_typo_spacing_unit":"","ocean_menu_link_color":"","ocean_menu_link_color_hover":"","ocean_menu_link_color_active":"","ocean_menu_link_background":"","ocean_menu_link_hover_background":"","ocean_menu_link_active_background":"","ocean_menu_social_links_bg":"","ocean_menu_social_hover_links_bg":"","ocean_menu_social_links_color":"","ocean_menu_social_hover_links_color":"","ocean_disable_title":"default","ocean_disable_heading":"default","ocean_post_title":"","ocean_post_subheading":"","ocean_post_title_style":"","ocean_post_title_background_color":"","ocean_post_title_background":0,"ocean_post_title_bg_image_position":"","ocean_post_title_bg_image_attachment":"","ocean_post_title_bg_image_repeat":"","ocean_post_title_bg_image_size":"","ocean_post_title_height":0,"ocean_post_title_bg_overlay":0.5,"ocean_post_title_bg_overlay_color":"","ocean_disable_breadcrumbs":"default","ocean_breadcrumbs_color":"","ocean_breadcrumbs_separator_color":"","ocean_breadcrumbs_links_color":"","ocean_breadcrumbs_links_hover_color":"","ocean_display_footer_widgets":"default","ocean_display_footer_bottom":"default","ocean_custom_footer_template":"0"},"product_brand":[114],"product_cat":[54],"product_tag":[137,126,133,128,125],"class_list":{"0":"post-71927","1":"product","2":"type-product","3":"status-publish","4":"has-post-thumbnail","6":"product_brand-love-bio","7":"product_cat-deodorants","8":"product_tag-sans-colorants-synthetiques","9":"product_tag-sans-paraben","10":"product_tag-sansparfumsynthetique","11":"product_tag-sanssulfates","12":"product_tag-vegan","14":"entry","15":"has-media","17":"first","18":"instock","19":"taxable","20":"shipping-taxable","21":"purchasable","22":"product-type-simple","23":"has-rating","24":"col","25":"span_1_of_3","26":"owp-content-center","27":"owp-thumbs-layout-horizontal","28":"owp-btn-normal","29":"owp-tabs-layout-section","30":"has-no-thumbnails","31":"circle-sale"},"_links":{"self":[{"href":"https:\/\/www.biobey.be\/fr\/wp-json\/wp\/v2\/product\/71927","targetHints":{"allow":["GET"]}}],"collection":[{"href":"https:\/\/www.biobey.be\/fr\/wp-json\/wp\/v2\/product"}],"about":[{"href":"https:\/\/www.biobey.be\/fr\/wp-json\/wp\/v2\/types\/product"}],"replies":[{"embeddable":true,"href":"https:\/\/www.biobey.be\/fr\/wp-json\/wp\/v2\/comments?post=71927"}],"wp:featuredmedia":[{"embeddable":true,"href":"https:\/\/www.biobey.be\/fr\/wp-json\/wp\/v2\/media\/71915"}],"wp:attachment":[{"href":"https:\/\/www.biobey.be\/fr\/wp-json\/wp\/v2\/media?parent=71927"}],"wp:term":[{"taxonomy":"product_brand","embeddable":true,"href":"https:\/\/www.biobey.be\/fr\/wp-json\/wp\/v2\/product_brand?post=71927"},{"taxonomy":"product_cat","embeddable":true,"href":"https:\/\/www.biobey.be\/fr\/wp-json\/wp\/v2\/product_cat?post=71927"},{"taxonomy":"product_tag","embeddable":true,"href":"https:\/\/www.biobey.be\/fr\/wp-json\/wp\/v2\/product_tag?post=71927"}],"curies":[{"name":"wp","href":"https:\/\/api.w.org\/{rel}","templated":true}]}}