{"id":71939,"date":"2025-09-28T23:51:04","date_gmt":"2025-09-28T21:51:04","guid":{"rendered":"https:\/\/www.biobey.be\/fr\/?post_type=product&#038;p=71939"},"modified":"2025-09-29T00:06:52","modified_gmt":"2025-09-28T22:06:52","slug":"crayon-rouge-a-levres-ph-glow-malva-lepo","status":"publish","type":"product","link":"https:\/\/www.biobey.be\/fr\/produit\/crayon-rouge-a-levres-ph-glow-malva-lepo\/","title":{"rendered":"Crayon-rouge \u00e0 l\u00e8vres PH glow Malva Mycolor lips 09"},"content":{"rendered":"<p>Le crayon-rouge \u00e0 l\u00e8vres pH glow naturel de Lepo a une teinte Malva qui s&rsquo;adapte \u00e0 la couleur de tes l\u00e8vres. Gr\u00e2ce \u00e0 sa sensibilit\u00e9 au pH, il donne une couleur unique \u00e0 tes l\u00e8vres en fonction de leur pH. La formule douce du crayon-rouge \u00e0 l\u00e8vres vegan pH rend tes l\u00e8vres super douces.<\/p>\n<p>La pr\u00e9cision du crayon \u00e0 l\u00e8vres souligne les l\u00e8vres et leur donne plus de volume. Le crayon \u00e0 l\u00e8vres vegan pH glow est r\u00e9sistant \u00e0 l&rsquo;eau et test\u00e9 dermatologiquement. Le crayon \u00e0 l\u00e8vres teinte Malva a une teinte rouge fonc\u00e9 avec une nuance violette profonde.<\/p>\n<h2>Le crayon-rouge \u00e0 l\u00e8vres pH glow est-il bon pour les l\u00e8vres ?<\/h2>\n<p>Oui, le crayon-rouge \u00e0 l\u00e8vres pH glow de Lepo est bon pour les l\u00e8vres gr\u00e2ce \u00e0 ses propri\u00e9t\u00e9s hydratantes et protectrices. Il contient des huiles v\u00e9g\u00e9tales nourrissantes, de la vitamine E et du gamma-oryzanol. Le crayon-rouge \u00e0 l\u00e8vres pH rend les l\u00e8vres s\u00e8ches plus douces et aide \u00e0 pr\u00e9venir la d\u00e9shydratation.<\/p>\n<p>Les cires v\u00e9g\u00e9tales forment une couche protectrice saine sur les l\u00e8vres et leur contour. Les l\u00e8vres sont prot\u00e9g\u00e9es contre les agressions ext\u00e9rieures. Le gamma-oryzanol prot\u00e8ge la peau contre les dommages caus\u00e9s par le soleil et acc\u00e9l\u00e8re le renouvellement des cellules cutan\u00e9es. Il am\u00e9liore l&rsquo;\u00e9lasticit\u00e9 et hydrate les l\u00e8vres en profondeur.<\/p>\n<h3>Les effets multifonctionnels du crayon-rouge \u00e0 l\u00e8vres pH glow<\/h3>\n<p>Le crayon-rouge \u00e0 l\u00e8vres pH glow Mycolor Lips Malva souligne la forme des l\u00e8vres et les rend plus visibles de mani\u00e8re naturelle. Le crayon-rouge \u00e0 l\u00e8vres Lepo est parfait pour un look neutre sans maquillage ou pour un maquillage dramatique qui attire l&rsquo;attention.<\/p>\n<p>La teinte variable en fonction du pH cr\u00e9e un look unique qui convient parfaitement \u00e0 chaque personne. Sa formule nourrissante et hydratante rend les l\u00e8vres s\u00e8ches douces et soyeuses. Il prot\u00e8ge les l\u00e8vres contre les irritations et la d\u00e9shydratation.<\/p>\n<h3>Comment utiliser le crayon-rouge \u00e0 l\u00e8vres pH glow ?<\/h3>\n<p>Le crayon-rouge \u00e0 l\u00e8vres pH naturel glow de Lepo est parfait pour un usage quotidien et pour les l\u00e8vres normales, s\u00e8ches et sensibles. Environ 30 secondes apr\u00e8s l&rsquo;application, la teinte Malva change en fonction du pH des l\u00e8vres.<\/p>\n<p>Ingr\u00e9dients : (INCI) Huile de Cocos nucifera, st\u00e9arate d&rsquo;octyldod\u00e9cyl, huile v\u00e9g\u00e9tale hydrog\u00e9n\u00e9e, triglyc\u00e9rides en C10-18, cire de Copernicia cerifera, cire de Candelilla\/Euphorbia cerifera (Candelilla), diisost\u00e9arate de polyglyc\u00e9ryle-3, oryzanol, mica, caprylate de glyc\u00e9ryle, tocoph\u00e9rol, acide citrique, CI 77499, CI 45410<\/p>\n<p>Les crayons \u00e0 l\u00e8vres naturels Lepo MyColor sont vegan, naturels et adapt\u00e9s aux l\u00e8vres sensibles et s\u00e8ches. Lepo est un fabricant italien sp\u00e9cialis\u00e9 dans le maquillage et les soins naturels et min\u00e9raux.<\/p>\n","protected":false},"excerpt":{"rendered":"<p>Le crayon-rouge \u00e0 l\u00e8vres pH glow cr\u00e9e une superbe nuance malva unique en fonction du pH de tes l\u00e8vres. Ce crayon-rouge \u00e0 l\u00e8vres naturel au pH \u00e9quilibr\u00e9 tient longtemps et r\u00e9siste \u00e0 l&rsquo;eau. Sa formule hydratante rend les l\u00e8vres douces. Convient aux l\u00e8vres normales, s\u00e8ches et sensibles.<\/p>\n<p><strong>Certifications<\/strong> : Cosmos Organic, Icea Bio, Vegan, test\u00e9 dermatologiquement, sans m\u00e9taux lourds.<br \/>\nTeinte : teinte mauve (rose fonc\u00e9 avec une nuance violette) qui varie en fonction du pH de tes l\u00e8vres.<\/p>\n","protected":false},"featured_media":71935,"comment_status":"open","ping_status":"closed","template":"","meta":{"ocean_post_layout":"","ocean_both_sidebars_style":"","ocean_both_sidebars_content_width":0,"ocean_both_sidebars_sidebars_width":0,"ocean_sidebar":"0","ocean_second_sidebar":"0","ocean_disable_margins":"enable","ocean_add_body_class":"","ocean_shortcode_before_top_bar":"","ocean_shortcode_after_top_bar":"","ocean_shortcode_before_header":"","ocean_shortcode_after_header":"","ocean_has_shortcode":"","ocean_shortcode_after_title":"","ocean_shortcode_before_footer_widgets":"","ocean_shortcode_after_footer_widgets":"","ocean_shortcode_before_footer_bottom":"","ocean_shortcode_after_footer_bottom":"","ocean_display_top_bar":"default","ocean_display_header":"default","ocean_header_style":"","ocean_center_header_left_menu":"0","ocean_custom_header_template":"0","ocean_custom_logo":0,"ocean_custom_retina_logo":0,"ocean_custom_logo_max_width":0,"ocean_custom_logo_tablet_max_width":0,"ocean_custom_logo_mobile_max_width":0,"ocean_custom_logo_max_height":0,"ocean_custom_logo_tablet_max_height":0,"ocean_custom_logo_mobile_max_height":0,"ocean_header_custom_menu":"0","ocean_menu_typo_font_family":"0","ocean_menu_typo_font_subset":"","ocean_menu_typo_font_size":0,"ocean_menu_typo_font_size_tablet":0,"ocean_menu_typo_font_size_mobile":0,"ocean_menu_typo_font_size_unit":"px","ocean_menu_typo_font_weight":"","ocean_menu_typo_font_weight_tablet":"","ocean_menu_typo_font_weight_mobile":"","ocean_menu_typo_transform":"","ocean_menu_typo_transform_tablet":"","ocean_menu_typo_transform_mobile":"","ocean_menu_typo_line_height":0,"ocean_menu_typo_line_height_tablet":0,"ocean_menu_typo_line_height_mobile":0,"ocean_menu_typo_line_height_unit":"","ocean_menu_typo_spacing":0,"ocean_menu_typo_spacing_tablet":0,"ocean_menu_typo_spacing_mobile":0,"ocean_menu_typo_spacing_unit":"","ocean_menu_link_color":"","ocean_menu_link_color_hover":"","ocean_menu_link_color_active":"","ocean_menu_link_background":"","ocean_menu_link_hover_background":"","ocean_menu_link_active_background":"","ocean_menu_social_links_bg":"","ocean_menu_social_hover_links_bg":"","ocean_menu_social_links_color":"","ocean_menu_social_hover_links_color":"","ocean_disable_title":"default","ocean_disable_heading":"default","ocean_post_title":"","ocean_post_subheading":"","ocean_post_title_style":"","ocean_post_title_background_color":"","ocean_post_title_background":0,"ocean_post_title_bg_image_position":"","ocean_post_title_bg_image_attachment":"","ocean_post_title_bg_image_repeat":"","ocean_post_title_bg_image_size":"","ocean_post_title_height":0,"ocean_post_title_bg_overlay":0.5,"ocean_post_title_bg_overlay_color":"","ocean_disable_breadcrumbs":"default","ocean_breadcrumbs_color":"","ocean_breadcrumbs_separator_color":"","ocean_breadcrumbs_links_color":"","ocean_breadcrumbs_links_hover_color":"","ocean_display_footer_widgets":"default","ocean_display_footer_bottom":"default","ocean_custom_footer_template":"0"},"product_brand":[121],"product_cat":[55],"product_tag":[133,125],"class_list":{"0":"post-71939","1":"product","2":"type-product","3":"status-publish","4":"has-post-thumbnail","6":"product_brand-lepo-ecobio-cosmetica","7":"product_cat-maquillage","8":"product_tag-sansparfumsynthetique","9":"product_tag-vegan","11":"entry","12":"has-media","14":"first","15":"instock","16":"taxable","17":"shipping-taxable","18":"purchasable","19":"product-type-simple","20":"has-rating","21":"col","22":"span_1_of_3","23":"owp-content-center","24":"owp-thumbs-layout-horizontal","25":"owp-btn-normal","26":"owp-tabs-layout-section","27":"circle-sale"},"_links":{"self":[{"href":"https:\/\/www.biobey.be\/fr\/wp-json\/wp\/v2\/product\/71939","targetHints":{"allow":["GET"]}}],"collection":[{"href":"https:\/\/www.biobey.be\/fr\/wp-json\/wp\/v2\/product"}],"about":[{"href":"https:\/\/www.biobey.be\/fr\/wp-json\/wp\/v2\/types\/product"}],"replies":[{"embeddable":true,"href":"https:\/\/www.biobey.be\/fr\/wp-json\/wp\/v2\/comments?post=71939"}],"wp:featuredmedia":[{"embeddable":true,"href":"https:\/\/www.biobey.be\/fr\/wp-json\/wp\/v2\/media\/71935"}],"wp:attachment":[{"href":"https:\/\/www.biobey.be\/fr\/wp-json\/wp\/v2\/media?parent=71939"}],"wp:term":[{"taxonomy":"product_brand","embeddable":true,"href":"https:\/\/www.biobey.be\/fr\/wp-json\/wp\/v2\/product_brand?post=71939"},{"taxonomy":"product_cat","embeddable":true,"href":"https:\/\/www.biobey.be\/fr\/wp-json\/wp\/v2\/product_cat?post=71939"},{"taxonomy":"product_tag","embeddable":true,"href":"https:\/\/www.biobey.be\/fr\/wp-json\/wp\/v2\/product_tag?post=71939"}],"curies":[{"name":"wp","href":"https:\/\/api.w.org\/{rel}","templated":true}]}}