{"id":71944,"date":"2025-10-01T21:52:23","date_gmt":"2025-10-01T19:52:23","guid":{"rendered":"https:\/\/www.biobey.be\/fr\/?post_type=product&#038;p=71944"},"modified":"2026-03-21T14:01:19","modified_gmt":"2026-03-21T13:01:19","slug":"gel-douche-a-la-canneberge-naturel-bioeco","status":"publish","type":"product","link":"https:\/\/www.biobey.be\/fr\/produit\/gel-douche-a-la-canneberge-naturel-bioeco\/","title":{"rendered":"Gel douche \u00e0 la canneberge naturel &#8211; BioEco 250 ml"},"content":{"rendered":"<p>Le gel douche \u00e0 la canneberge et aux baies rouges naturelles nettoie la peau et procure une agr\u00e9able sensation de fra\u00eecheur. Sa formule riche en vitamines et min\u00e9raux \u00e9limine les r\u00e9sidus de salet\u00e9 et l&rsquo;exc\u00e8s de s\u00e9bum sans alt\u00e9rer la barri\u00e8re cutan\u00e9e.<\/p>\n<h2>Le gel douche \u00e0 la canneberge convient-il pour un nettoyage doux ?<\/h2>\n<p>Oui, sa composition 100 % naturelle et ses ingr\u00e9dients doux rendent le gel douche \u00e0 la canneberge particuli\u00e8rement adapt\u00e9 au nettoyage en douceur des peaux normales et s\u00e8ches. La glyc\u00e9rine v\u00e9g\u00e9tale combin\u00e9e \u00e0 l&rsquo;huile d&rsquo;amande douce biologique hydrate la peau s\u00e8che. L&rsquo;eau florale de th\u00e9 vert stimule la circulation sanguine et favorise l&rsquo;\u00e9limination des toxines.<\/p>\n<p>Les extraits de canneberge et d&rsquo;huile de p\u00e9pins de cassis ont des propri\u00e9t\u00e9s anti-inflammatoires et antibact\u00e9riennes. L&rsquo;eau florale de tilleul d&rsquo;hiver contenue dans le gel douche \u00e0 la canneberge unifie naturellement le teint. La texture douce de ce gel douche et bain naturel procure une agr\u00e9able sensation de fra\u00eecheur apr\u00e8s utilisation.<\/p>\n<h3>Actions et bienfaits des ingr\u00e9dients contenus dans le gel douche \u00e0 la canneberge<\/h3>\n<ul>\n<li>Glyc\u00e9rine : la glyc\u00e9rine v\u00e9g\u00e9tale adoucit la peau rugueuse.<\/li>\n<li>Eau de feuille de Camellia sinensis : l&rsquo;eau florale de th\u00e9 vert biologique a une fonction purifiante.<\/li>\n<li>Jus de fruit de Vaccinium Myrtillus : le jus de fruit de Vaccinium Myrtillus contient des anthocyanes et des flavono\u00efdes qui aident \u00e0 lutter contre le vieillissement pr\u00e9matur\u00e9 de la peau.<\/li>\n<li>Huile de graines de Ribes Nigrum : l&rsquo;huile de graines de cassis, riche en om\u00e9ga 6 (GLA) et om\u00e9ga 3 (SDA), poss\u00e8de des propri\u00e9t\u00e9s antibact\u00e9riennes et anti-inflammatoires.<\/li>\n<li>Extrait de fleur de Tilia Cordata : l&rsquo;extrait de fleur de tilleul d&rsquo;hiver aide \u00e0 \u00e9claircir la peau en rempla\u00e7ant les taches pigmentaires.<\/li>\n<li>Huile d&rsquo;amande douce : l&rsquo;huile d&rsquo;amande douce biologique hydrate et nourrit la peau s\u00e8che.<\/li>\n<li>Sodium Lauryl Glucose Carboxylate : tensioactif doux \u00e0 base de glucose d&rsquo;origine naturelle, comme l&rsquo;huile de coco.<\/li>\n<li>Tocoph\u00e9rol : la vitamine E est un puissant antioxydant qui prot\u00e8ge contre les effets n\u00e9fastes des radicaux libres.<\/li>\n<li>Lauryl Glucoside : tensioactif v\u00e9g\u00e9tal qui \u00e9limine en douceur les impuret\u00e9s et l&rsquo;exc\u00e8s de s\u00e9bum de la peau.<\/li>\n<li>Sodium Benzoate : le benzoate de sodium est un conservateur s\u00fbr utilis\u00e9 dans les aliments et les produits de soin. Il emp\u00eache la prolif\u00e9ration des moisissures et des mauvaises bact\u00e9ries dans les produits.<\/li>\n<\/ul>\n<p>100 % naturel, 50 % biologique.<\/p>\n<p>Ingr\u00e9dients (INCI) : Eau de feuille de Camellia sinensis* Aqua, Sodium Lauryl Glucose Carboxylate, Lauryl Glucoside, Cocamidopropyl Betaine, Huile d&rsquo;amande douce*, Glyc\u00e9rine,<br \/>\nHuile de graines de Ribes Nigrum*, Extrait de fleur de Tilia Cordata, Jus de fruit de Vaccinium Myrtillus*,<\/p>\n<p>huile de fruit d&rsquo;Olea Europaea*, tocoph\u00e9rol, alcool benzylique, acide d\u00e9hydroac\u00e9tique, extrait de Saccharum officinarum (canne \u00e0 sucre)*, sorbate de potassium, benzoate de sodium, acide citrique, fragrance (ar\u00f4me naturel)<\/p>\n<p>*Issu de l&rsquo;agriculture biologique<br \/>\nLa fragrance fait r\u00e9f\u00e9rence \u00e0 un ar\u00f4me naturel<\/p>\n<h3>Certificats du gel douche \u00e0 la canneberge:<\/h3>\n<p>Icea Bio &#8211; Cosmos Organic<br \/>\nIcea Vegan<br \/>\nTest\u00e9 dermatologiquement<br \/>\nConvient aux peaux sensibles<br \/>\nSans m\u00e9taux lourds<br \/>\nFabriqu\u00e9 en Italie et 100 % naturel<br \/>\n\u00c9cologique Pensez vert<br \/>\nPot et couvercle en plastique recycl\u00e9<br \/>\nEmballage en papier recycl\u00e9<\/p>\n","protected":false},"excerpt":{"rendered":"<p>Le gel douche \u00e0 la canneberge nettoie la peau en douceur. Sa formule 100 % naturelle \u00e0 base d&rsquo;extrait de baies, d&rsquo;huile d&rsquo;amande douce et de vitamine E \u00e9limine les impuret\u00e9s tout en prenant soin de la peau.<\/p>\n<p>Type de peau : Peau normale \u00e0 s\u00e8che<br \/>\nCertifications : Cosmos Organic, test\u00e9 dermatologiquement, vegan<br \/>\nContenance : 250 ml<\/p>\n","protected":false},"featured_media":71938,"comment_status":"open","ping_status":"closed","template":"","meta":{"ocean_post_layout":"","ocean_both_sidebars_style":"","ocean_both_sidebars_content_width":0,"ocean_both_sidebars_sidebars_width":0,"ocean_sidebar":"0","ocean_second_sidebar":"0","ocean_disable_margins":"enable","ocean_add_body_class":"","ocean_shortcode_before_top_bar":"","ocean_shortcode_after_top_bar":"","ocean_shortcode_before_header":"","ocean_shortcode_after_header":"","ocean_has_shortcode":"","ocean_shortcode_after_title":"","ocean_shortcode_before_footer_widgets":"","ocean_shortcode_after_footer_widgets":"","ocean_shortcode_before_footer_bottom":"","ocean_shortcode_after_footer_bottom":"","ocean_display_top_bar":"default","ocean_display_header":"default","ocean_header_style":"","ocean_center_header_left_menu":"0","ocean_custom_header_template":"0","ocean_custom_logo":0,"ocean_custom_retina_logo":0,"ocean_custom_logo_max_width":0,"ocean_custom_logo_tablet_max_width":0,"ocean_custom_logo_mobile_max_width":0,"ocean_custom_logo_max_height":0,"ocean_custom_logo_tablet_max_height":0,"ocean_custom_logo_mobile_max_height":0,"ocean_header_custom_menu":"0","ocean_menu_typo_font_family":"0","ocean_menu_typo_font_subset":"","ocean_menu_typo_font_size":0,"ocean_menu_typo_font_size_tablet":0,"ocean_menu_typo_font_size_mobile":0,"ocean_menu_typo_font_size_unit":"px","ocean_menu_typo_font_weight":"","ocean_menu_typo_font_weight_tablet":"","ocean_menu_typo_font_weight_mobile":"","ocean_menu_typo_transform":"","ocean_menu_typo_transform_tablet":"","ocean_menu_typo_transform_mobile":"","ocean_menu_typo_line_height":0,"ocean_menu_typo_line_height_tablet":0,"ocean_menu_typo_line_height_mobile":0,"ocean_menu_typo_line_height_unit":"","ocean_menu_typo_spacing":0,"ocean_menu_typo_spacing_tablet":0,"ocean_menu_typo_spacing_mobile":0,"ocean_menu_typo_spacing_unit":"","ocean_menu_link_color":"","ocean_menu_link_color_hover":"","ocean_menu_link_color_active":"","ocean_menu_link_background":"","ocean_menu_link_hover_background":"","ocean_menu_link_active_background":"","ocean_menu_social_links_bg":"","ocean_menu_social_hover_links_bg":"","ocean_menu_social_links_color":"","ocean_menu_social_hover_links_color":"","ocean_disable_title":"default","ocean_disable_heading":"default","ocean_post_title":"","ocean_post_subheading":"","ocean_post_title_style":"","ocean_post_title_background_color":"","ocean_post_title_background":0,"ocean_post_title_bg_image_position":"","ocean_post_title_bg_image_attachment":"","ocean_post_title_bg_image_repeat":"","ocean_post_title_bg_image_size":"","ocean_post_title_height":0,"ocean_post_title_bg_overlay":0.5,"ocean_post_title_bg_overlay_color":"","ocean_disable_breadcrumbs":"default","ocean_breadcrumbs_color":"","ocean_breadcrumbs_separator_color":"","ocean_breadcrumbs_links_color":"","ocean_breadcrumbs_links_hover_color":"","ocean_display_footer_widgets":"default","ocean_display_footer_bottom":"default","ocean_custom_footer_template":"0"},"product_brand":[243],"product_cat":[52],"product_tag":[133,125],"class_list":{"0":"post-71944","1":"product","2":"type-product","3":"status-publish","4":"has-post-thumbnail","6":"product_brand-bioeco","7":"product_cat-nettoyage-et-hygiene","8":"product_tag-sansparfumsynthetique","9":"product_tag-vegan","11":"entry","12":"has-media","14":"first","15":"instock","16":"taxable","17":"shipping-taxable","18":"purchasable","19":"product-type-simple","20":"has-rating","21":"col","22":"span_1_of_3","23":"owp-content-center","24":"owp-thumbs-layout-horizontal","25":"owp-btn-normal","26":"owp-tabs-layout-section","27":"has-no-thumbnails","28":"circle-sale"},"_links":{"self":[{"href":"https:\/\/www.biobey.be\/fr\/wp-json\/wp\/v2\/product\/71944","targetHints":{"allow":["GET"]}}],"collection":[{"href":"https:\/\/www.biobey.be\/fr\/wp-json\/wp\/v2\/product"}],"about":[{"href":"https:\/\/www.biobey.be\/fr\/wp-json\/wp\/v2\/types\/product"}],"replies":[{"embeddable":true,"href":"https:\/\/www.biobey.be\/fr\/wp-json\/wp\/v2\/comments?post=71944"}],"wp:featuredmedia":[{"embeddable":true,"href":"https:\/\/www.biobey.be\/fr\/wp-json\/wp\/v2\/media\/71938"}],"wp:attachment":[{"href":"https:\/\/www.biobey.be\/fr\/wp-json\/wp\/v2\/media?parent=71944"}],"wp:term":[{"taxonomy":"product_brand","embeddable":true,"href":"https:\/\/www.biobey.be\/fr\/wp-json\/wp\/v2\/product_brand?post=71944"},{"taxonomy":"product_cat","embeddable":true,"href":"https:\/\/www.biobey.be\/fr\/wp-json\/wp\/v2\/product_cat?post=71944"},{"taxonomy":"product_tag","embeddable":true,"href":"https:\/\/www.biobey.be\/fr\/wp-json\/wp\/v2\/product_tag?post=71944"}],"curies":[{"name":"wp","href":"https:\/\/api.w.org\/{rel}","templated":true}]}}