{"id":71951,"date":"2025-09-28T23:50:40","date_gmt":"2025-09-28T21:50:40","guid":{"rendered":"https:\/\/www.biobey.be\/fr\/?post_type=product&#038;p=71951"},"modified":"2025-09-29T00:06:50","modified_gmt":"2025-09-28T22:06:50","slug":"fond-de-teint-bio-impeccable-30-ml-medium","status":"publish","type":"product","link":"https:\/\/www.biobey.be\/fr\/produit\/fond-de-teint-bio-impeccable-30-ml-medium\/","title":{"rendered":"Fond de teint bio impeccable 30 ml m\u00e9dium fonc\u00e9 08"},"content":{"rendered":"<p>Le fond de teint bio impeccable naturel de Lepo a une texture l\u00e9g\u00e8re et une consistance fluide. Il cr\u00e9e ainsi une fine couche soyeuse sur la peau. Il estompe les rides, les ridules, les taches pigmentaires et les imperfections.<\/p>\n<p>Le fond de teint bio soyeux Lepo a un effet seconde peau qui unifie le teint tout en donnant un r\u00e9sultat tr\u00e8s naturel. Sans silicone, riche en antioxydants et en huiles v\u00e9g\u00e9tales, il nourrit et prot\u00e8ge la peau contre le stress oxydatif<\/p>\n<h2>Ce fond de teint bio impeccable convient-il aux peaux sensibles ?<\/h2>\n<p>Le fond de teint bio impeccable Lepo convient aux peaux sensibles gr\u00e2ce \u00e0 sa composition douce. Le fond de teint cr\u00e8me Lepo ne contient pas de substances irritantes telles que des colorants synth\u00e9tiques, des parfums synth\u00e9tiques, des PEG, des d\u00e9riv\u00e9s du p\u00e9trole, des parab\u00e8nes et des silicones.<\/p>\n<p>Sa formule naturelle \u00e0 base d&rsquo;huile d&rsquo;avocat, d&rsquo;huile de gen\u00e9vrier et de pigments min\u00e9raux nourrit et prend soin de la peau. Le fond de teint cr\u00e8me soyeux offre une couvrance satin\u00e9e et un \u00e9clat sans obstruer les pores ni accentuer les ridules.<\/p>\n<p>Le fond de teint bio impeccable a \u00e9t\u00e9 test\u00e9 dermatologiquement et convient \u00e0 un usage quotidien pour les personnes ayant la peau s\u00e8che et sensible.<\/p>\n<h3>Bienfaits des ingr\u00e9dients principaux du fond de teint bio impeccable ou Organic Flawless :<\/h3>\n<ol>\n<li>Eau florale de Centaurea cyanus : l&rsquo;eau florale de bleuet biologique apaise et adoucit les peaux irrit\u00e9es et sensibles.<\/li>\n<li>Persea gratissima : l&rsquo;huile d&rsquo;avocat a un effet nourrissant et anti-inflammatoire. Elle prot\u00e8ge la peau contre la d\u00e9shydratation et les irritations cutan\u00e9es.<\/li>\n<li>Huile de graines de Balanites Roxburghii : l&rsquo;huile de cumin noir favorise le processus de r\u00e9g\u00e9n\u00e9ration de la peau. Elle est utilis\u00e9e dans le traitement de l&rsquo;ecz\u00e9ma et du psoriasis. L&rsquo;huile de cumin noir hydrate en profondeur les couches de la peau. Elle assouplit et adoucit les peaux s\u00e8ches.<\/li>\n<li>Huile de Juniperus virginiana : l&rsquo;huile de gen\u00e9vrier a des propri\u00e9t\u00e9s astringentes qui aident \u00e0 resserrer les pores dilat\u00e9s et \u00e0 raffermir la peau.<\/li>\n<li>Huile de Pogostemon cablin : l&rsquo;huile de patchouli aide \u00e0 r\u00e9parer la peau gerc\u00e9e et am\u00e9liore la texture de la peau.<\/li>\n<li>Vitamine E : prot\u00e8ge la barri\u00e8re cutan\u00e9e contre les influences n\u00e9gatives de l&rsquo;environnement. Aide \u00e0 pr\u00e9venir les rides pr\u00e9matur\u00e9es.<\/li>\n<\/ol>\n<h3>Comment appliquer le fond de teint bio impeccable ?<\/h3>\n<p>Appliquez une petite quantit\u00e9 de fond de teint naturel flawless sur la peau et \u00e9talez-le sur l&rsquo;ensemble du visage et du cou. Le fond de teint Lepo peut \u00eatre appliqu\u00e9 par-dessus une cr\u00e8me de jour ou un s\u00e9rum. Il a \u00e9t\u00e9 test\u00e9 dermatologiquement et convient aux personnes ayant la peau sensible.<\/p>\n<p>Ingr\u00e9dients : (INCI) Eau florale de Centaurea cyanus*, C9-12 Alkane, Aqua, Polyglyceryl-2 Dipolyhydroxystearate, Undecane, Coco-Caprylate\/ Caprate, Trihydrosystearin, Tridecane, Polyglyceryl- 3Diisostearate, Magnesium Sulfate, Huile d&rsquo;avocat, sorbate de potassium, huile v\u00e9g\u00e9tale hydrog\u00e9n\u00e9e, l\u00e9vulinate de sodium,<\/p>\n<p>fragrance (ar\u00f4me naturel), alcool benzylique, benzoate de sodium, phytate de sodium, acide lactique, tocoph\u00e9rol, huile de graines de Balanites roxburghii*, alcool, vanilline, linalol, huile d&rsquo;\u00e9corce de Citrus aurantium, limon\u00e8ne, huile de Juniperus virginiana, huile de Pogostemon cablin<\/p>\n<p>*Ingr\u00e9dients issus de l&rsquo;agriculture biologique<br \/>\nLa fragrance fait r\u00e9f\u00e9rence \u00e0 l&rsquo;ar\u00f4me naturel<\/p>\n","protected":false},"excerpt":{"rendered":"<p>Le fond de teint bio impeccable m\u00e9dium fonc\u00e9 unifie le teint et estompe les rides. Sa texture l\u00e9g\u00e8re offre une couvrance soyeuse qui donne \u00e0 la peau un aspect \u00e9clatant et naturellement uniforme.<br \/>\n<strong>Caract\u00e9ristiques<\/strong> : formule naturelle adapt\u00e9e \u00e0 tous les types de peau, test\u00e9e dermatologiquement, sans m\u00e9taux lourds, certifi\u00e9e Cosmos Organic et Vegan.<br \/>\n<strong>Teint<\/strong> : m\u00e9dium fonc\u00e9 08<\/p>\n<p><strong>Texture<\/strong> : texture cr\u00e8me liquide l\u00e9g\u00e8re<\/p>\n","protected":false},"featured_media":71949,"comment_status":"open","ping_status":"closed","template":"","meta":{"ocean_post_layout":"","ocean_both_sidebars_style":"","ocean_both_sidebars_content_width":0,"ocean_both_sidebars_sidebars_width":0,"ocean_sidebar":"0","ocean_second_sidebar":"0","ocean_disable_margins":"enable","ocean_add_body_class":"","ocean_shortcode_before_top_bar":"","ocean_shortcode_after_top_bar":"","ocean_shortcode_before_header":"","ocean_shortcode_after_header":"","ocean_has_shortcode":"","ocean_shortcode_after_title":"","ocean_shortcode_before_footer_widgets":"","ocean_shortcode_after_footer_widgets":"","ocean_shortcode_before_footer_bottom":"","ocean_shortcode_after_footer_bottom":"","ocean_display_top_bar":"default","ocean_display_header":"default","ocean_header_style":"","ocean_center_header_left_menu":"0","ocean_custom_header_template":"0","ocean_custom_logo":0,"ocean_custom_retina_logo":0,"ocean_custom_logo_max_width":0,"ocean_custom_logo_tablet_max_width":0,"ocean_custom_logo_mobile_max_width":0,"ocean_custom_logo_max_height":0,"ocean_custom_logo_tablet_max_height":0,"ocean_custom_logo_mobile_max_height":0,"ocean_header_custom_menu":"0","ocean_menu_typo_font_family":"0","ocean_menu_typo_font_subset":"","ocean_menu_typo_font_size":0,"ocean_menu_typo_font_size_tablet":0,"ocean_menu_typo_font_size_mobile":0,"ocean_menu_typo_font_size_unit":"px","ocean_menu_typo_font_weight":"","ocean_menu_typo_font_weight_tablet":"","ocean_menu_typo_font_weight_mobile":"","ocean_menu_typo_transform":"","ocean_menu_typo_transform_tablet":"","ocean_menu_typo_transform_mobile":"","ocean_menu_typo_line_height":0,"ocean_menu_typo_line_height_tablet":0,"ocean_menu_typo_line_height_mobile":0,"ocean_menu_typo_line_height_unit":"","ocean_menu_typo_spacing":0,"ocean_menu_typo_spacing_tablet":0,"ocean_menu_typo_spacing_mobile":0,"ocean_menu_typo_spacing_unit":"","ocean_menu_link_color":"","ocean_menu_link_color_hover":"","ocean_menu_link_color_active":"","ocean_menu_link_background":"","ocean_menu_link_hover_background":"","ocean_menu_link_active_background":"","ocean_menu_social_links_bg":"","ocean_menu_social_hover_links_bg":"","ocean_menu_social_links_color":"","ocean_menu_social_hover_links_color":"","ocean_disable_title":"default","ocean_disable_heading":"default","ocean_post_title":"","ocean_post_subheading":"","ocean_post_title_style":"","ocean_post_title_background_color":"","ocean_post_title_background":0,"ocean_post_title_bg_image_position":"","ocean_post_title_bg_image_attachment":"","ocean_post_title_bg_image_repeat":"","ocean_post_title_bg_image_size":"","ocean_post_title_height":0,"ocean_post_title_bg_overlay":0.5,"ocean_post_title_bg_overlay_color":"","ocean_disable_breadcrumbs":"default","ocean_breadcrumbs_color":"","ocean_breadcrumbs_separator_color":"","ocean_breadcrumbs_links_color":"","ocean_breadcrumbs_links_hover_color":"","ocean_display_footer_widgets":"default","ocean_display_footer_bottom":"default","ocean_custom_footer_template":"0"},"product_brand":[121],"product_cat":[55],"product_tag":[133,127,125],"class_list":{"0":"post-71951","1":"product","2":"type-product","3":"status-publish","4":"has-post-thumbnail","6":"product_brand-lepo-ecobio-cosmetica","7":"product_cat-maquillage","8":"product_tag-sansparfumsynthetique","9":"product_tag-sans-silicone","10":"product_tag-vegan","12":"entry","13":"has-media","15":"first","16":"instock","17":"taxable","18":"shipping-taxable","19":"purchasable","20":"product-type-simple","21":"has-rating","22":"col","23":"span_1_of_3","24":"owp-content-center","25":"owp-thumbs-layout-horizontal","26":"owp-btn-normal","27":"owp-tabs-layout-section","28":"has-no-thumbnails","29":"circle-sale"},"_links":{"self":[{"href":"https:\/\/www.biobey.be\/fr\/wp-json\/wp\/v2\/product\/71951","targetHints":{"allow":["GET"]}}],"collection":[{"href":"https:\/\/www.biobey.be\/fr\/wp-json\/wp\/v2\/product"}],"about":[{"href":"https:\/\/www.biobey.be\/fr\/wp-json\/wp\/v2\/types\/product"}],"replies":[{"embeddable":true,"href":"https:\/\/www.biobey.be\/fr\/wp-json\/wp\/v2\/comments?post=71951"}],"wp:featuredmedia":[{"embeddable":true,"href":"https:\/\/www.biobey.be\/fr\/wp-json\/wp\/v2\/media\/71949"}],"wp:attachment":[{"href":"https:\/\/www.biobey.be\/fr\/wp-json\/wp\/v2\/media?parent=71951"}],"wp:term":[{"taxonomy":"product_brand","embeddable":true,"href":"https:\/\/www.biobey.be\/fr\/wp-json\/wp\/v2\/product_brand?post=71951"},{"taxonomy":"product_cat","embeddable":true,"href":"https:\/\/www.biobey.be\/fr\/wp-json\/wp\/v2\/product_cat?post=71951"},{"taxonomy":"product_tag","embeddable":true,"href":"https:\/\/www.biobey.be\/fr\/wp-json\/wp\/v2\/product_tag?post=71951"}],"curies":[{"name":"wp","href":"https:\/\/api.w.org\/{rel}","templated":true}]}}