{"id":71952,"date":"2025-10-17T14:00:45","date_gmt":"2025-10-17T12:00:45","guid":{"rendered":"https:\/\/www.biobey.be\/fr\/?post_type=product&#038;p=71952"},"modified":"2026-01-31T21:59:48","modified_gmt":"2026-01-31T20:59:48","slug":"huile-de-rose-bio-pour-le-corps-argital","status":"publish","type":"product","link":"https:\/\/www.biobey.be\/fr\/produit\/huile-de-rose-bio-pour-le-corps-argital\/","title":{"rendered":"Huile de rose bio pour le corps Argital 125 ml"},"content":{"rendered":"<p>L&rsquo;huile de rose bio pour le corps d&rsquo;Argital nourrit et prot\u00e8ge la peau. La synergie entre l&rsquo;huile v\u00e9g\u00e9tale biologique et les huiles essentielles biologiques rend la peau velout\u00e9e et plus \u00e9lastique.<\/p>\n<p>L&rsquo;huile de rose 100 % naturelle pour le corps est id\u00e9ale pour les soins quotidiens, les massages corporels et le traitement des peaux s\u00e8ches, d\u00e9shydrat\u00e9es et ayant perdu leur \u00e9lasticit\u00e9. Une utilisation r\u00e9guli\u00e8re de l&rsquo;huile de rose pour le corps rend la peau velout\u00e9e et lui donne un aspect plus ferme.<\/p>\n<h2>Quels sont les bienfaits de l&rsquo;huile de rose bio pour le corps ? Huile de rose pour le corps : action et bienfaits<\/h2>\n<p>L&rsquo;huile de rose naturelle pour le corps Argital nourrit la peau, stimule le renouvellement cellulaire et aide \u00e0 renforcer la barri\u00e8re cutan\u00e9e. Cette huile de rose pour le corps prot\u00e8ge ainsi la peau contre la d\u00e9shydratation. Les vitamines C et E aident \u00e0 neutraliser les effets n\u00e9fastes des radicaux libres.<\/p>\n<p>Argital huile de rose pour le corps \u00e9quilibre la production de s\u00e9bum et pr\u00e9vient les irritations et les rougeurs cutan\u00e9es. La combinaisom d&rsquo;huile de germe de bl\u00e9 biologique, d&rsquo;huile d&rsquo;olive press\u00e9e \u00e0 froid et de lavande r\u00e9pare la peau s\u00e8che ou d\u00e9shydrat\u00e9e et pr\u00e9vient les inflammations.<\/p>\n<p>L&rsquo;huile de germe de bl\u00e9 renforce les propri\u00e9t\u00e9s raffermissantes de cette huile de rose biologique.<\/p>\n<h3>Quels sont les bienfaits des ingr\u00e9dients contenus dans l&rsquo;huile de rose bio pour le corps ?<\/h3>\n<ol>\n<li>Huile de fruit Olea Europaea : l&rsquo;huile d&rsquo;olive press\u00e9e \u00e0 froid est riche en acides gras monoinsatur\u00e9s et en antioxydants. Gr\u00e2ce \u00e0 ses propri\u00e9t\u00e9s hydratantes, l&rsquo;huile d&rsquo;olive press\u00e9e \u00e0 froid est utilis\u00e9e pour soigner la peau et les cheveux secs.<\/li>\n<li>Prunus Amygdalus Dulcis (huile d&rsquo;amande douce) : l&rsquo;huile d&rsquo;amande douce a une consistance fine qui lui permet d&rsquo;\u00eatre facilement absorb\u00e9e par la peau. Elle adoucit la peau et favorise une meilleure absorption des vitamines par l&rsquo;organisme.<\/li>\n<li>Triticum Vulgare Germ Oil : l&rsquo;huile de germe de bl\u00e9, riche en vitamine E, prot\u00e8ge la peau contre le vieillissement cutan\u00e9 et ralentit la d\u00e9gradation du collag\u00e8ne. Cette huile anti-inflammatoire aide \u00e0 traiter la peau s\u00e8che pr\u00e9sentant des sympt\u00f4mes atopiques.<\/li>\n<li>Huile de fleur de Rosa Centifolia : l&rsquo;huile de rose biologique, riche en vitamines C et E, nourrit la peau d\u00e9shydrat\u00e9e et stimule le renouvellement cellulaire.<\/li>\n<li>Huile de Lavandula Angustifolia : l&rsquo;huile de lavande biologique poss\u00e8de des propri\u00e9t\u00e9s antiseptiques, apaisantes et anti-inflammatoires.<\/li>\n<\/ol>\n<h3>Comment utiliser l&rsquo;huile de rose bio pour le corps ?<\/h3>\n<p>Appliquez l&rsquo;huile de rose bio pour le corps sur la paume de votre main et r\u00e9chauffez-la en la frottant dans la paume de votre main. Massez ensuite l&rsquo;huile de rose sur le corps en effectuant de petits mouvements circulaires jusqu&rsquo;\u00e0 ce qu&rsquo;elle soit bien absorb\u00e9e par la peau. Convient \u00e0 tous les types de peau.<\/p>\n<p>Ingr\u00e9dients (INCI) : Olea Europea Fruit Oil, Prunus Amygdalus Dulcis Oil, Triticum Vulgare Germ Oil, Rosa Centifolia Flower Oil*, Lavandula Angustifolia Oil*<br \/>\n*Ingr\u00e9dients issus de l&rsquo;agriculture biologique<\/p>\n<p>L&rsquo;huile de rose 100 % naturelle pour le corps est produite en Italie par Argital Cosmetici. <strong>Ce fabricant italien est sp\u00e9cialis\u00e9 dans la productin de produits de soin durables et biologiques depuis plus de 47 ans.<\/strong> Tous les produits Argital sont certifi\u00e9s par les organismes internationaux les plus stricts, tels que BIDH, Cosmos Organic, Demeter, Ecocontrol, etc.<\/p>\n","protected":false},"excerpt":{"rendered":"<p>L&rsquo;huile de rose bio pour le corps Argital prot\u00e8ge, nourrit et lisse la peau. Cette huile pour le corps \u00e0 base d&rsquo;huile de rose biologique est 100 % naturelle, vegan et test\u00e9e dermatologiquement. Elle poss\u00e8de des propri\u00e9t\u00e9s \u00e9quilibrantes, protectrices et r\u00e9g\u00e9n\u00e9rantes.<\/p>\n<p><strong>Certificats<\/strong> : BDIH, Cosmos Organic, Icea Bio, Vegan Ok, Ecocontrol, test\u00e9e dermatologiquement<\/p>\n","protected":false},"featured_media":71948,"comment_status":"open","ping_status":"closed","template":"","meta":{"ocean_post_layout":"","ocean_both_sidebars_style":"","ocean_both_sidebars_content_width":0,"ocean_both_sidebars_sidebars_width":0,"ocean_sidebar":"0","ocean_second_sidebar":"0","ocean_disable_margins":"enable","ocean_add_body_class":"","ocean_shortcode_before_top_bar":"","ocean_shortcode_after_top_bar":"","ocean_shortcode_before_header":"","ocean_shortcode_after_header":"","ocean_has_shortcode":"","ocean_shortcode_after_title":"","ocean_shortcode_before_footer_widgets":"","ocean_shortcode_after_footer_widgets":"","ocean_shortcode_before_footer_bottom":"","ocean_shortcode_after_footer_bottom":"","ocean_display_top_bar":"default","ocean_display_header":"default","ocean_header_style":"","ocean_center_header_left_menu":"0","ocean_custom_header_template":"0","ocean_custom_logo":0,"ocean_custom_retina_logo":0,"ocean_custom_logo_max_width":0,"ocean_custom_logo_tablet_max_width":0,"ocean_custom_logo_mobile_max_width":0,"ocean_custom_logo_max_height":0,"ocean_custom_logo_tablet_max_height":0,"ocean_custom_logo_mobile_max_height":0,"ocean_header_custom_menu":"0","ocean_menu_typo_font_family":"0","ocean_menu_typo_font_subset":"","ocean_menu_typo_font_size":0,"ocean_menu_typo_font_size_tablet":0,"ocean_menu_typo_font_size_mobile":0,"ocean_menu_typo_font_size_unit":"px","ocean_menu_typo_font_weight":"","ocean_menu_typo_font_weight_tablet":"","ocean_menu_typo_font_weight_mobile":"","ocean_menu_typo_transform":"","ocean_menu_typo_transform_tablet":"","ocean_menu_typo_transform_mobile":"","ocean_menu_typo_line_height":0,"ocean_menu_typo_line_height_tablet":0,"ocean_menu_typo_line_height_mobile":0,"ocean_menu_typo_line_height_unit":"","ocean_menu_typo_spacing":0,"ocean_menu_typo_spacing_tablet":0,"ocean_menu_typo_spacing_mobile":0,"ocean_menu_typo_spacing_unit":"","ocean_menu_link_color":"","ocean_menu_link_color_hover":"","ocean_menu_link_color_active":"","ocean_menu_link_background":"","ocean_menu_link_hover_background":"","ocean_menu_link_active_background":"","ocean_menu_social_links_bg":"","ocean_menu_social_hover_links_bg":"","ocean_menu_social_links_color":"","ocean_menu_social_hover_links_color":"","ocean_disable_title":"default","ocean_disable_heading":"default","ocean_post_title":"","ocean_post_subheading":"","ocean_post_title_style":"","ocean_post_title_background_color":"","ocean_post_title_background":0,"ocean_post_title_bg_image_position":"","ocean_post_title_bg_image_attachment":"","ocean_post_title_bg_image_repeat":"","ocean_post_title_bg_image_size":"","ocean_post_title_height":0,"ocean_post_title_bg_overlay":0.5,"ocean_post_title_bg_overlay_color":"","ocean_disable_breadcrumbs":"default","ocean_breadcrumbs_color":"","ocean_breadcrumbs_separator_color":"","ocean_breadcrumbs_links_color":"","ocean_breadcrumbs_links_hover_color":"","ocean_display_footer_widgets":"default","ocean_display_footer_bottom":"default","ocean_custom_footer_template":"0"},"product_brand":[102],"product_cat":[53,51],"product_tag":[126,133,127],"class_list":{"0":"post-71952","1":"product","2":"type-product","3":"status-publish","4":"has-post-thumbnail","6":"product_brand-argital","7":"product_cat-corps-peau","8":"product_cat-soins-du-corps","9":"product_tag-sans-paraben","10":"product_tag-sansparfumsynthetique","11":"product_tag-sans-silicone","13":"entry","14":"has-media","16":"first","17":"instock","18":"taxable","19":"shipping-taxable","20":"purchasable","21":"product-type-simple","22":"has-rating","23":"col","24":"span_1_of_3","25":"owp-content-center","26":"owp-thumbs-layout-horizontal","27":"owp-btn-normal","28":"owp-tabs-layout-section","29":"has-no-thumbnails","30":"circle-sale"},"_links":{"self":[{"href":"https:\/\/www.biobey.be\/fr\/wp-json\/wp\/v2\/product\/71952","targetHints":{"allow":["GET"]}}],"collection":[{"href":"https:\/\/www.biobey.be\/fr\/wp-json\/wp\/v2\/product"}],"about":[{"href":"https:\/\/www.biobey.be\/fr\/wp-json\/wp\/v2\/types\/product"}],"replies":[{"embeddable":true,"href":"https:\/\/www.biobey.be\/fr\/wp-json\/wp\/v2\/comments?post=71952"}],"wp:featuredmedia":[{"embeddable":true,"href":"https:\/\/www.biobey.be\/fr\/wp-json\/wp\/v2\/media\/71948"}],"wp:attachment":[{"href":"https:\/\/www.biobey.be\/fr\/wp-json\/wp\/v2\/media?parent=71952"}],"wp:term":[{"taxonomy":"product_brand","embeddable":true,"href":"https:\/\/www.biobey.be\/fr\/wp-json\/wp\/v2\/product_brand?post=71952"},{"taxonomy":"product_cat","embeddable":true,"href":"https:\/\/www.biobey.be\/fr\/wp-json\/wp\/v2\/product_cat?post=71952"},{"taxonomy":"product_tag","embeddable":true,"href":"https:\/\/www.biobey.be\/fr\/wp-json\/wp\/v2\/product_tag?post=71952"}],"curies":[{"name":"wp","href":"https:\/\/api.w.org\/{rel}","templated":true}]}}