{"id":71966,"date":"2025-10-15T21:02:54","date_gmt":"2025-10-15T19:02:54","guid":{"rendered":"https:\/\/www.biobey.be\/fr\/?post_type=product&#038;p=71966"},"modified":"2025-10-15T21:20:38","modified_gmt":"2025-10-15T19:20:38","slug":"serum-teinte-naturel-leger-fond-de-teint","status":"publish","type":"product","link":"https:\/\/www.biobey.be\/fr\/produit\/serum-teinte-naturel-leger-fond-de-teint\/","title":{"rendered":"S\u00e9rum teint\u00e9 naturel l\u00e9ger &#8211;  fond de teint 30 ml Medium fonc\u00e9"},"content":{"rendered":"<p>Le s\u00e9rum teint\u00e9 naturel l\u00e9ger Lepo unifie le teint et aide \u00e0 r\u00e9duire les ridules. La formule 100 % naturelle du s\u00e9rum teint\u00e9 est une combinaison d&rsquo;un s\u00e9rum anti-rides et d&rsquo;un fond de teint l\u00e9ger.<\/p>\n<p>Ce s\u00e9rum nourrit, adoucit et r\u00e9g\u00e9n\u00e8re la peau. Les pigments min\u00e9raux contenus dans le s\u00e9rum unifient le teint en camouflant les imperfections.<\/p>\n<h2>Quels sont les avantages d&rsquo;un s\u00e9rum teint\u00e9 naturel l\u00e9ger ?<\/h2>\n<ol>\n<li>Le s\u00e9rum teint\u00e9 naturel l\u00e9ger naturel Lepo est un produit multifonctionnel.<\/li>\n<li>Le s\u00e9rum teint\u00e9 nourrit la peau en vitamines, estompe les ridules et stimule le renouvellement des cellules cutan\u00e9es.<\/li>\n<li>Sa texture l\u00e9g\u00e8re offre une couvrance naturelle et uniforme qui n&rsquo;obstrue pas les pores. Le s\u00e9rum est donc id\u00e9al pour camoufler les rides.<\/li>\n<li>Les huiles biologiques d&rsquo;amande douce et de jojoba, riches en vitamine E, hydratent la couche sup\u00e9rieure de la peau tout en nourrissant les couches plus profondes. Cela renforce la barri\u00e8re cutan\u00e9e et prot\u00e8ge contre le stress oxydatif.<\/li>\n<li>Les pigments min\u00e9raux donnent \u00e0 la peau un teint naturel et estompent les taches brunes et les imperfections.<\/li>\n<li>L&rsquo;huile de datte biologique et l&rsquo;huile de germe de bl\u00e9 ont des propri\u00e9t\u00e9s r\u00e9g\u00e9n\u00e9ratrices scientifiquement prouv\u00e9es.<\/li>\n<li>L&rsquo;huile de germe de bl\u00e9, riche en vitamines A, D et en complexe de vitamines B, ralentit le vieillissement cutan\u00e9 et prot\u00e8ge la peau contre les influences n\u00e9gatives de l&rsquo;environnement.<\/li>\n<li>L&rsquo;huile de datte biologique stimule la production de collag\u00e8ne et hydrate la peau en profondeur.<\/li>\n<\/ol>\n<h3>Comment appliquer le s\u00e9rum fond de teint naturel anti-rides ?<\/h3>\n<p>Bien agiter avant utilisation. \u00c0 l&rsquo;aide de la pipette, appliquez quelques gouttes de s\u00e9rum teint\u00e9 sur la peau. Massez ensuite doucement la peau. \u00c9talez le s\u00e9rum teint\u00e9 naturel l\u00e9ger Lepo sur le visage et le cou pour obtenir un teint uniforme. Il peut \u00e9galement \u00eatre utilis\u00e9 par-dessus une cr\u00e8me de jour ou un s\u00e9rum.<\/p>\n<p>Convient aux personnes ayant la peau sensible, test\u00e9 dermatologiquement.<\/p>\n<p>Ingr\u00e9dients (INCI) : huile d&rsquo;amande douce*, huile de graines de jojoba*, huile de graines de Macadamia ternifolia*, und\u00e9cane, \u00e9ther dicaprylylique, trid\u00e9cane, coco-caprylate, amidon de riz*, silice, alcool biologique**, kaolin, mica, huile de ricin hydrog\u00e9n\u00e9e, amidon de Triticum vulgare (bl\u00e9)*, huile de graines de Balanites roxburghii*, hydroxyde d&rsquo;aluminium,<\/p>\n<p>vitamine E, glutamate de sodium mauroy, lysine, huile de graines de Helianthus annuus, chlorure de magn\u00e9sium, dioxyde de titane, oxydes de fer, CI 77491\/oxydes de fer, CI 77499\/oxydes de fer.<\/p>\n<p>*ingr\u00e9dients issus de l&rsquo;agriculture biologique<br \/>\n**ingr\u00e9dient produit \u00e0 partir d&rsquo;ingr\u00e9dients biologiques<br \/>\nTEST\u00c9 AU NICKEL &lt;0,0001 %<\/p>\n<p>Le fond de teint s\u00e9rum teint\u00e9 naturel Lepo est 100 % naturel, v\u00e9g\u00e9talien, test\u00e9 dermatologiquement et convient aux personnes ayant la peau sensible.<\/p>\n<p>Sa formule naturelle est sans parfum, sans conservateurs, sans colorants synth\u00e9tiques, sans perturbateurs endocriniens, sans PEG, sans huiles min\u00e9rales, sans parab\u00e8nes, sans microplastiques et sans autres substances irritantes.<\/p>\n<p>Les emballages en carton Lepo sont fabriqu\u00e9s \u00e0 partir de diff\u00e9rents types de fibres provenant de for\u00eats certifi\u00e9es FSC\u00ae et de p\u00e2te \u00e0 papier recycl\u00e9e. Ils sont produits dans une usine de papier certifi\u00e9e B Corp qui utilise un processus de production durable.<\/p>\n","protected":false},"excerpt":{"rendered":"<p>Le S\u00e9rum teint\u00e9 naturel l\u00e9ger medium fonc\u00e9 camoufle les imperfections tout en r\u00e9g\u00e9n\u00e9rant la peau. Ce s\u00e9rum riche en vitamines hydrate la peau et contribue \u00e0 stimuler la production de collag\u00e8ne. De plus, sa texture fluide et douce offre une couvrance velout\u00e9e qui n&rsquo;obstrue pas les pores.<br \/>\nCertifications : Cosmos Organic, Icea Bio, Vegan, test\u00e9 dermatologiquement, sans parfum, sans m\u00e9taux lourds.<br \/>\nIngr\u00e9dients actifs : huiles biologiques de datte, de germe de bl\u00e9, de jojoba, de macadamia et pigments min\u00e9raux<\/p>\n<p><strong>Type de peau<\/strong> : peau s\u00e8che avec ridules, peau normale \u00e0 s\u00e8che, peau sensible<br \/>\nTexture : texture fluide &#8211; l\u00e9g\u00e8re &#8211; sensation de l\u00e9g\u00e8ret\u00e9 sur la peau<br \/>\nTeint : caramel ou m\u00e9dium fonc\u00e9<\/p>\n","protected":false},"featured_media":71963,"comment_status":"open","ping_status":"closed","template":"","meta":{"ocean_post_layout":"","ocean_both_sidebars_style":"","ocean_both_sidebars_content_width":0,"ocean_both_sidebars_sidebars_width":0,"ocean_sidebar":"0","ocean_second_sidebar":"0","ocean_disable_margins":"enable","ocean_add_body_class":"","ocean_shortcode_before_top_bar":"","ocean_shortcode_after_top_bar":"","ocean_shortcode_before_header":"","ocean_shortcode_after_header":"","ocean_has_shortcode":"","ocean_shortcode_after_title":"","ocean_shortcode_before_footer_widgets":"","ocean_shortcode_after_footer_widgets":"","ocean_shortcode_before_footer_bottom":"","ocean_shortcode_after_footer_bottom":"","ocean_display_top_bar":"default","ocean_display_header":"default","ocean_header_style":"","ocean_center_header_left_menu":"0","ocean_custom_header_template":"0","ocean_custom_logo":0,"ocean_custom_retina_logo":0,"ocean_custom_logo_max_width":0,"ocean_custom_logo_tablet_max_width":0,"ocean_custom_logo_mobile_max_width":0,"ocean_custom_logo_max_height":0,"ocean_custom_logo_tablet_max_height":0,"ocean_custom_logo_mobile_max_height":0,"ocean_header_custom_menu":"0","ocean_menu_typo_font_family":"0","ocean_menu_typo_font_subset":"","ocean_menu_typo_font_size":0,"ocean_menu_typo_font_size_tablet":0,"ocean_menu_typo_font_size_mobile":0,"ocean_menu_typo_font_size_unit":"px","ocean_menu_typo_font_weight":"","ocean_menu_typo_font_weight_tablet":"","ocean_menu_typo_font_weight_mobile":"","ocean_menu_typo_transform":"","ocean_menu_typo_transform_tablet":"","ocean_menu_typo_transform_mobile":"","ocean_menu_typo_line_height":0,"ocean_menu_typo_line_height_tablet":0,"ocean_menu_typo_line_height_mobile":0,"ocean_menu_typo_line_height_unit":"","ocean_menu_typo_spacing":0,"ocean_menu_typo_spacing_tablet":0,"ocean_menu_typo_spacing_mobile":0,"ocean_menu_typo_spacing_unit":"","ocean_menu_link_color":"","ocean_menu_link_color_hover":"","ocean_menu_link_color_active":"","ocean_menu_link_background":"","ocean_menu_link_hover_background":"","ocean_menu_link_active_background":"","ocean_menu_social_links_bg":"","ocean_menu_social_hover_links_bg":"","ocean_menu_social_links_color":"","ocean_menu_social_hover_links_color":"","ocean_disable_title":"default","ocean_disable_heading":"default","ocean_post_title":"","ocean_post_subheading":"","ocean_post_title_style":"","ocean_post_title_background_color":"","ocean_post_title_background":0,"ocean_post_title_bg_image_position":"","ocean_post_title_bg_image_attachment":"","ocean_post_title_bg_image_repeat":"","ocean_post_title_bg_image_size":"","ocean_post_title_height":0,"ocean_post_title_bg_overlay":0.5,"ocean_post_title_bg_overlay_color":"","ocean_disable_breadcrumbs":"default","ocean_breadcrumbs_color":"","ocean_breadcrumbs_separator_color":"","ocean_breadcrumbs_links_color":"","ocean_breadcrumbs_links_hover_color":"","ocean_display_footer_widgets":"default","ocean_display_footer_bottom":"default","ocean_custom_footer_template":"0"},"product_brand":[121],"product_cat":[55],"product_tag":[133,127,125],"class_list":{"0":"post-71966","1":"product","2":"type-product","3":"status-publish","4":"has-post-thumbnail","6":"product_brand-lepo-ecobio-cosmetica","7":"product_cat-maquillage","8":"product_tag-sansparfumsynthetique","9":"product_tag-sans-silicone","10":"product_tag-vegan","12":"entry","13":"has-media","15":"first","16":"instock","17":"taxable","18":"shipping-taxable","19":"purchasable","20":"product-type-simple","21":"has-rating","22":"col","23":"span_1_of_3","24":"owp-content-center","25":"owp-thumbs-layout-horizontal","26":"owp-btn-normal","27":"owp-tabs-layout-section","28":"has-no-thumbnails","29":"circle-sale"},"_links":{"self":[{"href":"https:\/\/www.biobey.be\/fr\/wp-json\/wp\/v2\/product\/71966","targetHints":{"allow":["GET"]}}],"collection":[{"href":"https:\/\/www.biobey.be\/fr\/wp-json\/wp\/v2\/product"}],"about":[{"href":"https:\/\/www.biobey.be\/fr\/wp-json\/wp\/v2\/types\/product"}],"replies":[{"embeddable":true,"href":"https:\/\/www.biobey.be\/fr\/wp-json\/wp\/v2\/comments?post=71966"}],"wp:featuredmedia":[{"embeddable":true,"href":"https:\/\/www.biobey.be\/fr\/wp-json\/wp\/v2\/media\/71963"}],"wp:attachment":[{"href":"https:\/\/www.biobey.be\/fr\/wp-json\/wp\/v2\/media?parent=71966"}],"wp:term":[{"taxonomy":"product_brand","embeddable":true,"href":"https:\/\/www.biobey.be\/fr\/wp-json\/wp\/v2\/product_brand?post=71966"},{"taxonomy":"product_cat","embeddable":true,"href":"https:\/\/www.biobey.be\/fr\/wp-json\/wp\/v2\/product_cat?post=71966"},{"taxonomy":"product_tag","embeddable":true,"href":"https:\/\/www.biobey.be\/fr\/wp-json\/wp\/v2\/product_tag?post=71966"}],"curies":[{"name":"wp","href":"https:\/\/api.w.org\/{rel}","templated":true}]}}