{"id":71967,"date":"2025-10-01T21:52:00","date_gmt":"2025-10-01T19:52:00","guid":{"rendered":"https:\/\/www.biobey.be\/fr\/?post_type=product&#038;p=71967"},"modified":"2025-10-01T22:12:19","modified_gmt":"2025-10-01T20:12:19","slug":"deodorant-naturel-sans-gaz-propulseur","status":"publish","type":"product","link":"https:\/\/www.biobey.be\/fr\/produit\/deodorant-naturel-sans-gaz-propulseur\/","title":{"rendered":"D\u00e9odorant naturel sans gaz propulseur pour hommes Love Bio 100ml"},"content":{"rendered":"<p>Le d\u00e9odorant naturel sans gaz propulseur Love Bio est 100 % naturel et convient aux personnes \u00e0 la peau sensible. Sa formule douce \u00e0 base d&rsquo;extraits biologiques de sauge et de lavande \u00e9limine les mauvaises odeurs et r\u00e9duit la transpiration excessive de mani\u00e8re douce, sans irriter la peau.<\/p>\n<p>La formule naturelle du d\u00e9odorant spray est sans gaz propulseur, sans chlorure d&rsquo;aluminium, sans microplastiques, sans parfum, sans alcool \u00e9thylique, sans parab\u00e8nes et sans triclosan. Le d\u00e9odorant LoveBio a \u00e9t\u00e9 test\u00e9 dermatologiquement et convient pour rafra\u00eechir les aisselles sensibles et irrit\u00e9es.<\/p>\n<h2>Le d\u00e9odorant spray sans gaz propulseur convient-il aux peaux sensibles ?<\/h2>\n<p>Oui, gr\u00e2ce \u00e0 sa composition douce et naturelle, le d\u00e9odorant spray sans gaz propulseur convient aux personnes dont les aisselles sont irrit\u00e9es et sensibles \u00e0 cause du rasage.<\/p>\n<p>1.L&rsquo;alun pr\u00e9vient les inflammations et aide \u00e0 r\u00e9tablir le fonctionnement perturb\u00e9 des glandes sudoripares. Ainsi, le d\u00e9odorant pour hommes r\u00e9duit la production excessive de sueur sans obstruer les glandes sudoripares.<\/p>\n<p>2.L&rsquo;hydrolat d&rsquo;extrait de sauge biologique a un effet anti-inflammatoire et \u00e9limine les mauvaises bact\u00e9ries responsables des odeurs d\u00e9sagr\u00e9ables.<\/p>\n<p>3.La combinaison d&rsquo;extrait de lavande biologique et d&rsquo;aloe vera adoucit et apaise la peau irrit\u00e9e. La glyc\u00e9rine v\u00e9g\u00e9tale hydrate quant \u00e0 elle les peaux sensibles.<\/p>\n<h3>Comment utiliser le d\u00e9odorant sans gaz propulseur pour hommes ?<\/h3>\n<p>Bien agiter avant utilisation. Vaporiser le d\u00e9odorant \u00e0 une distance de 10 cm sur chaque aisselle. Pour une sensation de fra\u00eecheur tout au long de la journ\u00e9e, nous recommandons de nettoyer d&rsquo;abord les aisselles avec un nettoyant naturel, puis d&rsquo;utiliser le spray. Test\u00e9 dermatologiquement et adapt\u00e9 \u00e0 un usage quotidien sur les peaux sensibles.<\/p>\n<h3>Labels\/certificats :<\/h3>\n<p>Cosmos Organic &#8211; Icea Bio<br \/>\nIcea Vegan<br \/>\nSans m\u00e9taux lourds<br \/>\nTest\u00e9 dermatologiquement<br \/>\nFabriqu\u00e9 en Italie<br \/>\nSans chlorure d&rsquo;aluminium<br \/>\nSans alcool ni parfum<\/p>\n<p>Ingr\u00e9dients (INCI) : Eau florale de Lavandula Angustifolia*, Eau distill\u00e9e de Salvia Officinalis*, Alun de potassium, Decyl Glucoside, Lauryl Glucoside, Glyc\u00e9rine, Polyglyceryl-2 Dipolyhydroxystearate, Extrait d&rsquo;Aloe Barbadensis*, Sodium<\/p>\n<p>Dehydroacetate, fragrance (ar\u00f4me naturel), Potassium Sorbate, Sodium Benzoate, Benzyl Alcohol**, Benzyl Benzoate**, Hydroxyisohexyl 3-Cyclohexene Carboxaldehyde**<\/p>\n<p>*Issu de l&rsquo;agriculture biologique<br \/>\n** Composants d&rsquo;huiles essentielles biologiques, adapt\u00e9s aux peaux sensibles.<\/p>\n<p>Love Bio Producent est un fabricant italien de produits de soins naturels de haute qualit\u00e9, fabriqu\u00e9s de mani\u00e8re durable et \u00e9thique. Tous les produits Love Bio sont certifi\u00e9s par des organismes internationaux reconnus tels que Cosmos Organic et Icea Bio.<\/p>\n","protected":false},"excerpt":{"rendered":"<p>Le d\u00e9odorant naturel sans gaz propulseur pour hommes \u00e9limine les mauvaises odeurs et r\u00e9duit la transpiration excessive de mani\u00e8re naturelle. Sa formule douce rafra\u00eechit et soigne les aisselles irrit\u00e9es et sensibles.<\/p>\n<p><strong>Certifications :<\/strong> Cosmos Organic, Icea Bio, Vegan, test\u00e9 dermatologiquement, sans m\u00e9taux lourds, convient aux peaux sensibles.<br \/>\nLe d\u00e9odorant spray est sans gaz propulseurs, chlorure d&rsquo;aluminium, parfum, alcool \u00e9thylique, microplastiques, triclosan, parab\u00e8nes et autres substances irritantes.<\/p>\n","protected":false},"featured_media":71965,"comment_status":"open","ping_status":"closed","template":"","meta":{"ocean_post_layout":"","ocean_both_sidebars_style":"","ocean_both_sidebars_content_width":0,"ocean_both_sidebars_sidebars_width":0,"ocean_sidebar":"0","ocean_second_sidebar":"0","ocean_disable_margins":"enable","ocean_add_body_class":"","ocean_shortcode_before_top_bar":"","ocean_shortcode_after_top_bar":"","ocean_shortcode_before_header":"","ocean_shortcode_after_header":"","ocean_has_shortcode":"","ocean_shortcode_after_title":"","ocean_shortcode_before_footer_widgets":"","ocean_shortcode_after_footer_widgets":"","ocean_shortcode_before_footer_bottom":"","ocean_shortcode_after_footer_bottom":"","ocean_display_top_bar":"default","ocean_display_header":"default","ocean_header_style":"","ocean_center_header_left_menu":"0","ocean_custom_header_template":"0","ocean_custom_logo":0,"ocean_custom_retina_logo":0,"ocean_custom_logo_max_width":0,"ocean_custom_logo_tablet_max_width":0,"ocean_custom_logo_mobile_max_width":0,"ocean_custom_logo_max_height":0,"ocean_custom_logo_tablet_max_height":0,"ocean_custom_logo_mobile_max_height":0,"ocean_header_custom_menu":"0","ocean_menu_typo_font_family":"0","ocean_menu_typo_font_subset":"","ocean_menu_typo_font_size":0,"ocean_menu_typo_font_size_tablet":0,"ocean_menu_typo_font_size_mobile":0,"ocean_menu_typo_font_size_unit":"px","ocean_menu_typo_font_weight":"","ocean_menu_typo_font_weight_tablet":"","ocean_menu_typo_font_weight_mobile":"","ocean_menu_typo_transform":"","ocean_menu_typo_transform_tablet":"","ocean_menu_typo_transform_mobile":"","ocean_menu_typo_line_height":0,"ocean_menu_typo_line_height_tablet":0,"ocean_menu_typo_line_height_mobile":0,"ocean_menu_typo_line_height_unit":"","ocean_menu_typo_spacing":0,"ocean_menu_typo_spacing_tablet":0,"ocean_menu_typo_spacing_mobile":0,"ocean_menu_typo_spacing_unit":"","ocean_menu_link_color":"","ocean_menu_link_color_hover":"","ocean_menu_link_color_active":"","ocean_menu_link_background":"","ocean_menu_link_hover_background":"","ocean_menu_link_active_background":"","ocean_menu_social_links_bg":"","ocean_menu_social_hover_links_bg":"","ocean_menu_social_links_color":"","ocean_menu_social_hover_links_color":"","ocean_disable_title":"default","ocean_disable_heading":"default","ocean_post_title":"","ocean_post_subheading":"","ocean_post_title_style":"","ocean_post_title_background_color":"","ocean_post_title_background":0,"ocean_post_title_bg_image_position":"","ocean_post_title_bg_image_attachment":"","ocean_post_title_bg_image_repeat":"","ocean_post_title_bg_image_size":"","ocean_post_title_height":0,"ocean_post_title_bg_overlay":0.5,"ocean_post_title_bg_overlay_color":"","ocean_disable_breadcrumbs":"default","ocean_breadcrumbs_color":"","ocean_breadcrumbs_separator_color":"","ocean_breadcrumbs_links_color":"","ocean_breadcrumbs_links_hover_color":"","ocean_display_footer_widgets":"default","ocean_display_footer_bottom":"default","ocean_custom_footer_template":"0"},"product_brand":[114],"product_cat":[54,30],"product_tag":[126,133,125],"class_list":{"0":"post-71967","1":"product","2":"type-product","3":"status-publish","4":"has-post-thumbnail","6":"product_brand-love-bio","7":"product_cat-deodorants","8":"product_cat-soins-pour-hommes","9":"product_tag-sans-paraben","10":"product_tag-sansparfumsynthetique","11":"product_tag-vegan","13":"entry","14":"has-media","16":"first","17":"instock","18":"taxable","19":"shipping-taxable","20":"purchasable","21":"product-type-simple","22":"has-rating","23":"col","24":"span_1_of_3","25":"owp-content-center","26":"owp-thumbs-layout-horizontal","27":"owp-btn-normal","28":"owp-tabs-layout-section","29":"has-no-thumbnails","30":"circle-sale"},"_links":{"self":[{"href":"https:\/\/www.biobey.be\/fr\/wp-json\/wp\/v2\/product\/71967","targetHints":{"allow":["GET"]}}],"collection":[{"href":"https:\/\/www.biobey.be\/fr\/wp-json\/wp\/v2\/product"}],"about":[{"href":"https:\/\/www.biobey.be\/fr\/wp-json\/wp\/v2\/types\/product"}],"replies":[{"embeddable":true,"href":"https:\/\/www.biobey.be\/fr\/wp-json\/wp\/v2\/comments?post=71967"}],"wp:featuredmedia":[{"embeddable":true,"href":"https:\/\/www.biobey.be\/fr\/wp-json\/wp\/v2\/media\/71965"}],"wp:attachment":[{"href":"https:\/\/www.biobey.be\/fr\/wp-json\/wp\/v2\/media?parent=71967"}],"wp:term":[{"taxonomy":"product_brand","embeddable":true,"href":"https:\/\/www.biobey.be\/fr\/wp-json\/wp\/v2\/product_brand?post=71967"},{"taxonomy":"product_cat","embeddable":true,"href":"https:\/\/www.biobey.be\/fr\/wp-json\/wp\/v2\/product_cat?post=71967"},{"taxonomy":"product_tag","embeddable":true,"href":"https:\/\/www.biobey.be\/fr\/wp-json\/wp\/v2\/product_tag?post=71967"}],"curies":[{"name":"wp","href":"https:\/\/api.w.org\/{rel}","templated":true}]}}