{"id":71968,"date":"2025-10-01T21:51:51","date_gmt":"2025-10-01T19:51:51","guid":{"rendered":"https:\/\/www.biobey.be\/fr\/?post_type=product&#038;p=71968"},"modified":"2025-10-01T22:12:17","modified_gmt":"2025-10-01T20:12:17","slug":"huile-raffermissante-de-buste-decollete","status":"publish","type":"product","link":"https:\/\/www.biobey.be\/fr\/produit\/huile-raffermissante-de-buste-decollete\/","title":{"rendered":"Huile raffermissante de buste et d\u00e9collet\u00e9 bio  50ml"},"content":{"rendered":"<p>Huile raffermissante de buste et d\u00e9collet\u00e9 naturelle a un effet nourrissant, tonifiant et protecteur sur la peau. Sa formule \u00e0 base d&rsquo;huile essentielle de rose biologique et d&rsquo;huile de germe de bl\u00e9 am\u00e9liore l&rsquo;\u00e9lasticit\u00e9 de la peau. En effectuant r\u00e9guli\u00e8rement un massage raffermissant avec l&rsquo;huile raffermissante de buste, la poitrine para\u00eet plus lisse et plus ferme.<\/p>\n<p>Test\u00e9e dermatologiquement et adapt\u00e9e \u00e0 un usage quotidien pour les personnes \u00e0 la peau sensible.<\/p>\n<h2>Comment fonctionne un massage avec une huile raffermissante de buste et d\u00e9collet\u00e9 bio ?<\/h2>\n<ol>\n<li>Le massage avec une huile naturelle raffermissante pour les seins et le d\u00e9collet\u00e9 aide \u00e0 raffermir la peau rel\u00e2ch\u00e9e.<\/li>\n<li>Le massage en forme de cercle avec l&rsquo;huile raffermissante de buste stimule la circulation sanguine et assure un meilleur apport de nutriments aux cellules de la peau. En massant l&rsquo;huile naturelle Argital sur la peau, les vitamines et les nutriments sont mieux absorb\u00e9s par la peau.<\/li>\n<li>L&rsquo;huile essentielle de rose biologique Gold est riche en min\u00e9raux, antioxydants et acides gras. Elle stimule le renouvellement des cellules cutan\u00e9es et aide \u00e0 r\u00e9parer la peau s\u00e8che. Associ\u00e9e \u00e0 l&rsquo;huile de germe de bl\u00e9 biologique, elle renforce l&rsquo;\u00e9lasticit\u00e9 de la peau. L&rsquo;huile naturelle tonifie et raffermit les seins et le d\u00e9collet\u00e9.<\/li>\n<\/ol>\n<h3>Ingr\u00e9dients contenus dans l&rsquo;huile raffermissante de buste et d\u00e9collet\u00e9 bio :<\/h3>\n<ul>\n<li>Le Triticum Vulgare Germ ou huile de germe de bl\u00e9 stimule la production de collag\u00e8ne et prot\u00e8ge la peau contre la formation pr\u00e9matur\u00e9e de rides.<\/li>\n<li>La Rosa Centifolia ou huile essentielle de rose, riche en antioxydants, am\u00e9liore l&rsquo;\u00e9lasticit\u00e9 de la peau.<\/li>\n<li>L&rsquo;huile de fleur de Cananga Odorata ou d&rsquo;ylang-ylang \u00e9quilibre la production de s\u00e9bum et a un effet anti-inflammatoire.<\/li>\n<li>L&rsquo;huile essentielle de Pelargonium Graveolens ou de g\u00e9ranium biologique nourrit et prot\u00e8ge la peau contre les influences n\u00e9gatives ext\u00e9rieures.<\/li>\n<li>Lavandula Angustifolia acc\u00e9l\u00e8re la cicatrisation de la peau endommag\u00e9e. Elle r\u00e9duit les irritations et apaise la peau affect\u00e9e.<\/li>\n<\/ul>\n<h3>Comment utiliser l&rsquo;huile raffermissante de buste et d\u00e9collet\u00e9 bio ?<\/h3>\n<p>Appliquez quelques gouttes de cet huile raffermissante de buste Argital dans la paume de votre main et r\u00e9chauffez-la entre vos mains. Massez ensuite la peau des seins et du d\u00e9collet\u00e9 en effectuant des mouvements circulaires. Pour un effet encore plus intense, nous vous recommandons d&rsquo;associer l&rsquo;huile \u00e0 une cr\u00e8me raffermissante pour les seins.<\/p>\n<p>Ingr\u00e9dients (INCI) : huile de germe de Triticum Vulgare, huile de Rosa Centifolia*, huile de fleur de Cananga Odorata*, huile de Pelargonium Graveolens*, huile de Lavandula Angustifolia*.<\/p>\n<p>*Ingr\u00e9dients issus d&rsquo;huiles biologiques<br \/>\nComposants des huiles essentielles biologiques : Limon\u00e8ne, Linalol, Citronellol, Isoeug\u00e9nol, G\u00e9raniol, Alcool cinnamique, Alcool benzylique, Benzoate de benzyle,<\/p>\n<p>salicylate de benzyle, eug\u00e9nol, farn\u00e9sol. Argital est un fabricant italien b\u00e9n\u00e9ficiant de plus de 48 ans d&rsquo;exp\u00e9rience. Argital produit des soins de haute qualit\u00e9 \u00e0 base de plantes biologiques, d&rsquo;argile verte et d&rsquo;huiles v\u00e9g\u00e9tales. Les produits Argital sont certifi\u00e9s BDIH, Cosmos Organic, Icea Bio, Vegan Ok, EcoControl, Demeter et plus encore.<\/p>\n","protected":false},"excerpt":{"rendered":"<p>L&rsquo;huile raffermissante buste et d\u00e9collet\u00e9 bio d&rsquo;Argital am\u00e9liore l&rsquo;\u00e9lasticit\u00e9 et raffermit la peau. Formule \u00e0 base d&rsquo;huile de germe de bl\u00e9 biologique, d&rsquo;huile essentielle de rose, d&rsquo;huile d&rsquo;ylang-ylang, d&rsquo;huile essentielle de lavande et d&rsquo;huile essentielle de g\u00e9ranium.<br \/>\nCertifications : Icea Bio, BDIH, Vegan, EcoControl, test\u00e9 dermatologiquement.<br \/>\nContenu : 50 ml.<\/p>\n<p><strong>Caract\u00e9ristiques<\/strong> : convient \u00e0 un usage quotidien. L&rsquo;huile raffermissante pour le buste Argital est sans parfum, sans huiles min\u00e9rales, sans PEG, sans parab\u00e8nes, sans alcool synth\u00e9tique, sans colorants et sans microplastiques.<\/p>\n","protected":false},"featured_media":71964,"comment_status":"open","ping_status":"closed","template":"","meta":{"ocean_post_layout":"","ocean_both_sidebars_style":"","ocean_both_sidebars_content_width":0,"ocean_both_sidebars_sidebars_width":0,"ocean_sidebar":"0","ocean_second_sidebar":"0","ocean_disable_margins":"enable","ocean_add_body_class":"","ocean_shortcode_before_top_bar":"","ocean_shortcode_after_top_bar":"","ocean_shortcode_before_header":"","ocean_shortcode_after_header":"","ocean_has_shortcode":"","ocean_shortcode_after_title":"","ocean_shortcode_before_footer_widgets":"","ocean_shortcode_after_footer_widgets":"","ocean_shortcode_before_footer_bottom":"","ocean_shortcode_after_footer_bottom":"","ocean_display_top_bar":"default","ocean_display_header":"default","ocean_header_style":"","ocean_center_header_left_menu":"0","ocean_custom_header_template":"0","ocean_custom_logo":0,"ocean_custom_retina_logo":0,"ocean_custom_logo_max_width":0,"ocean_custom_logo_tablet_max_width":0,"ocean_custom_logo_mobile_max_width":0,"ocean_custom_logo_max_height":0,"ocean_custom_logo_tablet_max_height":0,"ocean_custom_logo_mobile_max_height":0,"ocean_header_custom_menu":"0","ocean_menu_typo_font_family":"0","ocean_menu_typo_font_subset":"","ocean_menu_typo_font_size":0,"ocean_menu_typo_font_size_tablet":0,"ocean_menu_typo_font_size_mobile":0,"ocean_menu_typo_font_size_unit":"px","ocean_menu_typo_font_weight":"","ocean_menu_typo_font_weight_tablet":"","ocean_menu_typo_font_weight_mobile":"","ocean_menu_typo_transform":"","ocean_menu_typo_transform_tablet":"","ocean_menu_typo_transform_mobile":"","ocean_menu_typo_line_height":0,"ocean_menu_typo_line_height_tablet":0,"ocean_menu_typo_line_height_mobile":0,"ocean_menu_typo_line_height_unit":"","ocean_menu_typo_spacing":0,"ocean_menu_typo_spacing_tablet":0,"ocean_menu_typo_spacing_mobile":0,"ocean_menu_typo_spacing_unit":"","ocean_menu_link_color":"","ocean_menu_link_color_hover":"","ocean_menu_link_color_active":"","ocean_menu_link_background":"","ocean_menu_link_hover_background":"","ocean_menu_link_active_background":"","ocean_menu_social_links_bg":"","ocean_menu_social_hover_links_bg":"","ocean_menu_social_links_color":"","ocean_menu_social_hover_links_color":"","ocean_disable_title":"default","ocean_disable_heading":"default","ocean_post_title":"","ocean_post_subheading":"","ocean_post_title_style":"","ocean_post_title_background_color":"","ocean_post_title_background":0,"ocean_post_title_bg_image_position":"","ocean_post_title_bg_image_attachment":"","ocean_post_title_bg_image_repeat":"","ocean_post_title_bg_image_size":"","ocean_post_title_height":0,"ocean_post_title_bg_overlay":0.5,"ocean_post_title_bg_overlay_color":"","ocean_disable_breadcrumbs":"default","ocean_breadcrumbs_color":"","ocean_breadcrumbs_separator_color":"","ocean_breadcrumbs_links_color":"","ocean_breadcrumbs_links_hover_color":"","ocean_display_footer_widgets":"default","ocean_display_footer_bottom":"default","ocean_custom_footer_template":"0"},"product_brand":[102],"product_cat":[23,53,20,51],"product_tag":[127,128,125],"class_list":{"0":"post-71968","1":"product","2":"type-product","3":"status-publish","4":"has-post-thumbnail","6":"product_brand-argital","7":"product_cat-cou-decollete","8":"product_cat-corps-peau","9":"product_cat-anti-age","10":"product_cat-soins-du-corps","11":"product_tag-sans-silicone","12":"product_tag-sanssulfates","13":"product_tag-vegan","15":"entry","16":"has-media","18":"first","19":"instock","20":"taxable","21":"shipping-taxable","22":"purchasable","23":"product-type-simple","24":"has-rating","25":"col","26":"span_1_of_3","27":"owp-content-center","28":"owp-thumbs-layout-horizontal","29":"owp-btn-normal","30":"owp-tabs-layout-section","31":"has-no-thumbnails","32":"circle-sale"},"_links":{"self":[{"href":"https:\/\/www.biobey.be\/fr\/wp-json\/wp\/v2\/product\/71968","targetHints":{"allow":["GET"]}}],"collection":[{"href":"https:\/\/www.biobey.be\/fr\/wp-json\/wp\/v2\/product"}],"about":[{"href":"https:\/\/www.biobey.be\/fr\/wp-json\/wp\/v2\/types\/product"}],"replies":[{"embeddable":true,"href":"https:\/\/www.biobey.be\/fr\/wp-json\/wp\/v2\/comments?post=71968"}],"wp:featuredmedia":[{"embeddable":true,"href":"https:\/\/www.biobey.be\/fr\/wp-json\/wp\/v2\/media\/71964"}],"wp:attachment":[{"href":"https:\/\/www.biobey.be\/fr\/wp-json\/wp\/v2\/media?parent=71968"}],"wp:term":[{"taxonomy":"product_brand","embeddable":true,"href":"https:\/\/www.biobey.be\/fr\/wp-json\/wp\/v2\/product_brand?post=71968"},{"taxonomy":"product_cat","embeddable":true,"href":"https:\/\/www.biobey.be\/fr\/wp-json\/wp\/v2\/product_cat?post=71968"},{"taxonomy":"product_tag","embeddable":true,"href":"https:\/\/www.biobey.be\/fr\/wp-json\/wp\/v2\/product_tag?post=71968"}],"curies":[{"name":"wp","href":"https:\/\/api.w.org\/{rel}","templated":true}]}}