{"id":72071,"date":"2026-03-03T17:59:00","date_gmt":"2026-03-03T16:59:00","guid":{"rendered":"https:\/\/www.biobey.be\/fr\/?post_type=product&#038;p=72071"},"modified":"2026-05-02T15:16:57","modified_gmt":"2026-05-02T13:16:57","slug":"box-bien-etre-recover-valeur-de-75-eur","status":"publish","type":"product","link":"https:\/\/www.biobey.be\/fr\/produit\/box-bien-etre-recover-valeur-de-75-eur\/","title":{"rendered":"Box bien-\u00eatre Recover d&rsquo;une valeur de 75 EUR"},"content":{"rendered":"<p>La box bien-\u00eatre Biobey est id\u00e9ale pour une p\u00e9riode de r\u00e9cup\u00e9ration et de repos. La box bien-\u00eatre Biobey contient des produits Cananderm en format standard contre les douleurs musculaires et articulaires, un m\u00e9lange d&rsquo;herbes m\u00e9dicinales Herbal Healing et des compl\u00e9ments naturels anti-stress.<\/p>\n<p>Le coffret bien-\u00eatre vous offre un moment de d\u00e9tente agr\u00e9able pendant les saisons froides, pour vous, vos amis ou votre famille.<\/p>\n<h2>Baume rafra\u00eechissant ou baume chauffant Swiss 300 ml dans la box bien-\u00eatre<\/h2>\n<p>Les baumes Swiss contiennent 30 extraits de plantes aux propri\u00e9t\u00e9s anti-inflammatoires et analg\u00e9siques. La pommade rafra\u00eechissante Swiss contient du menthol, tandis que la pommade chauffante contient de l&rsquo;extrait de piment rouge.<\/p>\n<p>La pommade est utilis\u00e9e pour soulager l&rsquo;arthrose, les douleurs articulaires, les douleurs lombaires et les douleurs musculaires. La box Bien-\u00eatre contient l&rsquo;une des deux variantes. Pr\u00e9f\u00e9rez-vous la pommade rafra\u00eechissante ou chauffante ? Veuillez l&rsquo;indiquer dans la note de commande ou par e-mail \u00e0 info@biobey.be.<\/p>\n<h3>dr Weiss Herbal Med Boisson chaude contre le rhume et les maux de gorge 180 g<\/h3>\n<p>Boisson chaude \u00e0 base de 20 extraits de plantes, formul\u00e9e selon une recette traditionnelle suisse. Consultez l&rsquo;explication compl\u00e8te et le mode d&#8217;emploi sur cette page : Boisson \u00e0 base de plantes contre le rhume 180 g. Ce compl\u00e9ment \u00e0 base d&rsquo;extraits de plantes b\u00e9n\u00e9fiques acc\u00e9l\u00e8re la gu\u00e9rison en cas de rhume.<\/p>\n<p>Le complexe \u00e0 base de plantes aide \u00e0 d\u00e9gager les voies respiratoires et \u00e0 soulager les maux de gorge. Le thym, l&rsquo;eucalyptus et le millepertuis apaisent les quintes de toux douloureuses et fluidifient les mucosit\u00e9s. Les extraits de r\u00e9glisse, de pulmonaire et de calendula renforcent l&rsquo;immunit\u00e9.<\/p>\n<h3>CBD Roll On Karpalex 30 dans la box bien-\u00eatre<\/h3>\n<p>Le roll-on CBD Karpalex a \u00e9t\u00e9 d\u00e9velopp\u00e9 pour traiter les muscles raides et les douleurs articulaires. Il peut \u00eatre utilis\u00e9 pour soulager les sympt\u00f4mes du syndrome du canal carpien. Gr\u00e2ce \u00e0 son effet rafra\u00eechissant et apaisant rapide, le roll-on CBD est id\u00e9al pour soulager les \u00e9paules raides, le tennis elbow ou les douleurs cervicales. Le roll-on est facile \u00e0 appliquer soi-m\u00eame.<\/p>\n<h3>Neuroregen anti-stress &#8211; nervosit\u00e9 et insomnie 30 comprim\u00e9s<\/h3>\n<p>Les compl\u00e9ments alimentaires naturels de Cannamediq ont \u00e9t\u00e9 d\u00e9velopp\u00e9s pour les personnes souffrant de stress, d&rsquo;irritabilit\u00e9, de nervosit\u00e9 et d&rsquo;insomnie. Ils combinent de la val\u00e9riane, du L-tryptophane, de l&rsquo;huile de graines de chanvre, de la m\u00e9lisse et de l&rsquo;extrait sec de bacopa.<\/p>\n<p>Les extraits de m\u00e9lisse et de val\u00e9riane ont un effet relaxant et calmant en cas de surmenage. Consultez la composition compl\u00e8te et le mode d&#8217;emploi ici sur la page des <span style=\"color: #000080;\"><a style=\"color: #000080;\" href=\"https:\/\/www.biobey.be\/fr\/produit\/complement-naturel-anti-stress-nervosite\/\">compl\u00e9ments alimentaires anti-stress Neuroregen<\/a><\/span>.<\/p>\n<h3>Patchs chauffants Thermolka 8 heures x 3 Cannaderm dans la box bien-\u00eatre<\/h3>\n<p>Les patchs chauffants Thermolka \u00e0 l&rsquo;huile de graines de chanvre ont un effet similaire \u00e0 celui du <span style=\"color: #000080;\"><a style=\"color: #000080;\" href=\"https:\/\/www.biobey.be\/fr\/produit\/gel-anti-douleur-du-dos-de-la-nuque\/\">gel chauffant Thermolka extra contre les douleurs dorsales et articulaires<\/a><\/span>. Les patchs agissent pendant 8 heures. Si n\u00e9cessaire, les garder jusqu&rsquo;\u00e0 8 heures.<\/p>\n<p>Ne pas appliquer plusieurs patchs \u00e0 la fois. 1 patch est \u00e0 usage unique pendant 8 heures. Ne convient pas \u00e0 un usage interne. Ne pas appliquer sur des plaies ouvertes. Se laver soigneusement les mains apr\u00e8s utilisation. \u00c9viter tout contact avec les yeux, les muqueuses et la peau sensible. Ne convient pas aux jeunes enfants et aux femmes enceintes.<\/p>\n<h3>Mentholka Patchs rafra\u00eechissants x 1 8 heures Cannaderm<\/h3>\n<p>Patch Mentholka rafra\u00eechissant \u00e0 usage unique pendant 8 heures.<\/p>\n<p>Il peut \u00eatre utilis\u00e9 en cas de douleurs musculaires, de douleurs aux \u00e9paules, de lombalgies, d&rsquo;arthrose ou de douleurs aux \u00e9paules. Le patch Mentholka agit pendant 8 heures apr\u00e8s son application sur la zone \u00e0 traiter.<\/p>\n<p>Appliquez 1 patch sur la zone douloureuse pendant 8 heures. \u00c9vitez tout contact avec les yeux, les plaies ouvertes et les muqueuses. Ne convient pas aux jeunes enfants et aux femmes enceintes. Lavez-vous bien les mains apr\u00e8s utilisation.<br \/>\nCette bo\u00eete est gratuite ! Ajoutez-la \u00e0 votre panier pour tout achat d&rsquo;au moins 99 \u20ac (apr\u00e8s r\u00e9duction) et elle sera ajout\u00e9e gratuitement \u00e0 votre commande. Si le montant de votre commande est inf\u00e9rieur \u00e0 99 \u20ac, la bo\u00eete ne sera pas ajout\u00e9e \u00e0 votre commande.<\/p>\n","protected":false},"excerpt":{"rendered":"<p>Recevez la box bien-\u00eatre Biobey d&rsquo;une valeur de 75 euros comprenant 6 produits grand format contre les douleurs musculaires, une boisson chaude aux herbes suisses, un roll-on CBD, un compl\u00e9ment anti-stress, etc. pour toute commande d&rsquo;une valeur minimale de 99 euros.<\/p>\n<ol>\n<li>Baume Swiss Konsky contre les douleurs musculaires et articulaires 300 ml<\/li>\n<li>Boisson chaude aux herbes contre le rhume et les maux de gorge 180 g<\/li>\n<li>Gel CBD Roll on 30 ml<\/li>\n<li>Compl\u00e9ments alimentaires naturels anti-stress Neuroregen 30 comprim\u00e9s<\/li>\n<li>Thermolka 3 patchs chauffants 8 heures d&rsquo;action<\/li>\n<li>Mentholka 3 patchs chauffants 8 heures d&rsquo;action<\/li>\n<\/ol>\n<p>Conditions : Veuillez ajouter ce coffret bien-\u00eatre \u00e0 votre panier. Offre valable \u00e0 partir d&rsquo;une commande d&rsquo;une valeur minimale de 99 EUR. Dans la limite des stocks disponibles. Non cumulable avec d&rsquo;autres coffrets gratuits Biobey dans la m\u00eame commande.<\/p>\n","protected":false},"featured_media":72069,"comment_status":"open","ping_status":"closed","template":"","meta":{"ocean_post_layout":"","ocean_both_sidebars_style":"","ocean_both_sidebars_content_width":0,"ocean_both_sidebars_sidebars_width":0,"ocean_sidebar":"0","ocean_second_sidebar":"0","ocean_disable_margins":"enable","ocean_add_body_class":"","ocean_shortcode_before_top_bar":"","ocean_shortcode_after_top_bar":"","ocean_shortcode_before_header":"","ocean_shortcode_after_header":"","ocean_has_shortcode":"","ocean_shortcode_after_title":"","ocean_shortcode_before_footer_widgets":"","ocean_shortcode_after_footer_widgets":"","ocean_shortcode_before_footer_bottom":"","ocean_shortcode_after_footer_bottom":"","ocean_display_top_bar":"default","ocean_display_header":"default","ocean_header_style":"","ocean_center_header_left_menu":"0","ocean_custom_header_template":"0","ocean_custom_logo":0,"ocean_custom_retina_logo":0,"ocean_custom_logo_max_width":0,"ocean_custom_logo_tablet_max_width":0,"ocean_custom_logo_mobile_max_width":0,"ocean_custom_logo_max_height":0,"ocean_custom_logo_tablet_max_height":0,"ocean_custom_logo_mobile_max_height":0,"ocean_header_custom_menu":"0","ocean_menu_typo_font_family":"0","ocean_menu_typo_font_subset":"","ocean_menu_typo_font_size":0,"ocean_menu_typo_font_size_tablet":0,"ocean_menu_typo_font_size_mobile":0,"ocean_menu_typo_font_size_unit":"px","ocean_menu_typo_font_weight":"","ocean_menu_typo_font_weight_tablet":"","ocean_menu_typo_font_weight_mobile":"","ocean_menu_typo_transform":"","ocean_menu_typo_transform_tablet":"","ocean_menu_typo_transform_mobile":"","ocean_menu_typo_line_height":0,"ocean_menu_typo_line_height_tablet":0,"ocean_menu_typo_line_height_mobile":0,"ocean_menu_typo_line_height_unit":"","ocean_menu_typo_spacing":0,"ocean_menu_typo_spacing_tablet":0,"ocean_menu_typo_spacing_mobile":0,"ocean_menu_typo_spacing_unit":"","ocean_menu_link_color":"","ocean_menu_link_color_hover":"","ocean_menu_link_color_active":"","ocean_menu_link_background":"","ocean_menu_link_hover_background":"","ocean_menu_link_active_background":"","ocean_menu_social_links_bg":"","ocean_menu_social_hover_links_bg":"","ocean_menu_social_links_color":"","ocean_menu_social_hover_links_color":"","ocean_disable_title":"default","ocean_disable_heading":"default","ocean_post_title":"","ocean_post_subheading":"","ocean_post_title_style":"","ocean_post_title_background_color":"","ocean_post_title_background":0,"ocean_post_title_bg_image_position":"","ocean_post_title_bg_image_attachment":"","ocean_post_title_bg_image_repeat":"","ocean_post_title_bg_image_size":"","ocean_post_title_height":0,"ocean_post_title_bg_overlay":0.5,"ocean_post_title_bg_overlay_color":"","ocean_disable_breadcrumbs":"default","ocean_breadcrumbs_color":"","ocean_breadcrumbs_separator_color":"","ocean_breadcrumbs_links_color":"","ocean_breadcrumbs_links_hover_color":"","ocean_display_footer_widgets":"default","ocean_display_footer_bottom":"default","ocean_custom_footer_template":"0"},"product_brand":[105],"product_cat":[41,47,32,31,16],"product_tag":[126,125],"class_list":{"0":"post-72071","1":"product","2":"type-product","3":"status-publish","4":"has-post-thumbnail","6":"product_brand-trompetol","7":"product_cat-cbd-et-chanvre-biologique","8":"product_cat-offres-et-minis","9":"product_cat-muscles-articulations-et-dos","10":"product_cat-sante","11":"product_cat-soins","12":"product_tag-sans-paraben","13":"product_tag-vegan","14":"product_shipping_class-labox","16":"entry","17":"has-media","19":"first","20":"instock","21":"sale","22":"taxable","23":"shipping-taxable","24":"purchasable","25":"product-type-simple","26":"has-rating","27":"col","28":"span_1_of_3","29":"owp-content-center","30":"owp-thumbs-layout-horizontal","31":"owp-btn-normal","32":"owp-tabs-layout-section","33":"has-no-thumbnails","34":"circle-sale"},"_links":{"self":[{"href":"https:\/\/www.biobey.be\/fr\/wp-json\/wp\/v2\/product\/72071","targetHints":{"allow":["GET"]}}],"collection":[{"href":"https:\/\/www.biobey.be\/fr\/wp-json\/wp\/v2\/product"}],"about":[{"href":"https:\/\/www.biobey.be\/fr\/wp-json\/wp\/v2\/types\/product"}],"replies":[{"embeddable":true,"href":"https:\/\/www.biobey.be\/fr\/wp-json\/wp\/v2\/comments?post=72071"}],"wp:featuredmedia":[{"embeddable":true,"href":"https:\/\/www.biobey.be\/fr\/wp-json\/wp\/v2\/media\/72069"}],"wp:attachment":[{"href":"https:\/\/www.biobey.be\/fr\/wp-json\/wp\/v2\/media?parent=72071"}],"wp:term":[{"taxonomy":"product_brand","embeddable":true,"href":"https:\/\/www.biobey.be\/fr\/wp-json\/wp\/v2\/product_brand?post=72071"},{"taxonomy":"product_cat","embeddable":true,"href":"https:\/\/www.biobey.be\/fr\/wp-json\/wp\/v2\/product_cat?post=72071"},{"taxonomy":"product_tag","embeddable":true,"href":"https:\/\/www.biobey.be\/fr\/wp-json\/wp\/v2\/product_tag?post=72071"}],"curies":[{"name":"wp","href":"https:\/\/api.w.org\/{rel}","templated":true}]}}