{"id":72072,"date":"2026-03-03T01:07:32","date_gmt":"2026-03-03T00:07:32","guid":{"rendered":"https:\/\/www.biobey.be\/fr\/?post_type=product&#038;p=72072"},"modified":"2026-04-22T14:28:33","modified_gmt":"2026-04-22T12:28:33","slug":"box-beaute-botanique-de-87-eur-offerte","status":"publish","type":"product","link":"https:\/\/www.biobey.be\/fr\/produit\/box-beaute-botanique-de-87-eur-offerte\/","title":{"rendered":"Box Botanique Beaut\u00e9 d&rsquo;une valeur de 87 EUR offerte"},"content":{"rendered":"<p>Box Beaut\u00e9 botanique naturelle contenant des produits de beaut\u00e9 et de soins naturels. Recevez cette box en cadeau pour toute commande d&rsquo;une valeur minimale de 99 EUR.<\/p>\n<h3>Cr\u00e8me double liftante pour les yeux Bema Bio 30 ml d&rsquo;une valeur de 26 EUR &#8211; dans la box beaut\u00e9 botanique<\/h3>\n<p>La cr\u00e8me naturelle pour les yeux de Bema Bio r\u00e9duit les rides et renforce l&rsquo;\u00e9lasticit\u00e9 de la peau autour des yeux. La texture douce de la cr\u00e8me pour les yeux prend soin du contour sensible des yeux et prot\u00e8ge contre le stress oxydatif.<br \/>\nElle \u00e9claircit les cernes autour des yeux et r\u00e9duit les rougeurs gr\u00e2ce \u00e0 l&rsquo;extrait de camomille.<\/p>\n<p>Elle r\u00e9duit les rides et prot\u00e8ge la peau sensible du contour des yeux. Sa formule, riche en vitamines A, C et E, ralentit la d\u00e9gradation du collag\u00e8ne et stimule le renouvellement des cellules cutan\u00e9es.<\/p>\n<p>Nourrit et hydrate le contour des yeux : le beurre de karit\u00e9, l&rsquo;huile d&rsquo;avocat et le beurre de shorea stenoptera forment une couche protectrice naturelle sur la peau. Cela prot\u00e8ge contre la d\u00e9shydratation et la s\u00e9cheresse cutan\u00e9e.<\/p>\n<p>Une utilisation r\u00e9guli\u00e8re de la cr\u00e8me double liftante pour les yeux rend la peau autour des yeux plus uniforme et plus lisse. Cela donne un teint encore plus frais et \u00e9clatant.<\/p>\n<h3>S\u00e9rum pour la croissance et le volume des cils et des sourcils, d&rsquo;une valeur de 22 EUR<\/h3>\n<p>Le s\u00e9rum pour sourcils et cils Rasove stimule la croissance des poils des cils et des sourcils. La formule du s\u00e9rum Rasove est \u00e0 base d&rsquo;isoflavones, de caf\u00e9ine, de cr\u00e9atine, de biotine et de panth\u00e9nol. Le s\u00e9rum hydrate les poils fins et nourrit les follicules pileux avec les vitamines n\u00e9cessaires. Cela favorise la croissance de poils plus \u00e9pais et plus forts.<\/p>\n<h3>Cr\u00e8me naturelle SPF50 pour le visage Zero Waste 20 ml d&rsquo;une valeur de 13 EUR<\/h3>\n<p>La cr\u00e8me solaire min\u00e9rale naturelle SPF 50 Bema prot\u00e8ge la peau contre les rayons UVA\/UVB nocifs. Sa formule sans filtres chimiques, sans parfum, sans silicones, sans PEG et sans parab\u00e8nes est douce pour tous les types de peau. Elle est sans nickel et test\u00e9e dermatologiquement.<\/p>\n<p>Utilisez la cr\u00e8me solaire \u00e9cologique SPF 50 sur le visage et le cou en cas d&rsquo;exposition prolong\u00e9e au soleil. La cr\u00e8me solaire SPF 50 Visage et Corps est certifi\u00e9e Cosmos Organic, Vegan, sans m\u00e9taux lourds et test\u00e9e dermatologiquement.<\/p>\n<h3>Naturys Serum sensitive Skin format voyage 5 ml d&rsquo;une valeur de 10 EUR<\/h3>\n<p>La box Beaut\u00e9 Botanique contient le s\u00e9rum Naturys. Le s\u00e9rum pour peaux sensibles aide \u00e0 r\u00e9duire les rougeurs en renfor\u00e7ant la barri\u00e8re cutan\u00e9e. L&rsquo;association d&rsquo;huile de p\u00e9pins de cassis, d&rsquo;extrait de camomille et d&rsquo;huile d&rsquo;amande douce adoucit la peau s\u00e8che et prot\u00e8ge contre les irritations cutan\u00e9es.<\/p>\n<h3>Cr\u00e8me hydratante pour le corps \u00e0 l&rsquo;acide hyaluronique 200 ml d&rsquo;une valeur de 10 EUR<\/h3>\n<p>La box beaut\u00e9 botanique contient la cr\u00e8me hydratante naturelle pour le corps Flower Juice qui hydrate, nourrit et adoucit la peau s\u00e8che du corps. L&rsquo;acide hyaluronique contenu dans la cr\u00e8me pour le corps procure \u00e0 la peau une hydratation instantan\u00e9e.<\/p>\n<p>La combinaison de beurre de karit\u00e9, d&rsquo;huile d&rsquo;olive press\u00e9e \u00e0 froid et d&rsquo;huile de jojoba rend la peau plus \u00e9lastique et plus lisse. La composition de la cr\u00e8me pour le corps Hydra, riche en vitamines et en acides amin\u00e9s, prot\u00e8ge la peau contre la perte d&rsquo;\u00e9lasticit\u00e9 et le stress oxydatif.<\/p>\n<h3>Argital poudre d&rsquo;argile blanche extra fine 250 g d&rsquo;une valeur de 7 EUR dans la box beaut\u00e9 botanique Biobey<\/h3>\n<p>La poudre d&rsquo;argile kaolinique, avec sa formule au pH neutre, est l&rsquo;une des argiles les plus douces. Elle contient une teneur \u00e9lev\u00e9e en silicium, essentiel \u00e0 la production de collag\u00e8ne et de k\u00e9ratine. La poudre d&rsquo;argile kaolinique Argital est id\u00e9ale pour les masques faciaux contre les rides, le teint terne, les pores dilat\u00e9s et les taches brunes.<\/p>\n<p><strong>5 \u00e9chantillons dans la box beaut\u00e9 botanique :<\/strong><\/p>\n<ul>\n<li>Cr\u00e8me anti-rides Nuy effet botox<\/li>\n<li>Cr\u00e8me fond de teint Silk Lepo<\/li>\n<li>Cr\u00e8me de jour Hydra<\/li>\n<li>Cr\u00e8me Body Lifting<\/li>\n<li>S\u00e9rum \u00e9claircissant<\/li>\n<\/ul>\n<p>Cette bo\u00eete est gratuite ! Ajoutez-la \u00e0 votre panier pour tout achat d&rsquo;au moins 99 \u20ac (apr\u00e8s r\u00e9duction) et elle sera ajout\u00e9e gratuitement \u00e0 votre commande. Si le montant de votre commande est inf\u00e9rieur \u00e0 99 \u20ac, la bo\u00eete ne sera pas ajout\u00e9e \u00e0 votre commande.<\/p>\n","protected":false},"excerpt":{"rendered":"<p>Box botanique beaut\u00e9 gratuite d&rsquo;une valeur de 87 euro<\/p>\n<ul>\n<li>Cr\u00e8me liftante pour les yeux Bema 30 ml<\/li>\n<li>Cr\u00e8me min\u00e9rale SPF 50 pour le visage 20 ml<\/li>\n<li>S\u00e9rum pour peaux sensibles Naturys 5 ml<\/li>\n<li>Cr\u00e8me pour le corps Hydra \u00e0 l&rsquo;acide hyaluronique 200 ml<\/li>\n<li>S\u00e9rum pour la croissance des cils<\/li>\n<li>Masque en poudre \u00e0 l&rsquo;argile blanche 250 g<\/li>\n<\/ul>\n<p><strong>Conditions :<\/strong> veuillez ajouter la bo\u00eete Botanique \u00e0 votre panier. Offre valable pour toute commande d&rsquo;une valeur minimale de 99 EUR. Cette bo\u00eete est gratuite ! Ajoutez-la \u00e0 votre panier pour tout achat d&rsquo;au moins 99 \u20ac (apr\u00e8s r\u00e9duction) et elle sera ajout\u00e9e gratuitement \u00e0 votre commande. Si le montant de votre commande est inf\u00e9rieur \u00e0 99 \u20ac, la bo\u00eete ne sera pas ajout\u00e9e \u00e0 votre commande.<\/p>\n","protected":false},"featured_media":72068,"comment_status":"open","ping_status":"closed","template":"","meta":{"ocean_post_layout":"","ocean_both_sidebars_style":"","ocean_both_sidebars_content_width":0,"ocean_both_sidebars_sidebars_width":0,"ocean_sidebar":"0","ocean_second_sidebar":"0","ocean_disable_margins":"enable","ocean_add_body_class":"","ocean_shortcode_before_top_bar":"","ocean_shortcode_after_top_bar":"","ocean_shortcode_before_header":"","ocean_shortcode_after_header":"","ocean_has_shortcode":"","ocean_shortcode_after_title":"","ocean_shortcode_before_footer_widgets":"","ocean_shortcode_after_footer_widgets":"","ocean_shortcode_before_footer_bottom":"","ocean_shortcode_after_footer_bottom":"","ocean_display_top_bar":"default","ocean_display_header":"default","ocean_header_style":"","ocean_center_header_left_menu":"0","ocean_custom_header_template":"0","ocean_custom_logo":0,"ocean_custom_retina_logo":0,"ocean_custom_logo_max_width":0,"ocean_custom_logo_tablet_max_width":0,"ocean_custom_logo_mobile_max_width":0,"ocean_custom_logo_max_height":0,"ocean_custom_logo_tablet_max_height":0,"ocean_custom_logo_mobile_max_height":0,"ocean_header_custom_menu":"0","ocean_menu_typo_font_family":"0","ocean_menu_typo_font_subset":"","ocean_menu_typo_font_size":0,"ocean_menu_typo_font_size_tablet":0,"ocean_menu_typo_font_size_mobile":0,"ocean_menu_typo_font_size_unit":"px","ocean_menu_typo_font_weight":"","ocean_menu_typo_font_weight_tablet":"","ocean_menu_typo_font_weight_mobile":"","ocean_menu_typo_transform":"","ocean_menu_typo_transform_tablet":"","ocean_menu_typo_transform_mobile":"","ocean_menu_typo_line_height":0,"ocean_menu_typo_line_height_tablet":0,"ocean_menu_typo_line_height_mobile":0,"ocean_menu_typo_line_height_unit":"","ocean_menu_typo_spacing":0,"ocean_menu_typo_spacing_tablet":0,"ocean_menu_typo_spacing_mobile":0,"ocean_menu_typo_spacing_unit":"","ocean_menu_link_color":"","ocean_menu_link_color_hover":"","ocean_menu_link_color_active":"","ocean_menu_link_background":"","ocean_menu_link_hover_background":"","ocean_menu_link_active_background":"","ocean_menu_social_links_bg":"","ocean_menu_social_hover_links_bg":"","ocean_menu_social_links_color":"","ocean_menu_social_hover_links_color":"","ocean_disable_title":"default","ocean_disable_heading":"default","ocean_post_title":"","ocean_post_subheading":"","ocean_post_title_style":"","ocean_post_title_background_color":"","ocean_post_title_background":0,"ocean_post_title_bg_image_position":"","ocean_post_title_bg_image_attachment":"","ocean_post_title_bg_image_repeat":"","ocean_post_title_bg_image_size":"","ocean_post_title_height":0,"ocean_post_title_bg_overlay":0.5,"ocean_post_title_bg_overlay_color":"","ocean_disable_breadcrumbs":"default","ocean_breadcrumbs_color":"","ocean_breadcrumbs_separator_color":"","ocean_breadcrumbs_links_color":"","ocean_breadcrumbs_links_hover_color":"","ocean_display_footer_widgets":"default","ocean_display_footer_bottom":"default","ocean_custom_footer_template":"0"},"product_brand":[244],"product_cat":[31,47,59,17,16,24,51,30],"product_tag":[126,133,128,125],"class_list":{"0":"post-72072","1":"product","2":"type-product","3":"status-publish","4":"has-post-thumbnail","6":"product_brand-biobey","7":"product_cat-sante","8":"product_cat-offres-et-minis","9":"product_cat-protection-solaire","10":"product_cat-soins-du-visage","11":"product_cat-soins","12":"product_cat-soins-cheveux","13":"product_cat-soins-du-corps","14":"product_cat-soins-pour-hommes","15":"product_tag-sans-paraben","16":"product_tag-sansparfumsynthetique","17":"product_tag-sanssulfates","18":"product_tag-vegan","19":"product_shipping_class-labox","21":"entry","22":"has-media","24":"first","25":"instock","26":"sale","27":"taxable","28":"shipping-taxable","29":"purchasable","30":"product-type-simple","31":"has-rating","32":"col","33":"span_1_of_3","34":"owp-content-center","35":"owp-thumbs-layout-horizontal","36":"owp-btn-normal","37":"owp-tabs-layout-section","38":"has-no-thumbnails","39":"circle-sale"},"_links":{"self":[{"href":"https:\/\/www.biobey.be\/fr\/wp-json\/wp\/v2\/product\/72072","targetHints":{"allow":["GET"]}}],"collection":[{"href":"https:\/\/www.biobey.be\/fr\/wp-json\/wp\/v2\/product"}],"about":[{"href":"https:\/\/www.biobey.be\/fr\/wp-json\/wp\/v2\/types\/product"}],"replies":[{"embeddable":true,"href":"https:\/\/www.biobey.be\/fr\/wp-json\/wp\/v2\/comments?post=72072"}],"wp:featuredmedia":[{"embeddable":true,"href":"https:\/\/www.biobey.be\/fr\/wp-json\/wp\/v2\/media\/72068"}],"wp:attachment":[{"href":"https:\/\/www.biobey.be\/fr\/wp-json\/wp\/v2\/media?parent=72072"}],"wp:term":[{"taxonomy":"product_brand","embeddable":true,"href":"https:\/\/www.biobey.be\/fr\/wp-json\/wp\/v2\/product_brand?post=72072"},{"taxonomy":"product_cat","embeddable":true,"href":"https:\/\/www.biobey.be\/fr\/wp-json\/wp\/v2\/product_cat?post=72072"},{"taxonomy":"product_tag","embeddable":true,"href":"https:\/\/www.biobey.be\/fr\/wp-json\/wp\/v2\/product_tag?post=72072"}],"curies":[{"name":"wp","href":"https:\/\/api.w.org\/{rel}","templated":true}]}}