{"id":72073,"date":"2025-10-26T01:07:14","date_gmt":"2025-10-25T23:07:14","guid":{"rendered":"https:\/\/www.biobey.be\/fr\/?post_type=product&#038;p=72073"},"modified":"2026-04-27T10:34:12","modified_gmt":"2026-04-27T08:34:12","slug":"pommade-contre-les-douleurs-articulaires","status":"publish","type":"product","link":"https:\/\/www.biobey.be\/fr\/produit\/pommade-contre-les-douleurs-articulaires\/","title":{"rendered":"Pommade contre les douleurs articulaires Ayurveda 50 ml"},"content":{"rendered":"<p>Pommade contre les douleurs articulaires et musculaires Ayurveda de Trompetol contient une combinaison puissante de CANNABICOMPLEX CC+ et d&rsquo;herbes m\u00e9dicinales ayurv\u00e9diques. La pommade contre les douleurs articulaires r\u00e9duit l&rsquo;inflammation et soulage la douleur. Elle a de multiples applications.<\/p>\n<p>La pommade Ayurveda peut \u00eatre utilis\u00e9e pour traiter les douleurs aux \u00e9paules, les raideurs de la nuque, les sympt\u00f4mes d&rsquo;arthrose et les rhumatismes. Le label CC+ de la pommade ayurv\u00e9dique fait r\u00e9f\u00e9rence aux extraits utilis\u00e9s provenant de la plante de chanvre enti\u00e8re.<\/p>\n<p>La pommade ayurv\u00e9dique contre les douleurs articulaires a une formule douce. La pommade Vegan Trompetol ne contient pas de PEG, de parab\u00e8nes, d&rsquo;alcool synth\u00e9tique ni de perturbateurs endocriniens.<\/p>\n<h2>Comment agit la pommade contre les douleurs articulaires aux extraits ayurv\u00e9diques ?<\/h2>\n<p>La pommadecontre les douleurs articulaires de trompetol contient des extraits aux propri\u00e9t\u00e9s anti-inflammatoires et analg\u00e9siques scientifiquement prouv\u00e9es. Les extraits biologiques d&rsquo;huile de graines de chanvre et d&rsquo;extraits de chanvre (label CC+) sont riches en acides gras om\u00e9ga 3 et 6, en min\u00e9raux et en vitamines.<\/p>\n<p>Les acides gras essentiels contenus dans l&rsquo;huile de graines de chanvre, notamment l&rsquo;acide gras GLA, assouplissent les articulations et r\u00e9duisent la raideur.<\/p>\n<p>Les huiles essentielles biologiques d&rsquo;eucalyptus, de gingembre, de camphre et de menthe stimulent la circulation sanguine vers la zone affect\u00e9e.<\/p>\n<h3>Quelle est la meilleure pommade Trompetol contre les douleurs articulaires ?<\/h3>\n<p>La pommade Ayurveda contre les douleurs articulaires est la meilleure pommade Trompetol pour traiter les articulations et les muscles douloureux. La combinaison d&rsquo;extraits de plantes ayurv\u00e9diques et d&rsquo;un complexe de cannabis issu de la plante enti\u00e8re soulage la douleur et contribue \u00e0 une gu\u00e9rison plus rapide.<\/p>\n<h3>Comment utiliser la pommade Ayurveda contre les douleurs articulaires ?<\/h3>\n<p>Appliquez la pommade sur la zone \u00e0 traiter et massez doucement.<\/p>\n<p>INCI : Huile de p\u00e9trolatum, huile de fruit d&rsquo;Olea Europaea*, huile de graines de Cannabis Sativa*, Cannabis Sativa L.*, huile de feuille d&rsquo;Eucalyptus Globulus*, huile d&rsquo;herbe de Cymbopogon Winterianus*, Huile de feuille de Cinnamomum Zeylanicum*, Huile de feuille de Pinus sylvestris*, Huile d&rsquo;herbe de Mentha Piperita*,<\/p>\n<p>Huile de fleur d&rsquo;Eugenia Caryophyllus*, Huile de racine de Curcuma Longa*, Huile de feuille de Cinnamomum Camphor*, Huile de fruit de Piper Nigrum*, Huile de racine de Zingiber Officinale*, Huile de feuille de Melissa Officinalis*, Eug\u00e9nol**, Limon\u00e8ne**,<\/p>\n<p>Citral**, Citronellol**, Linalool**, Benzoate de benzyle**, G\u00e9raniol**, Coumarine**, Alcool cinnamique**<br \/>\n*Ingr\u00e9dients issus de l&rsquo;agriculture biologique<br \/>\n**Composants d&rsquo;huiles essentielles biologiques<\/p>\n","protected":false},"excerpt":{"rendered":"<p>La pommade Ayurveda Trompetol contre les douleurs articulaires et musculaires a un effet anti-inflammatoire et r\u00e9parateur. Cette pommade v\u00e9g\u00e9talienne pour les articulations est \u00e0 base de complexe CC+ et d&rsquo;herbes ayurv\u00e9diques.<\/p>\n<p><strong>Utilisations<\/strong> :<\/p>\n<ul>\n<li>Arthrose, rhumatismes<\/li>\n<li>Douleurs articulaires et musculaires<\/li>\n<li>Raideur de la nuque, \u00e9paule gel\u00e9e, maux de dos, tennis elbow, douleurs aux genoux<\/li>\n<\/ul>\n","protected":false},"featured_media":72070,"comment_status":"open","ping_status":"closed","template":"","meta":{"ocean_post_layout":"","ocean_both_sidebars_style":"","ocean_both_sidebars_content_width":0,"ocean_both_sidebars_sidebars_width":0,"ocean_sidebar":"0","ocean_second_sidebar":"0","ocean_disable_margins":"enable","ocean_add_body_class":"","ocean_shortcode_before_top_bar":"","ocean_shortcode_after_top_bar":"","ocean_shortcode_before_header":"","ocean_shortcode_after_header":"","ocean_has_shortcode":"","ocean_shortcode_after_title":"","ocean_shortcode_before_footer_widgets":"","ocean_shortcode_after_footer_widgets":"","ocean_shortcode_before_footer_bottom":"","ocean_shortcode_after_footer_bottom":"","ocean_display_top_bar":"default","ocean_display_header":"default","ocean_header_style":"","ocean_center_header_left_menu":"0","ocean_custom_header_template":"0","ocean_custom_logo":0,"ocean_custom_retina_logo":0,"ocean_custom_logo_max_width":0,"ocean_custom_logo_tablet_max_width":0,"ocean_custom_logo_mobile_max_width":0,"ocean_custom_logo_max_height":0,"ocean_custom_logo_tablet_max_height":0,"ocean_custom_logo_mobile_max_height":0,"ocean_header_custom_menu":"0","ocean_menu_typo_font_family":"0","ocean_menu_typo_font_subset":"","ocean_menu_typo_font_size":0,"ocean_menu_typo_font_size_tablet":0,"ocean_menu_typo_font_size_mobile":0,"ocean_menu_typo_font_size_unit":"px","ocean_menu_typo_font_weight":"","ocean_menu_typo_font_weight_tablet":"","ocean_menu_typo_font_weight_mobile":"","ocean_menu_typo_transform":"","ocean_menu_typo_transform_tablet":"","ocean_menu_typo_transform_mobile":"","ocean_menu_typo_line_height":0,"ocean_menu_typo_line_height_tablet":0,"ocean_menu_typo_line_height_mobile":0,"ocean_menu_typo_line_height_unit":"","ocean_menu_typo_spacing":0,"ocean_menu_typo_spacing_tablet":0,"ocean_menu_typo_spacing_mobile":0,"ocean_menu_typo_spacing_unit":"","ocean_menu_link_color":"","ocean_menu_link_color_hover":"","ocean_menu_link_color_active":"","ocean_menu_link_background":"","ocean_menu_link_hover_background":"","ocean_menu_link_active_background":"","ocean_menu_social_links_bg":"","ocean_menu_social_hover_links_bg":"","ocean_menu_social_links_color":"","ocean_menu_social_hover_links_color":"","ocean_disable_title":"default","ocean_disable_heading":"default","ocean_post_title":"","ocean_post_subheading":"","ocean_post_title_style":"","ocean_post_title_background_color":"","ocean_post_title_background":0,"ocean_post_title_bg_image_position":"","ocean_post_title_bg_image_attachment":"","ocean_post_title_bg_image_repeat":"","ocean_post_title_bg_image_size":"","ocean_post_title_height":0,"ocean_post_title_bg_overlay":0.5,"ocean_post_title_bg_overlay_color":"","ocean_disable_breadcrumbs":"default","ocean_breadcrumbs_color":"","ocean_breadcrumbs_separator_color":"","ocean_breadcrumbs_links_color":"","ocean_breadcrumbs_links_hover_color":"","ocean_display_footer_widgets":"default","ocean_display_footer_bottom":"default","ocean_custom_footer_template":"0"},"product_brand":[105],"product_cat":[31,47,32],"product_tag":[126,125],"class_list":{"0":"post-72073","1":"product","2":"type-product","3":"status-publish","4":"has-post-thumbnail","6":"product_brand-trompetol","7":"product_cat-sante","8":"product_cat-offres-et-minis","9":"product_cat-muscles-articulations-et-dos","10":"product_tag-sans-paraben","11":"product_tag-vegan","13":"entry","14":"has-media","16":"first","17":"instock","18":"taxable","19":"shipping-taxable","20":"purchasable","21":"product-type-simple","22":"has-rating","23":"col","24":"span_1_of_3","25":"owp-content-center","26":"owp-thumbs-layout-horizontal","27":"owp-btn-normal","28":"owp-tabs-layout-section","29":"has-no-thumbnails","30":"circle-sale"},"_links":{"self":[{"href":"https:\/\/www.biobey.be\/fr\/wp-json\/wp\/v2\/product\/72073","targetHints":{"allow":["GET"]}}],"collection":[{"href":"https:\/\/www.biobey.be\/fr\/wp-json\/wp\/v2\/product"}],"about":[{"href":"https:\/\/www.biobey.be\/fr\/wp-json\/wp\/v2\/types\/product"}],"replies":[{"embeddable":true,"href":"https:\/\/www.biobey.be\/fr\/wp-json\/wp\/v2\/comments?post=72073"}],"wp:featuredmedia":[{"embeddable":true,"href":"https:\/\/www.biobey.be\/fr\/wp-json\/wp\/v2\/media\/72070"}],"wp:attachment":[{"href":"https:\/\/www.biobey.be\/fr\/wp-json\/wp\/v2\/media?parent=72073"}],"wp:term":[{"taxonomy":"product_brand","embeddable":true,"href":"https:\/\/www.biobey.be\/fr\/wp-json\/wp\/v2\/product_brand?post=72073"},{"taxonomy":"product_cat","embeddable":true,"href":"https:\/\/www.biobey.be\/fr\/wp-json\/wp\/v2\/product_cat?post=72073"},{"taxonomy":"product_tag","embeddable":true,"href":"https:\/\/www.biobey.be\/fr\/wp-json\/wp\/v2\/product_tag?post=72073"}],"curies":[{"name":"wp","href":"https:\/\/api.w.org\/{rel}","templated":true}]}}