{"id":72452,"date":"2025-11-16T17:19:55","date_gmt":"2025-11-16T16:19:55","guid":{"rendered":"https:\/\/www.biobey.be\/fr\/?post_type=product&#038;p=72452"},"modified":"2025-11-16T20:51:07","modified_gmt":"2025-11-16T19:51:07","slug":"mousse-nettoyante-visage-douce-bio-aloe","status":"publish","type":"product","link":"https:\/\/www.biobey.be\/fr\/produit\/mousse-nettoyante-visage-douce-bio-aloe\/","title":{"rendered":"Mousse nettoyante visage douce bio \u00e0 l&rsquo;aloe vera 150 ml"},"content":{"rendered":"<p>Mousse nettoyante visage douce bio Geoderm, \u00e0 la formule naturelle, nettoie la peau en douceur. Elle \u00e9limine les r\u00e9sidus de maquillage, les impuret\u00e9s et les radicaux libres sans alt\u00e9rer la barri\u00e8re cutan\u00e9e.<\/p>\n<p>La mousse nettoyante douce bio a l&rsquo;aloe vera contient des extraits hydratants et r\u00e9g\u00e9n\u00e9rants tels que l&rsquo;aloe vera, le thym, l&rsquo;a\u00e7a\u00ef, l&rsquo;acide hyaluronique, le gotu kola et la vitamine E. La mousse nettoyante pour le visage est vegan et test\u00e9e dermatologiquement. Elle convient \u00e0 un usage quotidien pour tous les types de peau, y compris <strong>les peaux s\u00e8ches et sensibles<\/strong>.<\/p>\n<h2>Quels sont les avantages de la mousse nettoyante visage douce bio ?<\/h2>\n<p>La mousse nettoyante visage douce bio a une texture moussante et une consistance l\u00e9g\u00e8re. La mousse nettoyante visage bio est facile \u00e0 rincer et ne laisse pas de sensation de lourdeur sur la peau. Le gel d&rsquo;aloe vera biologique r\u00e9duit les rougeurs tandis que l&rsquo;extrait de thym aide \u00e0 pr\u00e9venir les pouss\u00e9es d&rsquo;acn\u00e9.<\/p>\n<p>La mousse nettoyante visage douce bio Geoderm r\u00e9gule le fonctionnement des glandes s\u00e9bac\u00e9es. Elle <strong>freine la production excessive de s\u00e9bum sans dess\u00e9cher la peau<\/strong>. L&rsquo;extrait d&rsquo;a\u00e7a\u00ef contenu dans la mousse nettoyante est riche en antioxydants. Associ\u00e9 \u00e0 la vitamine E, il aide \u00e0 neutraliser les dommages caus\u00e9s par les radicaux libres.<\/p>\n<h3>Comment utiliser de la mousse nettoyante ?<\/h3>\n<p>Humidifier le visage avec de l&rsquo;eau ti\u00e8de. Massez ensuite doucement la mousse sur la peau en effectuant des mouvements circulaires. Rincez ensuite \u00e0 l&rsquo;eau ti\u00e8de. S\u00e9chez le visage en le tapotant avec une serviette. Ne convient pas aux enfants de moins de 3 ans. \u00c9vitez tout contact avec les yeux.<\/p>\n<p>Explication des ingr\u00e9dients principaux de la mousse nettoyante visage douce bio Geoderm:<\/p>\n<ol>\n<li><strong>Aloe barbadensis Leaf Juice:<\/strong> le jus d&rsquo;aloe vera r\u00e9duit les rougeurs et apaise la peau<\/li>\n<li>Citrus aurantium amara Flower Water: l&rsquo;extrait de fleur d&rsquo;oranger tonifie et rafra\u00eechit le visage<\/li>\n<li>Hydrolyzed Sodium Hyaluronate: l&rsquo;acide hyaluronique hydrolys\u00e9 hydrate les couches profondes de la peau<\/li>\n<li><strong>L&rsquo;extrait de Bacopa Monnieri<\/strong> contenu dans cette mousse nettoyante douce contient des saponines et des flavono\u00efdes qui prot\u00e8gent contre les effets n\u00e9gatifs des radicaux libres.<\/li>\n<li><strong>Extrait de graines de Moringa Oleifera<\/strong>: l&rsquo;extrait de graines de Moringa Oleifera est riche en vitamine C, en polyph\u00e9nols et en min\u00e9raux. Il pr\u00e9vient la formation d&rsquo;acn\u00e9 gr\u00e2ce \u00e0 son action antibact\u00e9rienne et anti-inflammatoire.<\/li>\n<\/ol>\n<p>Ingr\u00e9dients (INCI): Aloe barbadensis Leaf Juice, Citrus aurantium amara Flower Water*, Glycerin, Coco-caprylate, Aqua, Triolein, Cetearyl Olivate, Sodium Hyaluronate, Gehydrolyseerd Hyaluronzuur.Hydrolyzed Sodium Hyaluronate, Ascorbyl Glucoside, Biosaccharide Gum-1, Bacopa Monnieri Extract, Lapsana Communis Flower\/Leaf Extract, Moringa Oleifera Seed<\/p>\n<p>Extract, Sorbitan Olivate, Cetyl Alcohol, Glyceryl Dioleate, Microcrystalline Cellulose, Glyceryl Caprylate, Xanthan Gum, Disodium Cocoyl Glutamate, Vitamine E , Glyceryl Undecylenate, Cellulose Gum, Citrus Paradisi Peel Oil, Pichia Ferment Lysate Filtrate, Citric Acid, Sodium Levulinate, Sodium Anisate, Phytic Acid, Benzyl Alcohol, Potassium Sorbate, Sodium<\/p>\n<p>Benzoate, Limonene, Linalool<br \/>\n*Ingr\u00e9dients provenant de l&rsquo;agriculture biologique<\/p>\n<p>Fabriqu\u00e9 dans l&rsquo;UE, en Espagne par Geoderm<br \/>\nCertificats: Ecocert, Cosmos Organic, test\u00e9 dermatologiquement, sans nickel, vegan<\/p>\n","protected":false},"excerpt":{"rendered":"<p>Mousse nettoyante douce bio \u00e0 l&rsquo;aloe vera et \u00e0 l&rsquo;extrait d&rsquo;a\u00e7a\u00ef \u00e9limine les impuret\u00e9s sans endommager la barri\u00e8re cutan\u00e9e. Sa formule naturelle convient \u00e0 tous les types de peau, y compris les peaux impures, s\u00e8ches et sensibles.<\/p>\n<p><strong>Certificats<\/strong> :<\/p>\n<ul>\n<li><strong>Ecocert<\/strong><\/li>\n<li>Vegan<\/li>\n<li>test\u00e9 dermatologiquement<\/li>\n<li>sans nickel<\/li>\n<\/ul>\n<p>Contenu: 150 ml<\/p>\n","protected":false},"featured_media":72451,"comment_status":"open","ping_status":"closed","template":"","meta":{"ocean_post_layout":"","ocean_both_sidebars_style":"","ocean_both_sidebars_content_width":0,"ocean_both_sidebars_sidebars_width":0,"ocean_sidebar":"0","ocean_second_sidebar":"0","ocean_disable_margins":"enable","ocean_add_body_class":"","ocean_shortcode_before_top_bar":"","ocean_shortcode_after_top_bar":"","ocean_shortcode_before_header":"","ocean_shortcode_after_header":"","ocean_has_shortcode":"","ocean_shortcode_after_title":"","ocean_shortcode_before_footer_widgets":"","ocean_shortcode_after_footer_widgets":"","ocean_shortcode_before_footer_bottom":"","ocean_shortcode_after_footer_bottom":"","ocean_display_top_bar":"default","ocean_display_header":"default","ocean_header_style":"","ocean_center_header_left_menu":"0","ocean_custom_header_template":"0","ocean_custom_logo":0,"ocean_custom_retina_logo":0,"ocean_custom_logo_max_width":0,"ocean_custom_logo_tablet_max_width":0,"ocean_custom_logo_mobile_max_width":0,"ocean_custom_logo_max_height":0,"ocean_custom_logo_tablet_max_height":0,"ocean_custom_logo_mobile_max_height":0,"ocean_header_custom_menu":"0","ocean_menu_typo_font_family":"0","ocean_menu_typo_font_subset":"","ocean_menu_typo_font_size":0,"ocean_menu_typo_font_size_tablet":0,"ocean_menu_typo_font_size_mobile":0,"ocean_menu_typo_font_size_unit":"px","ocean_menu_typo_font_weight":"","ocean_menu_typo_font_weight_tablet":"","ocean_menu_typo_font_weight_mobile":"","ocean_menu_typo_transform":"","ocean_menu_typo_transform_tablet":"","ocean_menu_typo_transform_mobile":"","ocean_menu_typo_line_height":0,"ocean_menu_typo_line_height_tablet":0,"ocean_menu_typo_line_height_mobile":0,"ocean_menu_typo_line_height_unit":"","ocean_menu_typo_spacing":0,"ocean_menu_typo_spacing_tablet":0,"ocean_menu_typo_spacing_mobile":0,"ocean_menu_typo_spacing_unit":"","ocean_menu_link_color":"","ocean_menu_link_color_hover":"","ocean_menu_link_color_active":"","ocean_menu_link_background":"","ocean_menu_link_hover_background":"","ocean_menu_link_active_background":"","ocean_menu_social_links_bg":"","ocean_menu_social_hover_links_bg":"","ocean_menu_social_links_color":"","ocean_menu_social_hover_links_color":"","ocean_disable_title":"default","ocean_disable_heading":"default","ocean_post_title":"","ocean_post_subheading":"","ocean_post_title_style":"","ocean_post_title_background_color":"","ocean_post_title_background":0,"ocean_post_title_bg_image_position":"","ocean_post_title_bg_image_attachment":"","ocean_post_title_bg_image_repeat":"","ocean_post_title_bg_image_size":"","ocean_post_title_height":0,"ocean_post_title_bg_overlay":0.5,"ocean_post_title_bg_overlay_color":"","ocean_disable_breadcrumbs":"default","ocean_breadcrumbs_color":"","ocean_breadcrumbs_separator_color":"","ocean_breadcrumbs_links_color":"","ocean_breadcrumbs_links_hover_color":"","ocean_display_footer_widgets":"default","ocean_display_footer_bottom":"default","ocean_custom_footer_template":"0"},"product_brand":[116],"product_cat":[18],"product_tag":[126,133,128,125],"class_list":{"0":"post-72452","1":"product","2":"type-product","3":"status-publish","4":"has-post-thumbnail","6":"product_brand-geoderm","7":"product_cat-nettoyage-de-la-peau-et-masques","8":"product_tag-sans-paraben","9":"product_tag-sansparfumsynthetique","10":"product_tag-sanssulfates","11":"product_tag-vegan","13":"entry","14":"has-media","16":"first","17":"instock","18":"taxable","19":"shipping-taxable","20":"purchasable","21":"product-type-simple","22":"has-rating","23":"col","24":"span_1_of_3","25":"owp-content-center","26":"owp-thumbs-layout-horizontal","27":"owp-btn-normal","28":"owp-tabs-layout-section","29":"has-no-thumbnails","30":"circle-sale"},"_links":{"self":[{"href":"https:\/\/www.biobey.be\/fr\/wp-json\/wp\/v2\/product\/72452","targetHints":{"allow":["GET"]}}],"collection":[{"href":"https:\/\/www.biobey.be\/fr\/wp-json\/wp\/v2\/product"}],"about":[{"href":"https:\/\/www.biobey.be\/fr\/wp-json\/wp\/v2\/types\/product"}],"replies":[{"embeddable":true,"href":"https:\/\/www.biobey.be\/fr\/wp-json\/wp\/v2\/comments?post=72452"}],"wp:featuredmedia":[{"embeddable":true,"href":"https:\/\/www.biobey.be\/fr\/wp-json\/wp\/v2\/media\/72451"}],"wp:attachment":[{"href":"https:\/\/www.biobey.be\/fr\/wp-json\/wp\/v2\/media?parent=72452"}],"wp:term":[{"taxonomy":"product_brand","embeddable":true,"href":"https:\/\/www.biobey.be\/fr\/wp-json\/wp\/v2\/product_brand?post=72452"},{"taxonomy":"product_cat","embeddable":true,"href":"https:\/\/www.biobey.be\/fr\/wp-json\/wp\/v2\/product_cat?post=72452"},{"taxonomy":"product_tag","embeddable":true,"href":"https:\/\/www.biobey.be\/fr\/wp-json\/wp\/v2\/product_tag?post=72452"}],"curies":[{"name":"wp","href":"https:\/\/api.w.org\/{rel}","templated":true}]}}