{"id":72453,"date":"2025-11-16T17:20:05","date_gmt":"2025-11-16T16:20:05","guid":{"rendered":"https:\/\/www.biobey.be\/fr\/?post_type=product&#038;p=72453"},"modified":"2025-11-16T20:51:08","modified_gmt":"2025-11-16T19:51:08","slug":"rouge-a-levres-bio-et-vegan-rouge-flamme","status":"publish","type":"product","link":"https:\/\/www.biobey.be\/fr\/produit\/rouge-a-levres-bio-et-vegan-rouge-flamme\/","title":{"rendered":"Bio Rouge \u00e0 l\u00e8vres Rouge flamme Geoderm 4,0 g"},"content":{"rendered":"<p>Rouge \u00e0 l\u00e8vres bio et vegan Geoderm fire red a une texture douce et un magnifique fini satin\u00e9. Les pigments min\u00e9raux et les cires v\u00e9g\u00e9tales qu&rsquo;il contient tiennent pendant des heures. Ce rouge \u00e0 l\u00e8vres rouge vif met les l\u00e8vres en valeur et embellit le teint.<\/p>\n<p>Ce rouge \u00e0 l\u00e8vres bio et vegan est riche en ingr\u00e9dients hydratants. Il contient de l&rsquo;huile d&rsquo;amande douce biologique, de l&rsquo;huile de ricin et de la vitamine E. Le rouge \u00e0 l\u00e8vres vegan Rouge flamme <strong>ne contient pas de colorants synth\u00e9tique<\/strong>s, d&rsquo;huiles min\u00e9rales ni de microplastiques. Sa composition douce ne dess\u00e8che pas les l\u00e8vres. Il convient donc \u00e0 un usage quotidien.<\/p>\n<h2>Quels sont les bienfaits du rouge \u00e0 l\u00e8vres bio et vegan Rouge flamme ?<\/h2>\n<ul>\n<li>Une couleur rouge qui tient plus longtemps : le rouge \u00e0 l\u00e8vres bio et vegan rouge flamme contient des pigments min\u00e9raux. Contrairement aux colorants synth\u00e9tiques, <strong>les pigments min\u00e9raux tiennent plus longtemps sur les l\u00e8vres<\/strong>.<\/li>\n<li>Rouge \u00e0 l\u00e8vres couleur Rouge flamme vif remarquable : la couleur rouge vif du rouge \u00e0 l\u00e8vres attire l&rsquo;attention sur les l\u00e8vres. Le contraste met \u00e9galement en valeur le teint.<\/li>\n<li>Prot\u00e8ge les l\u00e8vres : la vitamine E pr\u00e9vient le vieillissement pr\u00e9matur\u00e9 de la peau gr\u00e2ce \u00e0 son action antioxydante.<\/li>\n<li>Le rouge \u00e0 l\u00e8vres bio et vegan Rouge flamme <strong>adoucit les l\u00e8vres s\u00e8ches<\/strong> : la formule \u00e0 base d&rsquo;huile de jojoba et d&rsquo;huile d&rsquo;amande douce est riche en acides gras essentiels insatur\u00e9s. Ceux-ci adoucissent les l\u00e8vres s\u00e8ches et pr\u00e9viennent la d\u00e9shydratation.<\/li>\n<li>Texture douce des l\u00e8vres : la candelilla et l&rsquo;acacia decurrens, des cires florales, cr\u00e9ent une texture soyeuse sur les l\u00e8vres.<\/li>\n<\/ul>\n<h3>Comment appliquer cette rouge \u00e0 l\u00e8vres bio et vegan ?<\/h3>\n<p>Utilisez un crayon \u00e0 l\u00e8vres rouge pour bien accentuer le contour des l\u00e8vres. Cela emp\u00eachera le rouge \u00e0 l\u00e8vres rouge de baver. Utilisez un pinceau pour appliquer d\u00e9licatement le rouge \u00e0 l\u00e8vres sur les l\u00e8vres.<\/p>\n<p>Avant d&rsquo;appliquer une deuxi\u00e8me couche de rouge \u00e0 l\u00e8vres, tapotez doucement les l\u00e8vres avec un mouchoir en papier. Cela rendra la couleur rouge des l\u00e8vres encore plus belle.<\/p>\n<p>Ingr\u00e9dients (INCI) : Ricinus communis Seed Oil*, Caprylic Triglyceride, Prunus amygdalus Dulcis Oil*, Candelilla Cera, Jojoba esters, Helianthus annuus Seed Wax, Tocopheryl Acetate, Acacia decurrens Flower Wax, Polyglycerin-3, Fragrance, CI15850<\/p>\n<p>*Ingr\u00e9dients issus de l&rsquo;agriculture biologique<br \/>\nComposition naturelle \u00e0 99,2 %, dont 25,58 % sont purement biologiques.<br \/>\nLes rouges \u00e0 l\u00e8vres Geoderm sont fabriqu\u00e9s en Espagne de mani\u00e8re durable et \u00e9thique.<\/p>\n","protected":false},"excerpt":{"rendered":"<p>Le rouge \u00e0 l\u00e8vres bio et vegan Rouge flamme est \u00e0 base de pigments min\u00e9raux et de cires v\u00e9g\u00e9tales.<\/p>\n<p>Le rouge \u00e0 l\u00e8vres bio et vegan rouge flamme vif a un fini satin\u00e9. Il tient longtemps et a une texture soyeuse.<\/p>\n<p><strong>Certifications :<\/strong><\/p>\n<ul>\n<li>B.I.O &#8211; Vegan<\/li>\n<li>A.C.N.E<\/li>\n<li>Test\u00e9 dermatologiquement<\/li>\n<li>Sans m\u00e9taux lourds<\/li>\n<\/ul>\n<p>Caract\u00e9ristiques Teinte rouge vif avec fini satin\u00e9 &#8211; Contenance de 4 g<\/p>\n","protected":false},"featured_media":72449,"comment_status":"open","ping_status":"closed","template":"","meta":{"ocean_post_layout":"","ocean_both_sidebars_style":"","ocean_both_sidebars_content_width":0,"ocean_both_sidebars_sidebars_width":0,"ocean_sidebar":"0","ocean_second_sidebar":"0","ocean_disable_margins":"enable","ocean_add_body_class":"","ocean_shortcode_before_top_bar":"","ocean_shortcode_after_top_bar":"","ocean_shortcode_before_header":"","ocean_shortcode_after_header":"","ocean_has_shortcode":"","ocean_shortcode_after_title":"","ocean_shortcode_before_footer_widgets":"","ocean_shortcode_after_footer_widgets":"","ocean_shortcode_before_footer_bottom":"","ocean_shortcode_after_footer_bottom":"","ocean_display_top_bar":"default","ocean_display_header":"default","ocean_header_style":"","ocean_center_header_left_menu":"0","ocean_custom_header_template":"0","ocean_custom_logo":0,"ocean_custom_retina_logo":0,"ocean_custom_logo_max_width":0,"ocean_custom_logo_tablet_max_width":0,"ocean_custom_logo_mobile_max_width":0,"ocean_custom_logo_max_height":0,"ocean_custom_logo_tablet_max_height":0,"ocean_custom_logo_mobile_max_height":0,"ocean_header_custom_menu":"0","ocean_menu_typo_font_family":"0","ocean_menu_typo_font_subset":"","ocean_menu_typo_font_size":0,"ocean_menu_typo_font_size_tablet":0,"ocean_menu_typo_font_size_mobile":0,"ocean_menu_typo_font_size_unit":"px","ocean_menu_typo_font_weight":"","ocean_menu_typo_font_weight_tablet":"","ocean_menu_typo_font_weight_mobile":"","ocean_menu_typo_transform":"","ocean_menu_typo_transform_tablet":"","ocean_menu_typo_transform_mobile":"","ocean_menu_typo_line_height":0,"ocean_menu_typo_line_height_tablet":0,"ocean_menu_typo_line_height_mobile":0,"ocean_menu_typo_line_height_unit":"","ocean_menu_typo_spacing":0,"ocean_menu_typo_spacing_tablet":0,"ocean_menu_typo_spacing_mobile":0,"ocean_menu_typo_spacing_unit":"","ocean_menu_link_color":"","ocean_menu_link_color_hover":"","ocean_menu_link_color_active":"","ocean_menu_link_background":"","ocean_menu_link_hover_background":"","ocean_menu_link_active_background":"","ocean_menu_social_links_bg":"","ocean_menu_social_hover_links_bg":"","ocean_menu_social_links_color":"","ocean_menu_social_hover_links_color":"","ocean_disable_title":"default","ocean_disable_heading":"default","ocean_post_title":"","ocean_post_subheading":"","ocean_post_title_style":"","ocean_post_title_background_color":"","ocean_post_title_background":0,"ocean_post_title_bg_image_position":"","ocean_post_title_bg_image_attachment":"","ocean_post_title_bg_image_repeat":"","ocean_post_title_bg_image_size":"","ocean_post_title_height":0,"ocean_post_title_bg_overlay":0.5,"ocean_post_title_bg_overlay_color":"","ocean_disable_breadcrumbs":"default","ocean_breadcrumbs_color":"","ocean_breadcrumbs_separator_color":"","ocean_breadcrumbs_links_color":"","ocean_breadcrumbs_links_hover_color":"","ocean_display_footer_widgets":"default","ocean_display_footer_bottom":"default","ocean_custom_footer_template":"0"},"product_brand":[116],"product_cat":[55],"product_tag":[126,133,127,125],"class_list":{"0":"post-72453","1":"product","2":"type-product","3":"status-publish","4":"has-post-thumbnail","6":"product_brand-geoderm","7":"product_cat-maquillage","8":"product_tag-sans-paraben","9":"product_tag-sansparfumsynthetique","10":"product_tag-sans-silicone","11":"product_tag-vegan","13":"entry","14":"has-media","16":"first","17":"instock","18":"taxable","19":"shipping-taxable","20":"purchasable","21":"product-type-simple","22":"has-rating","23":"col","24":"span_1_of_3","25":"owp-content-center","26":"owp-thumbs-layout-horizontal","27":"owp-btn-normal","28":"owp-tabs-layout-section","29":"has-no-thumbnails","30":"circle-sale"},"_links":{"self":[{"href":"https:\/\/www.biobey.be\/fr\/wp-json\/wp\/v2\/product\/72453","targetHints":{"allow":["GET"]}}],"collection":[{"href":"https:\/\/www.biobey.be\/fr\/wp-json\/wp\/v2\/product"}],"about":[{"href":"https:\/\/www.biobey.be\/fr\/wp-json\/wp\/v2\/types\/product"}],"replies":[{"embeddable":true,"href":"https:\/\/www.biobey.be\/fr\/wp-json\/wp\/v2\/comments?post=72453"}],"wp:featuredmedia":[{"embeddable":true,"href":"https:\/\/www.biobey.be\/fr\/wp-json\/wp\/v2\/media\/72449"}],"wp:attachment":[{"href":"https:\/\/www.biobey.be\/fr\/wp-json\/wp\/v2\/media?parent=72453"}],"wp:term":[{"taxonomy":"product_brand","embeddable":true,"href":"https:\/\/www.biobey.be\/fr\/wp-json\/wp\/v2\/product_brand?post=72453"},{"taxonomy":"product_cat","embeddable":true,"href":"https:\/\/www.biobey.be\/fr\/wp-json\/wp\/v2\/product_cat?post=72453"},{"taxonomy":"product_tag","embeddable":true,"href":"https:\/\/www.biobey.be\/fr\/wp-json\/wp\/v2\/product_tag?post=72453"}],"curies":[{"name":"wp","href":"https:\/\/api.w.org\/{rel}","templated":true}]}}