{"id":72503,"date":"2025-11-23T18:53:13","date_gmt":"2025-11-23T17:53:13","guid":{"rendered":"https:\/\/www.biobey.be\/fr\/?post_type=product&#038;p=72503"},"modified":"2025-11-23T18:57:05","modified_gmt":"2025-11-23T17:57:05","slug":"rouge-a-levres-naturel-satine-vegan","status":"publish","type":"product","link":"https:\/\/www.biobey.be\/fr\/produit\/rouge-a-levres-naturel-satine-vegan\/","title":{"rendered":"Rouge \u00e0 l\u00e8vres naturel satin\u00e9 Vintage rose &#8211; vegan et 100% naturel"},"content":{"rendered":"<p>Rouge \u00e0 l\u00e8vres naturel satin\u00e9 nude colore les l\u00e8vres d&rsquo;une magnifique teinte rose vintage gr\u00e2ce \u00e0 ses pigments min\u00e9raux 100% naturels. Le rouge \u00e0 l\u00e8vres rose nude sans talc souligne la couleur et la forme des l\u00e8vres. Il conf\u00e8re un aspect naturel et \u00e9l\u00e9gant. Le rouge \u00e0 l\u00e8vres naturel satin\u00e9 nude peut \u00eatre utilis\u00e9 avec un maquillage des yeux prononc\u00e9 afin d&rsquo;\u00e9quilibrer le look.<\/p>\n<p>Avec des yeux charbonneux, le rouge \u00e0 l\u00e8vres rose vintage attirera davantage l&rsquo;attention sur les yeux. Le rouge \u00e0 l\u00e8vres satin\u00e9 naturel nude Geoderm est <strong>doux pour les l\u00e8vres<\/strong>.<\/p>\n<p>Sa composition \u00e0 base d&rsquo;huile d&rsquo;amande douce biologique et d&rsquo;huile de ricin aide \u00e0 adoucir les l\u00e8vres s\u00e8ches. Les cires naturelles cr\u00e9ent <strong>une texture cr\u00e9meuse et douce sur les l\u00e8vres<\/strong>. Convient \u00e0 un usage r\u00e9gulier.<\/p>\n<h2>Comment d\u00e9terminer le rouge \u00e0 l\u00e8vres naturel satin\u00e9 nude appropri\u00e9 ?<\/h2>\n<p>En fonction de la nuance de votre peau, vous pouvez d\u00e9terminer quel rouge \u00e0 l\u00e8vres satin\u00e9 nude convient le mieux \u00e0 votre teint.<\/p>\n<p>Teint froid (veines bleues et sensibilit\u00e9 au soleil) : optez pour un rouge \u00e0 l\u00e8vres min\u00e9ral de couleur rose p\u00e2le, bois de rose ou rose poudr\u00e9.<\/p>\n<p>Teint chaud (veines vertes, bronzage rapide) : les rouges \u00e0 l\u00e8vres nude chauds <strong>conviennent bien aux personnes au teint chaud<\/strong>. Les rouges \u00e0 l\u00e8vres nude p\u00eache ou caramel auront un effet flatteur.<\/p>\n<h3>Comment appliquer le rouge \u00e0 l\u00e8vres naturel satin\u00e9 nude ?<\/h3>\n<p>Appliquez une fine couche de rouge \u00e0 l\u00e8vres au centre de la ligne des l\u00e8vres et \u00e9talez vers les bords. Utilisez un crayon \u00e0 l\u00e8vres nude pour souligner la ligne des l\u00e8vres. Le <a href=\"https:\/\/www.biobey.be\/fr\/produit\/rouge-a-levres-corail-naturel-en-crayon\/\">crayon \u00e0 l\u00e8vres rend les l\u00e8vres plus pulpeuses<\/a> et prolonge la tenue du rouge \u00e0 l\u00e8vres.<\/p>\n<p>Le rouge \u00e0 l\u00e8vres naturel satin\u00e9 convient \u00e0 un usage quotidien et aux personnes ayant les l\u00e8vres sensibles.<br \/>\nD\u00e9conseill\u00e9 aux enfants de moins de 3 ans.<\/p>\n<p>Ingr\u00e9dients (INCI) : Huile de Prunus amygdalus Dulcis*, Huile de graines de Ricinus communis*, Triglyc\u00e9rides C10-18, Candelilla Cera, Cera Alba*, Triglyc\u00e9ride caprylique\/caprique, CI 77891, CI 77007, CI77491, CI 75470, parfum, tocoph\u00e9rol, silice, maltodextrine, kaolin, CI77499, vanilline, menthol.<\/p>\n<p>*Ingr\u00e9dients issus de l&rsquo;agriculture biologique<br \/>\nComposition 100 % naturelle, dont 34,58 % d&rsquo;ingr\u00e9dients purement biologiques.<\/p>\n<p>Les rouges \u00e0 l\u00e8vres Geoderm sont certifi\u00e9s Ecocert et Cosmos Natural. Ils sont exempts de m\u00e9taux lourds et test\u00e9s dermatologiquement. Fabriqu\u00e9s en Espagne.<\/p>\n","protected":false},"excerpt":{"rendered":"<p>Le rouge \u00e0 l\u00e8vres naturel satin\u00e9 nude repulpe les l\u00e8vres de mani\u00e8re subtile et \u00e9l\u00e9gante. Le rouge \u00e0 l\u00e8vres min\u00e9ral rose vintage est sans talc, sans silicones, sans huiles min\u00e9rales et sans colorants synth\u00e9tiques.<\/p>\n<p><strong>Certifications<\/strong> : Ecocert, Cosmos Natural, Sans m\u00e9taux lourds, Test\u00e9 dermatologiquement.<\/p>\n<p><strong>Teinte<\/strong> : rose vintage\/rose nude avec un fini satin\u00e9<\/p>\n<p>Contenu : 2g<\/p>\n","protected":false},"featured_media":72499,"comment_status":"open","ping_status":"closed","template":"","meta":{"ocean_post_layout":"","ocean_both_sidebars_style":"","ocean_both_sidebars_content_width":0,"ocean_both_sidebars_sidebars_width":0,"ocean_sidebar":"0","ocean_second_sidebar":"0","ocean_disable_margins":"enable","ocean_add_body_class":"","ocean_shortcode_before_top_bar":"","ocean_shortcode_after_top_bar":"","ocean_shortcode_before_header":"","ocean_shortcode_after_header":"","ocean_has_shortcode":"","ocean_shortcode_after_title":"","ocean_shortcode_before_footer_widgets":"","ocean_shortcode_after_footer_widgets":"","ocean_shortcode_before_footer_bottom":"","ocean_shortcode_after_footer_bottom":"","ocean_display_top_bar":"default","ocean_display_header":"default","ocean_header_style":"","ocean_center_header_left_menu":"0","ocean_custom_header_template":"0","ocean_custom_logo":0,"ocean_custom_retina_logo":0,"ocean_custom_logo_max_width":0,"ocean_custom_logo_tablet_max_width":0,"ocean_custom_logo_mobile_max_width":0,"ocean_custom_logo_max_height":0,"ocean_custom_logo_tablet_max_height":0,"ocean_custom_logo_mobile_max_height":0,"ocean_header_custom_menu":"0","ocean_menu_typo_font_family":"0","ocean_menu_typo_font_subset":"","ocean_menu_typo_font_size":0,"ocean_menu_typo_font_size_tablet":0,"ocean_menu_typo_font_size_mobile":0,"ocean_menu_typo_font_size_unit":"px","ocean_menu_typo_font_weight":"","ocean_menu_typo_font_weight_tablet":"","ocean_menu_typo_font_weight_mobile":"","ocean_menu_typo_transform":"","ocean_menu_typo_transform_tablet":"","ocean_menu_typo_transform_mobile":"","ocean_menu_typo_line_height":0,"ocean_menu_typo_line_height_tablet":0,"ocean_menu_typo_line_height_mobile":0,"ocean_menu_typo_line_height_unit":"","ocean_menu_typo_spacing":0,"ocean_menu_typo_spacing_tablet":0,"ocean_menu_typo_spacing_mobile":0,"ocean_menu_typo_spacing_unit":"","ocean_menu_link_color":"","ocean_menu_link_color_hover":"","ocean_menu_link_color_active":"","ocean_menu_link_background":"","ocean_menu_link_hover_background":"","ocean_menu_link_active_background":"","ocean_menu_social_links_bg":"","ocean_menu_social_hover_links_bg":"","ocean_menu_social_links_color":"","ocean_menu_social_hover_links_color":"","ocean_disable_title":"default","ocean_disable_heading":"default","ocean_post_title":"","ocean_post_subheading":"","ocean_post_title_style":"","ocean_post_title_background_color":"","ocean_post_title_background":0,"ocean_post_title_bg_image_position":"","ocean_post_title_bg_image_attachment":"","ocean_post_title_bg_image_repeat":"","ocean_post_title_bg_image_size":"","ocean_post_title_height":0,"ocean_post_title_bg_overlay":0.5,"ocean_post_title_bg_overlay_color":"","ocean_disable_breadcrumbs":"default","ocean_breadcrumbs_color":"","ocean_breadcrumbs_separator_color":"","ocean_breadcrumbs_links_color":"","ocean_breadcrumbs_links_hover_color":"","ocean_display_footer_widgets":"default","ocean_display_footer_bottom":"default","ocean_custom_footer_template":"0"},"product_brand":[116],"product_cat":[55],"product_tag":[126,133,127,125],"class_list":{"0":"post-72503","1":"product","2":"type-product","3":"status-publish","4":"has-post-thumbnail","6":"product_brand-geoderm","7":"product_cat-maquillage","8":"product_tag-sans-paraben","9":"product_tag-sansparfumsynthetique","10":"product_tag-sans-silicone","11":"product_tag-vegan","13":"entry","14":"has-media","16":"first","17":"instock","18":"taxable","19":"shipping-taxable","20":"purchasable","21":"product-type-simple","22":"has-rating","23":"col","24":"span_1_of_3","25":"owp-content-center","26":"owp-thumbs-layout-horizontal","27":"owp-btn-normal","28":"owp-tabs-layout-section","29":"has-no-thumbnails","30":"circle-sale"},"_links":{"self":[{"href":"https:\/\/www.biobey.be\/fr\/wp-json\/wp\/v2\/product\/72503","targetHints":{"allow":["GET"]}}],"collection":[{"href":"https:\/\/www.biobey.be\/fr\/wp-json\/wp\/v2\/product"}],"about":[{"href":"https:\/\/www.biobey.be\/fr\/wp-json\/wp\/v2\/types\/product"}],"replies":[{"embeddable":true,"href":"https:\/\/www.biobey.be\/fr\/wp-json\/wp\/v2\/comments?post=72503"}],"wp:featuredmedia":[{"embeddable":true,"href":"https:\/\/www.biobey.be\/fr\/wp-json\/wp\/v2\/media\/72499"}],"wp:attachment":[{"href":"https:\/\/www.biobey.be\/fr\/wp-json\/wp\/v2\/media?parent=72503"}],"wp:term":[{"taxonomy":"product_brand","embeddable":true,"href":"https:\/\/www.biobey.be\/fr\/wp-json\/wp\/v2\/product_brand?post=72503"},{"taxonomy":"product_cat","embeddable":true,"href":"https:\/\/www.biobey.be\/fr\/wp-json\/wp\/v2\/product_cat?post=72503"},{"taxonomy":"product_tag","embeddable":true,"href":"https:\/\/www.biobey.be\/fr\/wp-json\/wp\/v2\/product_tag?post=72503"}],"curies":[{"name":"wp","href":"https:\/\/api.w.org\/{rel}","templated":true}]}}