{"id":72531,"date":"2025-12-03T03:39:51","date_gmt":"2025-12-03T02:39:51","guid":{"rendered":"https:\/\/www.biobey.be\/fr\/?post_type=product&#038;p=72531"},"modified":"2026-03-23T11:19:57","modified_gmt":"2026-03-23T10:19:57","slug":"creme-solaire-eclat-spf50-minerale","status":"publish","type":"product","link":"https:\/\/www.biobey.be\/fr\/produit\/creme-solaire-eclat-spf50-minerale\/","title":{"rendered":"Cr\u00e8me solaire \u00c9clat SPF50 Min\u00e9rale Corps et Visage"},"content":{"rendered":"<p>Cr\u00e8me solaire \u00c9clat SPF50 Min\u00e9rale corps et visage est un \u00e9cran solaire naturel avec un facteur de luminosit\u00e9 et un facteur solaire min\u00e9ral de 50. Il offre \u00e0 la peau une forte protection contre les rayons UV tout en cr\u00e9ant un magnifique reflet dor\u00e9 subtil et naturel.<\/p>\n<p>Le beurre de karit\u00e9 biologique, l&rsquo;huile de framboise et l&rsquo;huile d&rsquo;inca inchi nourrissent la peau et renforcent l&rsquo;\u00e9lasticit\u00e9 des cellules cutan\u00e9es. Cr\u00e8me solaire \u00c9clat SPF 50 Min\u00e9rale est une combinaison d&rsquo;un \u00e9cran solaire min\u00e9ral, d&rsquo;une cr\u00e8me nourrissante pour le corps et d&rsquo;un \u00e9clat naturel pour le corps.<\/p>\n<h2>Qu&rsquo;est-ce qu&rsquo;un cr\u00e8me solaire \u00c9clat SPF50 Min\u00e9rale Corps et visage ?<\/h2>\n<p>Le produit min\u00e9ral naturel \u00e9clat corps spf 50 est un produit multi-actions. Cr\u00e8me solaire \u00c9clat SPF 50 Min\u00e9rale Corps et visage est un produit 3 en 1, \u00e0 savoir :<\/p>\n<ol>\n<li>Cr\u00e8me solaire min\u00e9rale avec spf 50 pour une forte protection contre les rayons UVA\/UVB nocifs. La cr\u00e8me contient des filtres solaires physiques s\u00fbrs et respectueux de l&rsquo;environnement.<\/li>\n<li>Cr\u00e8me solaire \u00c9clat SPF50 Min\u00e9rale Corps et visage : Elle donne \u00e0 la peau une teinte dor\u00e9e subtile et un bel \u00e9clat.<\/li>\n<li>Cr\u00e8me nourrissante et raffermissante qui nourrit, adoucit et prot\u00e8ge la peau du vieillissement pr\u00e9matur\u00e9. La combinaison d&rsquo;huile de framboise, d&rsquo;huile de geni\u00e8vre et de vitamine E ralentit la d\u00e9gradation du collag\u00e8ne pour aider \u00e0 pr\u00e9venir les rides. La vitamine E prot\u00e8ge contre le stress oxydatif.<\/li>\n<li>La cr\u00e8me solaire \u00c9clat SPF50 Min\u00e9rale Corps et visage de Geoderm a \u00e9t\u00e9 test\u00e9e sous contr\u00f4le dermatologique, est v\u00e9g\u00e9talienne, certifi\u00e9e Cosmos Organic et ne contient pas de m\u00e9taux lourds. La cr\u00e8me solaire naturelle avec \u00e9clat convient \u00e0 tous les types de peau, ainsi qu&rsquo;aux peaux sensibles et s\u00e8ches.<\/li>\n<\/ol>\n<h3>Comment utiliser cr\u00e8me solaire \u00c9clat SPF50 Min\u00e9rale bio ?<\/h3>\n<p>Appliquez la cr\u00e8me solaire \u00c9clat SPF50 Min\u00e9rale Corps et visage sur une peau s\u00e8che. Appliquez-la sur la peau en effectuant des mouvements circulaires. \u00c9talez-la uniform\u00e9ment sur la peau.<\/p>\n<p>Renouvelez l&rsquo;application apr\u00e8s la baignade ou toutes les deux heures lorsque vous prenez un bain de soleil pour une protection solaire efficace. Convient pour un usage quotidien. \u00c9viter le contact avec les yeux. Usage externe uniquement.<\/p>\n<h3>Les bienfaits des ingr\u00e9dients INCI dans la cr\u00e8me solaire \u00c9clat SPF50 Min\u00e9rale bio:<\/h3>\n<ol>\n<li>Ricinus communis Seed Oil : l&rsquo;huile de carter biologique press\u00e9e \u00e0 froid poss\u00e8de des propri\u00e9t\u00e9s nourrissantes et anti-inflammatoires.<\/li>\n<li>Beurre de Butyrospermum Parkii : le beurre de karit\u00e9 forme une couche douce sur la peau, emp\u00eachant la perte d&rsquo;humidit\u00e9.<\/li>\n<li>Plukenetia Volubilis Seed Oil : l&rsquo;huile d&rsquo;inca inchi est riche en vitamines A et E, en acides gras insatur\u00e9s om\u00e9ga 6 et 9, en carot\u00e9no\u00efdes et en prot\u00e9ines. Elle r\u00e9g\u00e9n\u00e8re les cellules de la peau et aide \u00e0 ralentir la d\u00e9gradation de l&rsquo;\u00e9lastine.<\/li>\n<li>Huile de fruit de Rosa canina : l&rsquo;huile de rose musqu\u00e9e biologique aide \u00e0 estomper les taches pigmentaires et \u00e0 am\u00e9liorer la texture de la peau.<\/li>\n<li>Huile de p\u00e9pins de Rubus Idaus : L&rsquo;huile de p\u00e9pins de framboise a des propri\u00e9t\u00e9s apaisantes pour les irritations cutan\u00e9es et les peaux atopiques.<\/li>\n<li>Huile de graine de Macadamia integrifolia : L&rsquo;huile de Macadamia assouplit la peau et favorise sa r\u00e9paration.<\/li>\n<\/ol>\n<p>La cr\u00e8me solaire min\u00e9rale naturelle \u00e9clatante spf 50 de Geoderm est test\u00e9e sous contr\u00f4le dermatologique, v\u00e9g\u00e9talienne, certifi\u00e9e Cosmos Organic et exempte de m\u00e9taux lourds.<\/p>\n<p>La cr\u00e8me solaire \u00e9clat SPF 50 Min\u00e9rale convient \u00e0 tous les types de peau, ainsi qu&rsquo;aux peaux sensibles et s\u00e8ches.<\/p>\n<p>Ingr\u00e9dients (INCI) : Huile de graines de Ricinus communis*, triglyc\u00e9ride caprylique\/caprique, dioxyde de titane, mica, alcool c\u00e9t\u00e9arylique, cire de candelilla, oxyde de zinc, triglyc\u00e9rides C10-18, huile de graines de Macadamia integrifolia, hydroxyde d&rsquo;aluminium, acide st\u00e9arique, beurre de Butyrospermum Parkii*, glucoside de c\u00e9t\u00e9aryle, bisabolol, huile de fruit de Rosa<\/p>\n<p>canina*, huile de graines de Rubus idaeus*, huile de graines d&rsquo;Helianthus annuus, tocoph\u00e9rol, huile de graines de Plukenetia Volubilis, extrait d&rsquo;Haematococcus pluvialis, silice, ar\u00f4me, citral, citronellol, limon\u00e8ne, linalool, huile de zeste de Citrus Aurantium<\/p>\n<p>Bergamia, huile de zeste de Citrus Aurantium, huile de Juniperus Virginiana, b\u00eata-caryophyll\u00e8ne, pin\u00e8ne, ac\u00e9tate de g\u00e9ranyle, ac\u00e9tate de linalyle, terpinol\u00e8ne, CI 77891, CI 77491<br \/>\nExtraits issus de l&rsquo;agriculture biologique*<\/p>\n<p>Composition 100 % naturelle<br \/>\n26,5 % d&rsquo;extraits biologiques<\/p>\n","protected":false},"excerpt":{"rendered":"<p>Cr\u00e8me solaire \u00c9clat SPF50 Min\u00e9rale corps et visage a une action multifonctionnelle. Cette cr\u00e8me solaire \u00c9clat SPF 50 Min\u00e9rale corps et visage offre une protection solaire min\u00e9rale SPF 50. La cr\u00e8me solaire naturelle SPF 50 adoucit et nourrit la peau et cr\u00e9e un subtil \u00e9clat dor\u00e9. Convient au visage<\/p>\n<p><strong>Action<\/strong> :<\/p>\n<ul>\n<li><strong>Protection solaire naturelle forte avec SPF 50<\/strong><\/li>\n<li><strong>Nourrit, adoucit et raffermit la peau. <\/strong><\/li>\n<li><strong>Cr\u00e9e un \u00e9clat dor\u00e9 naturel sur la peau.<\/strong><\/li>\n<\/ul>\n<p><strong>Caract\u00e9ristiques<\/strong> : formule 100 % naturelle. Vegan, Cosmos Organic, test\u00e9 dermatologiquement, convient aux peaux sensibles, sans m\u00e9taux lourds. Sans filtres solaires chimiques.<\/p>\n","protected":false},"featured_media":72525,"comment_status":"open","ping_status":"closed","template":"","meta":{"ocean_post_layout":"","ocean_both_sidebars_style":"","ocean_both_sidebars_content_width":0,"ocean_both_sidebars_sidebars_width":0,"ocean_sidebar":"0","ocean_second_sidebar":"0","ocean_disable_margins":"enable","ocean_add_body_class":"","ocean_shortcode_before_top_bar":"","ocean_shortcode_after_top_bar":"","ocean_shortcode_before_header":"","ocean_shortcode_after_header":"","ocean_has_shortcode":"","ocean_shortcode_after_title":"","ocean_shortcode_before_footer_widgets":"","ocean_shortcode_after_footer_widgets":"","ocean_shortcode_before_footer_bottom":"","ocean_shortcode_after_footer_bottom":"","ocean_display_top_bar":"default","ocean_display_header":"default","ocean_header_style":"","ocean_center_header_left_menu":"0","ocean_custom_header_template":"0","ocean_custom_logo":0,"ocean_custom_retina_logo":0,"ocean_custom_logo_max_width":0,"ocean_custom_logo_tablet_max_width":0,"ocean_custom_logo_mobile_max_width":0,"ocean_custom_logo_max_height":0,"ocean_custom_logo_tablet_max_height":0,"ocean_custom_logo_mobile_max_height":0,"ocean_header_custom_menu":"0","ocean_menu_typo_font_family":"0","ocean_menu_typo_font_subset":"","ocean_menu_typo_font_size":0,"ocean_menu_typo_font_size_tablet":0,"ocean_menu_typo_font_size_mobile":0,"ocean_menu_typo_font_size_unit":"px","ocean_menu_typo_font_weight":"","ocean_menu_typo_font_weight_tablet":"","ocean_menu_typo_font_weight_mobile":"","ocean_menu_typo_transform":"","ocean_menu_typo_transform_tablet":"","ocean_menu_typo_transform_mobile":"","ocean_menu_typo_line_height":0,"ocean_menu_typo_line_height_tablet":0,"ocean_menu_typo_line_height_mobile":0,"ocean_menu_typo_line_height_unit":"","ocean_menu_typo_spacing":0,"ocean_menu_typo_spacing_tablet":0,"ocean_menu_typo_spacing_mobile":0,"ocean_menu_typo_spacing_unit":"","ocean_menu_link_color":"","ocean_menu_link_color_hover":"","ocean_menu_link_color_active":"","ocean_menu_link_background":"","ocean_menu_link_hover_background":"","ocean_menu_link_active_background":"","ocean_menu_social_links_bg":"","ocean_menu_social_hover_links_bg":"","ocean_menu_social_links_color":"","ocean_menu_social_hover_links_color":"","ocean_disable_title":"default","ocean_disable_heading":"default","ocean_post_title":"","ocean_post_subheading":"","ocean_post_title_style":"","ocean_post_title_background_color":"","ocean_post_title_background":0,"ocean_post_title_bg_image_position":"","ocean_post_title_bg_image_attachment":"","ocean_post_title_bg_image_repeat":"","ocean_post_title_bg_image_size":"","ocean_post_title_height":0,"ocean_post_title_bg_overlay":0.5,"ocean_post_title_bg_overlay_color":"","ocean_disable_breadcrumbs":"default","ocean_breadcrumbs_color":"","ocean_breadcrumbs_separator_color":"","ocean_breadcrumbs_links_color":"","ocean_breadcrumbs_links_hover_color":"","ocean_display_footer_widgets":"default","ocean_display_footer_bottom":"default","ocean_custom_footer_template":"0"},"product_brand":[116],"product_cat":[55,59],"product_tag":[126,133,127,128,125],"class_list":{"0":"post-72531","1":"product","2":"type-product","3":"status-publish","4":"has-post-thumbnail","6":"product_brand-geoderm","7":"product_cat-maquillage","8":"product_cat-protection-solaire","9":"product_tag-sans-paraben","10":"product_tag-sansparfumsynthetique","11":"product_tag-sans-silicone","12":"product_tag-sanssulfates","13":"product_tag-vegan","15":"entry","16":"has-media","18":"first","19":"instock","20":"taxable","21":"shipping-taxable","22":"purchasable","23":"product-type-simple","24":"has-rating","25":"col","26":"span_1_of_3","27":"owp-content-center","28":"owp-thumbs-layout-horizontal","29":"owp-btn-normal","30":"owp-tabs-layout-section","31":"has-no-thumbnails","32":"circle-sale"},"_links":{"self":[{"href":"https:\/\/www.biobey.be\/fr\/wp-json\/wp\/v2\/product\/72531","targetHints":{"allow":["GET"]}}],"collection":[{"href":"https:\/\/www.biobey.be\/fr\/wp-json\/wp\/v2\/product"}],"about":[{"href":"https:\/\/www.biobey.be\/fr\/wp-json\/wp\/v2\/types\/product"}],"replies":[{"embeddable":true,"href":"https:\/\/www.biobey.be\/fr\/wp-json\/wp\/v2\/comments?post=72531"}],"wp:featuredmedia":[{"embeddable":true,"href":"https:\/\/www.biobey.be\/fr\/wp-json\/wp\/v2\/media\/72525"}],"wp:attachment":[{"href":"https:\/\/www.biobey.be\/fr\/wp-json\/wp\/v2\/media?parent=72531"}],"wp:term":[{"taxonomy":"product_brand","embeddable":true,"href":"https:\/\/www.biobey.be\/fr\/wp-json\/wp\/v2\/product_brand?post=72531"},{"taxonomy":"product_cat","embeddable":true,"href":"https:\/\/www.biobey.be\/fr\/wp-json\/wp\/v2\/product_cat?post=72531"},{"taxonomy":"product_tag","embeddable":true,"href":"https:\/\/www.biobey.be\/fr\/wp-json\/wp\/v2\/product_tag?post=72531"}],"curies":[{"name":"wp","href":"https:\/\/api.w.org\/{rel}","templated":true}]}}