{"id":72532,"date":"2025-12-03T03:40:23","date_gmt":"2025-12-03T02:40:23","guid":{"rendered":"https:\/\/www.biobey.be\/fr\/?post_type=product&#038;p=72532"},"modified":"2026-02-01T11:33:19","modified_gmt":"2026-02-01T10:33:19","slug":"lait-demaquillant-naturel-a-largan-250-ml","status":"publish","type":"product","link":"https:\/\/www.biobey.be\/fr\/produit\/lait-demaquillant-naturel-a-largan-250-ml\/","title":{"rendered":"Lait d\u00e9maquillant naturel \u00e0 l&rsquo;argan 250 ml"},"content":{"rendered":"<p>Le lait d\u00e9maquillant naturel \u00e0 l&rsquo;argan Natura Equa \u00e9limine en douceur les r\u00e9sidus de maquillage. Le lait d\u00e9maquillant \u00e0 base d&rsquo;huile d&rsquo;argan biologique press\u00e9e \u00e0 froid nettoie sans endommager la barri\u00e8re cutan\u00e9e. Le beurre de karit\u00e9 et l&rsquo;huile d&rsquo;amande douce contenus dans le lait nettoyant <strong>aident \u00e0 pr\u00e9venir la perte d&rsquo;hydratation de la peau<\/strong>.<\/p>\n<p>La vitamine E et l&rsquo;huile d&rsquo;argan press\u00e9e \u00e0 froid prot\u00e8gent la peau des radicaux libres. Le lait d\u00e9maquillant naturel \u00e0 l&rsquo;argan ne contient ni sulfates, ni silicones, ni pegs, ni huiles min\u00e9rales, ni parab\u00e8nes. Il est naturel et convient aux v\u00e9g\u00e9taliens.<\/p>\n<h2>Que fait le lait d\u00e9maquillant naturel \u00e0 l&rsquo;argan pour la peau ?<\/h2>\n<p>Le lait d\u00e9maquillant naturel \u00e0 l&rsquo;argan Natura Equa est un d\u00e9maquillant et un nettoyant cutan\u00e9 2 en 1. Il nettoie la peau et \u00e9limine les salissures r\u00e9siduelles sans dess\u00e9cher la peau.<\/p>\n<p>Gr\u00e2ce \u00e0 sa formule \u00e0 base de beurre de karit\u00e9 bio, d&rsquo;huile d&rsquo;amande douce et d&rsquo;huile d&rsquo;argan, il convient aux personnes ayant des peaux s\u00e8ches et mixtes. L&rsquo;huile d&rsquo;argan press\u00e9e \u00e0 froid contenue dans le lait d\u00e9maquillant naturel <strong>nettoie les pores et r\u00e9gule la production de s\u00e9bum.<\/strong><\/p>\n<p>La forte concentration d&rsquo;antioxydants tels que la vitamine E aide \u00e0 lutter contre les effets n\u00e9gatifs des radicaux libres. L&rsquo;huile d&rsquo;amande douce p\u00e9n\u00e8tre rapidement dans la peau et aide \u00e0 hydrater les peaux s\u00e8ches.<\/p>\n<h3>Comment utiliser le lait d\u00e9maquillant naturel \u00e0 l&rsquo;argan ?<\/h3>\n<p>Appliquer une petite quantit\u00e9 de lait d\u00e9maquillant naturel \u00e0 l&rsquo;argan sur un coton et retirer d\u00e9licatement le maquillage et les impuret\u00e9s. Le lait d\u00e9maquillant peut \u00e9galement \u00eatre mass\u00e9 directement sur la peau du bout des doigts. Rincer ensuite le visage \u00e0 l&rsquo;eau ti\u00e8de.<\/p>\n<h3>Composition INCI du lait d\u00e9maquillant naturel \u00e0 l&rsquo;argan : Ingr\u00e9dients du plus concentr\u00e9 au moins concentr\u00e9<\/h3>\n<p>Ingr\u00e9dients : Aqua, huile de noyau d&rsquo;Argania Spinosa*, beurre de karit\u00e9*, huile de Prunus Amygdalus Dulcis*, \u00e9ther dicaprylylique, alcool c\u00e9t\u00e9arylique, st\u00e9arate de glyc\u00e9ryle, glyc\u00e9rine, extrait de feuille d&rsquo;Ocimum Basilicum*, ac\u00e9tate de tocoph\u00e9ryle, l\u00e9cithine, vitamine E, palmitate d&rsquo;ascorbyle, glucoside de c\u00e9t\u00e9aryle, gomme xanthane, cocoamphodiac\u00e9tate<\/p>\n<p>disodique, acide citrique, phytate de sodium, alcool benzylique, benzoate de sodium, d\u00e9shydroac\u00e9tate de sodium, sorbate de potassium, linalol**, limon\u00e8ne**, fragrance* *<br \/>\n*Ingr\u00e9dients issus de l&rsquo;agriculture biologique<\/p>\n<p>Les produits Natura Equa sont d\u00e9velopp\u00e9s de mani\u00e8re durable en Italie. Des mati\u00e8res premi\u00e8res locales et issues du commerce \u00e9quitable sont utilis\u00e9es dans la production.<\/p>\n<p>Tous les produits Natura Equa sont emball\u00e9s dans du bioplastique. Il s&rsquo;agit d&rsquo;un bioplastique enti\u00e8rement d\u00e9riv\u00e9 de d\u00e9chets de canne \u00e0 sucre recycl\u00e9s.<\/p>\n","protected":false},"excerpt":{"rendered":"<p>Le lait d\u00e9maquillant naturel \u00e0 l&rsquo;argan de Natura Equa d\u00e9maquille et nettoie la peau en douceur. La formule \u00e0 base de beurre de karit\u00e9, d&rsquo;huile d&rsquo;argan et d&rsquo;huile d&rsquo;amande douce \u00e9limine les r\u00e9sidus de maquillage et de salet\u00e9 et hydrate la peau.<\/p>\n<p><strong>Formule<\/strong>: Huile d&rsquo;argan biologique press\u00e9e \u00e0 froid, Huile d&rsquo;amande douce, Beurre de karit\u00e9,<\/p>\n<p>Type de peau : Peau normale &#8211; s\u00e8che &#8211; mixte<\/p>\n","protected":false},"featured_media":72526,"comment_status":"open","ping_status":"closed","template":"","meta":{"ocean_post_layout":"","ocean_both_sidebars_style":"","ocean_both_sidebars_content_width":0,"ocean_both_sidebars_sidebars_width":0,"ocean_sidebar":"0","ocean_second_sidebar":"0","ocean_disable_margins":"enable","ocean_add_body_class":"","ocean_shortcode_before_top_bar":"","ocean_shortcode_after_top_bar":"","ocean_shortcode_before_header":"","ocean_shortcode_after_header":"","ocean_has_shortcode":"","ocean_shortcode_after_title":"","ocean_shortcode_before_footer_widgets":"","ocean_shortcode_after_footer_widgets":"","ocean_shortcode_before_footer_bottom":"","ocean_shortcode_after_footer_bottom":"","ocean_display_top_bar":"default","ocean_display_header":"default","ocean_header_style":"","ocean_center_header_left_menu":"0","ocean_custom_header_template":"0","ocean_custom_logo":0,"ocean_custom_retina_logo":0,"ocean_custom_logo_max_width":0,"ocean_custom_logo_tablet_max_width":0,"ocean_custom_logo_mobile_max_width":0,"ocean_custom_logo_max_height":0,"ocean_custom_logo_tablet_max_height":0,"ocean_custom_logo_mobile_max_height":0,"ocean_header_custom_menu":"0","ocean_menu_typo_font_family":"0","ocean_menu_typo_font_subset":"","ocean_menu_typo_font_size":0,"ocean_menu_typo_font_size_tablet":0,"ocean_menu_typo_font_size_mobile":0,"ocean_menu_typo_font_size_unit":"px","ocean_menu_typo_font_weight":"","ocean_menu_typo_font_weight_tablet":"","ocean_menu_typo_font_weight_mobile":"","ocean_menu_typo_transform":"","ocean_menu_typo_transform_tablet":"","ocean_menu_typo_transform_mobile":"","ocean_menu_typo_line_height":0,"ocean_menu_typo_line_height_tablet":0,"ocean_menu_typo_line_height_mobile":0,"ocean_menu_typo_line_height_unit":"","ocean_menu_typo_spacing":0,"ocean_menu_typo_spacing_tablet":0,"ocean_menu_typo_spacing_mobile":0,"ocean_menu_typo_spacing_unit":"","ocean_menu_link_color":"","ocean_menu_link_color_hover":"","ocean_menu_link_color_active":"","ocean_menu_link_background":"","ocean_menu_link_hover_background":"","ocean_menu_link_active_background":"","ocean_menu_social_links_bg":"","ocean_menu_social_hover_links_bg":"","ocean_menu_social_links_color":"","ocean_menu_social_hover_links_color":"","ocean_disable_title":"default","ocean_disable_heading":"default","ocean_post_title":"","ocean_post_subheading":"","ocean_post_title_style":"","ocean_post_title_background_color":"","ocean_post_title_background":0,"ocean_post_title_bg_image_position":"","ocean_post_title_bg_image_attachment":"","ocean_post_title_bg_image_repeat":"","ocean_post_title_bg_image_size":"","ocean_post_title_height":0,"ocean_post_title_bg_overlay":0.5,"ocean_post_title_bg_overlay_color":"","ocean_disable_breadcrumbs":"default","ocean_breadcrumbs_color":"","ocean_breadcrumbs_separator_color":"","ocean_breadcrumbs_links_color":"","ocean_breadcrumbs_links_hover_color":"","ocean_display_footer_widgets":"default","ocean_display_footer_bottom":"default","ocean_custom_footer_template":"0"},"product_brand":[116],"product_cat":[55,59,16],"product_tag":[126,127,125],"class_list":{"0":"post-72532","1":"product","2":"type-product","3":"status-publish","4":"has-post-thumbnail","6":"product_brand-geoderm","7":"product_cat-maquillage","8":"product_cat-protection-solaire","9":"product_cat-soins","10":"product_tag-sans-paraben","11":"product_tag-sans-silicone","12":"product_tag-vegan","14":"entry","15":"has-media","17":"first","18":"instock","19":"taxable","20":"shipping-taxable","21":"purchasable","22":"product-type-simple","23":"has-rating","24":"col","25":"span_1_of_3","26":"owp-content-center","27":"owp-thumbs-layout-horizontal","28":"owp-btn-normal","29":"owp-tabs-layout-section","30":"has-no-thumbnails","31":"circle-sale"},"_links":{"self":[{"href":"https:\/\/www.biobey.be\/fr\/wp-json\/wp\/v2\/product\/72532","targetHints":{"allow":["GET"]}}],"collection":[{"href":"https:\/\/www.biobey.be\/fr\/wp-json\/wp\/v2\/product"}],"about":[{"href":"https:\/\/www.biobey.be\/fr\/wp-json\/wp\/v2\/types\/product"}],"replies":[{"embeddable":true,"href":"https:\/\/www.biobey.be\/fr\/wp-json\/wp\/v2\/comments?post=72532"}],"wp:featuredmedia":[{"embeddable":true,"href":"https:\/\/www.biobey.be\/fr\/wp-json\/wp\/v2\/media\/72526"}],"wp:attachment":[{"href":"https:\/\/www.biobey.be\/fr\/wp-json\/wp\/v2\/media?parent=72532"}],"wp:term":[{"taxonomy":"product_brand","embeddable":true,"href":"https:\/\/www.biobey.be\/fr\/wp-json\/wp\/v2\/product_brand?post=72532"},{"taxonomy":"product_cat","embeddable":true,"href":"https:\/\/www.biobey.be\/fr\/wp-json\/wp\/v2\/product_cat?post=72532"},{"taxonomy":"product_tag","embeddable":true,"href":"https:\/\/www.biobey.be\/fr\/wp-json\/wp\/v2\/product_tag?post=72532"}],"curies":[{"name":"wp","href":"https:\/\/api.w.org\/{rel}","templated":true}]}}