{"id":72533,"date":"2025-12-03T03:40:34","date_gmt":"2025-12-03T02:40:34","guid":{"rendered":"https:\/\/www.biobey.be\/fr\/?post_type=product&#038;p=72533"},"modified":"2026-03-26T15:40:25","modified_gmt":"2026-03-26T14:40:25","slug":"creme-solaire-minerale-teintee-spf30","status":"publish","type":"product","link":"https:\/\/www.biobey.be\/fr\/produit\/creme-solaire-minerale-teintee-spf30\/","title":{"rendered":"Cr\u00e8me solaire min\u00e9rale teint\u00e9e SPF30 visage et corps 50ml"},"content":{"rendered":"<p>Cr\u00e8me solaire min\u00e9rale teint\u00e9e SPF30 avec 100% de filtres min\u00e9raux offre une protection efficace contre les rayons UVA\/UVB et l&rsquo;\u00e9cran bleu. La formulation naturelle est \u00e0 base de jus d&rsquo;aloe vera biologique, d&rsquo;acide hyaluronique, de pigments min\u00e9raux et de vitamine E.<\/p>\n<p>Cette cr\u00e8me solaire min\u00e9rale teint\u00e9e SPF30 cr\u00e9e une teinte bronz\u00e9e qui s&rsquo;adapte \u00e0 la couleur de la peau. L&rsquo;acide hyaluronique contenu dans l&rsquo;\u00e9cran solaire stimule l&rsquo;hydratation de la peau, tandis que l&rsquo;aloe vera r\u00e9pare les irritations et les rougeurs. Les \u00e9crans solaires min\u00e9raux physiques forment un bouclier r\u00e9fl\u00e9chissant les UV sur la peau.<\/p>\n<p>La cr\u00e8me solaire min\u00e9rale teint\u00e9e SPF30 ne laisse pas de voile blanc. La cr\u00e8me solaire a une couleur beige chaude qui donne une belle apparence.<\/p>\n<h2>Quel est l&rsquo;effet d&rsquo;une cr\u00e8me solaire min\u00e9rale teint\u00e9e SPF30 ?<\/h2>\n<p>La cr\u00e8me solaire naturelle pour le visage et le corps et v\u00e9g\u00e9talienne Geoderm avec teinte prot\u00e8ge et soigne la peau.<\/p>\n<ul>\n<li>Facteur de protection min\u00e9rale 30 contre les rayons UVA\/UVB et la lumi\u00e8re bleue de l&rsquo;\u00e9cran. La cr\u00e8me solaire min\u00e9rale teint\u00e9e SPF30 pour le visage contient 100 % de min\u00e9raux spf 30. Elle r\u00e9fl\u00e9chit les rayons UV \u00e0 la surface de la peau. Cela permet de prot\u00e9ger la peau des rides pr\u00e9matur\u00e9es, de la pigmentation et des coups de soleil.<\/li>\n<li><strong>Hydrate et revitalise la peau<\/strong> : le jus d&rsquo;aloe vera biologique, l&rsquo;acide hyaluronique et l&rsquo;huile de p\u00e9pins de framboise hydratent la peau en profondeur. Le jus d&rsquo;aloe vera aide \u00e0 r\u00e9parer les inflammations, les irritations de la peau et les barri\u00e8res cutan\u00e9es affaiblies.<\/li>\n<li>La formule naturelle et v\u00e9g\u00e9talienne de la cr\u00e8me solaire min\u00e9rale teint\u00e9e spf 30 est exempte de filtres chimiques, de nanoparticules, de perturbateurs hormonaux et d&rsquo;autres ingr\u00e9dients nocifs. Certifi\u00e9 Cosmos Organic.<\/li>\n<li>Une couverture naturelle de la peau: Les pigments de couleur naturels contenus dans la cr\u00e8me solaire Geoderm aident \u00e0 unifier la peau en camouflant les imperfections. La cr\u00e8me solaire teint\u00e9e pour le visage peut \u00eatre utilis\u00e9e comme alternative au fond de teint.<\/li>\n<li>Elle ne laisse pas de voile blancmais offre une protection spf 30 efficace pour la peau du visage et du corps.<\/li>\n<\/ul>\n<h3>Comment utiliser la cr\u00e8me solaire min\u00e9rale teint\u00e9e SPF30 ?<\/h3>\n<p>Geoderm cr\u00e8me solaire min\u00e9rale teint\u00e9e spf 30 convient au visage et au corps. Appliquez la cr\u00e8me spf30 par-dessus votre cr\u00e8me de jour sur le visage. La cr\u00e8me teint\u00e9e spf 30 peut remplacer le fond de teint min\u00e9ral ou la poudre bronzante.<\/p>\n<p>Lors d&rsquo;un bain de soleil, la cr\u00e8me solaire min\u00e9rale teint\u00e9e SPF30 geoderm peut \u00eatre appliqu\u00e9e juste avant l&rsquo;exposition au soleil. Renouvelez l&rsquo;application de la cr\u00e8me apr\u00e8s la baignade ou toutes les deux heures lorsque vous prenez un bain de soleil. Ne convient pas \u00e0 un usage interne.<\/p>\n<h3>Transparence : composition INCI liste les ingr\u00e9dients de cette cr\u00e8me spf 30 du plus concentr\u00e9 au moins concentr\u00e9<\/h3>\n<p>Ingr\u00e9dients : Jus de feuille d&rsquo;Aloe barbadensis*, coco-caprylate, triglyc\u00e9ride caprylique\/caprique, dioxyde de titane, oxyde de zinc, alcool c\u00e9t\u00e9arylique, propanediol, hydroxyde d&rsquo;aluminium, acide st\u00e9arique, amidon de Zea Mays, bisabolol, glucoside c\u00e9t\u00e9arylique, olivate c\u00e9t\u00e9arylique, cellulose microcristalline, caprylate de glyc\u00e9ryle, olivate de sorbitane, gomme xanthane,<\/p>\n<p>tocoph\u00e9rol, huile de graines de Rubus idaeus*, und\u00e9cyl\u00e9nate de glyc\u00e9ryle, gomme de cellulose, eau, acide phytique, alcool benzylique, parfum, CI77492, CI77499, CI77491.<br \/>\n*Ingr\u00e9dients issus de l&rsquo;agriculture biologique<\/p>\n<p>Les \u00e9crans solaires naturels Geoderm sont certifi\u00e9s Ecocert, Cosmos Organic et Vegan. Elles sont test\u00e9es sous contr\u00f4le dermatologique et ne contiennent pas de nanoparticules nocives. Les produits Geoderm sont fabriqu\u00e9s en Espagne.<\/p>\n","protected":false},"excerpt":{"rendered":"<p>La cr\u00e8me solaire teint\u00e9e pour le visage et le corps est une protection solaire min\u00e9rale 100% naturelle avec un SPF 30. Elle prot\u00e8ge le visage et le corps des rayons UV nocifs. Cette protection solaire teint\u00e9e donne \u00e0 la peau une couverture naturelle. Elle camoufle les imperfections et ne laisse pas de voile blanc.<br \/>\nLa cr\u00e8me solaire teint\u00e9e hydrate et adoucit la peau.<\/p>\n<p>Certificats et labels : Cosmos Organic, Vegan Test\u00e9 dermatologiquement<br \/>\n&#8211; Filtres 100% min\u00e9raux<br \/>\n&#8211; Sans nanoparticules<br \/>\n&#8211; Sans m\u00e9taux lourds<\/p>\n<p><strong>Caract\u00e9ristiques<\/strong> : Couleur beige chaude qui s&rsquo;adapte au teint de la peau<br \/>\nContenu : 50ml<\/p>\n","protected":false},"featured_media":72524,"comment_status":"open","ping_status":"closed","template":"","meta":{"ocean_post_layout":"","ocean_both_sidebars_style":"","ocean_both_sidebars_content_width":0,"ocean_both_sidebars_sidebars_width":0,"ocean_sidebar":"0","ocean_second_sidebar":"0","ocean_disable_margins":"enable","ocean_add_body_class":"","ocean_shortcode_before_top_bar":"","ocean_shortcode_after_top_bar":"","ocean_shortcode_before_header":"","ocean_shortcode_after_header":"","ocean_has_shortcode":"","ocean_shortcode_after_title":"","ocean_shortcode_before_footer_widgets":"","ocean_shortcode_after_footer_widgets":"","ocean_shortcode_before_footer_bottom":"","ocean_shortcode_after_footer_bottom":"","ocean_display_top_bar":"default","ocean_display_header":"default","ocean_header_style":"","ocean_center_header_left_menu":"0","ocean_custom_header_template":"0","ocean_custom_logo":0,"ocean_custom_retina_logo":0,"ocean_custom_logo_max_width":0,"ocean_custom_logo_tablet_max_width":0,"ocean_custom_logo_mobile_max_width":0,"ocean_custom_logo_max_height":0,"ocean_custom_logo_tablet_max_height":0,"ocean_custom_logo_mobile_max_height":0,"ocean_header_custom_menu":"0","ocean_menu_typo_font_family":"0","ocean_menu_typo_font_subset":"","ocean_menu_typo_font_size":0,"ocean_menu_typo_font_size_tablet":0,"ocean_menu_typo_font_size_mobile":0,"ocean_menu_typo_font_size_unit":"px","ocean_menu_typo_font_weight":"","ocean_menu_typo_font_weight_tablet":"","ocean_menu_typo_font_weight_mobile":"","ocean_menu_typo_transform":"","ocean_menu_typo_transform_tablet":"","ocean_menu_typo_transform_mobile":"","ocean_menu_typo_line_height":0,"ocean_menu_typo_line_height_tablet":0,"ocean_menu_typo_line_height_mobile":0,"ocean_menu_typo_line_height_unit":"","ocean_menu_typo_spacing":0,"ocean_menu_typo_spacing_tablet":0,"ocean_menu_typo_spacing_mobile":0,"ocean_menu_typo_spacing_unit":"","ocean_menu_link_color":"","ocean_menu_link_color_hover":"","ocean_menu_link_color_active":"","ocean_menu_link_background":"","ocean_menu_link_hover_background":"","ocean_menu_link_active_background":"","ocean_menu_social_links_bg":"","ocean_menu_social_hover_links_bg":"","ocean_menu_social_links_color":"","ocean_menu_social_hover_links_color":"","ocean_disable_title":"default","ocean_disable_heading":"default","ocean_post_title":"","ocean_post_subheading":"","ocean_post_title_style":"","ocean_post_title_background_color":"","ocean_post_title_background":0,"ocean_post_title_bg_image_position":"","ocean_post_title_bg_image_attachment":"","ocean_post_title_bg_image_repeat":"","ocean_post_title_bg_image_size":"","ocean_post_title_height":0,"ocean_post_title_bg_overlay":0.5,"ocean_post_title_bg_overlay_color":"","ocean_disable_breadcrumbs":"default","ocean_breadcrumbs_color":"","ocean_breadcrumbs_separator_color":"","ocean_breadcrumbs_links_color":"","ocean_breadcrumbs_links_hover_color":"","ocean_display_footer_widgets":"default","ocean_display_footer_bottom":"default","ocean_custom_footer_template":"0"},"product_brand":[116],"product_cat":[17,55,51],"product_tag":[133,125],"class_list":{"0":"post-72533","1":"product","2":"type-product","3":"status-publish","4":"has-post-thumbnail","6":"product_brand-geoderm","7":"product_cat-soins-du-visage","8":"product_cat-maquillage","9":"product_cat-soins-du-corps","10":"product_tag-sansparfumsynthetique","11":"product_tag-vegan","13":"entry","14":"has-media","16":"first","17":"instock","18":"taxable","19":"shipping-taxable","20":"purchasable","21":"product-type-simple","22":"has-rating","23":"col","24":"span_1_of_3","25":"owp-content-center","26":"owp-thumbs-layout-horizontal","27":"owp-btn-normal","28":"owp-tabs-layout-section","29":"has-no-thumbnails","30":"circle-sale"},"_links":{"self":[{"href":"https:\/\/www.biobey.be\/fr\/wp-json\/wp\/v2\/product\/72533","targetHints":{"allow":["GET"]}}],"collection":[{"href":"https:\/\/www.biobey.be\/fr\/wp-json\/wp\/v2\/product"}],"about":[{"href":"https:\/\/www.biobey.be\/fr\/wp-json\/wp\/v2\/types\/product"}],"replies":[{"embeddable":true,"href":"https:\/\/www.biobey.be\/fr\/wp-json\/wp\/v2\/comments?post=72533"}],"wp:featuredmedia":[{"embeddable":true,"href":"https:\/\/www.biobey.be\/fr\/wp-json\/wp\/v2\/media\/72524"}],"wp:attachment":[{"href":"https:\/\/www.biobey.be\/fr\/wp-json\/wp\/v2\/media?parent=72533"}],"wp:term":[{"taxonomy":"product_brand","embeddable":true,"href":"https:\/\/www.biobey.be\/fr\/wp-json\/wp\/v2\/product_brand?post=72533"},{"taxonomy":"product_cat","embeddable":true,"href":"https:\/\/www.biobey.be\/fr\/wp-json\/wp\/v2\/product_cat?post=72533"},{"taxonomy":"product_tag","embeddable":true,"href":"https:\/\/www.biobey.be\/fr\/wp-json\/wp\/v2\/product_tag?post=72533"}],"curies":[{"name":"wp","href":"https:\/\/api.w.org\/{rel}","templated":true}]}}