{"id":72874,"date":"2026-01-28T00:55:59","date_gmt":"2026-01-27T23:55:59","guid":{"rendered":"https:\/\/www.biobey.be\/fr\/?post_type=product&#038;p=72874"},"modified":"2026-01-28T01:05:37","modified_gmt":"2026-01-28T00:05:37","slug":"ombre-a-paupieres-minerale-sans-talc-2-0g","status":"publish","type":"product","link":"https:\/\/www.biobey.be\/fr\/produit\/ombre-a-paupieres-minerale-sans-talc-2-0g\/","title":{"rendered":"Ombre \u00e0 paupi\u00e8res min\u00e9rale bleu royal sans talc 2.0g"},"content":{"rendered":"<p>L&rsquo;ombre \u00e0 paupi\u00e8res min\u00e9rale bleu royal est compos\u00e9e d&rsquo;une formule naturelle sans talc, sans parfum, sans silicone, sans microplastiques et sans colorants synth\u00e9tiques. L&rsquo;ombre \u00e0 paupi\u00e8res bleu fonc\u00e9 \u00e0 base de pigments min\u00e9raux offre une couleur intense et longue tenue.<\/p>\n<p>Le fard \u00e0 paupi\u00e8res compact Geoderm est doux pour les paupi\u00e8res s\u00e8ches et sensibles. Il cr\u00e9e un regard myst\u00e9rieux et profond avec une couleur deep sea. Il convient aux personnes qui souhaitent porter du fard \u00e0 paupi\u00e8res quotidiennement sans dess\u00e9cher ni irriter la peau sensible des paupi\u00e8res.<\/p>\n<p>Les fards \u00e0 paupi\u00e8res Geoderm sont test\u00e9s dermatologiquement et ne contiennent pas de m\u00e9taux lourds.<\/p>\n<h2>Pourquoi l&rsquo;ombre \u00e0 paupi\u00e8res min\u00e9rale bleu royal est-elle plus b\u00e9n\u00e9fique pour la peau ?<\/h2>\n<p>L&rsquo;ombre \u00e0 paupi\u00e8res min\u00e9rale bleu royal vegan Geoderm est douce pour la peau. L&rsquo;extrait d&rsquo;\u00e9corce de Caesalpinia sappan associ\u00e9 \u00e0 la vitamine E offre \u00e0 la peau une protection efficace contre les agressions ext\u00e9rieures. Contrairement aux colorants synth\u00e9tiques, les pigments min\u00e9raux ne dess\u00e8chent pas la peau.<\/p>\n<p>Les ombres \u00e0 paupi\u00e8res Geoderm sont sans talc. \u00c0 long terme, le talc contenu dans le maquillage peut dess\u00e9cher la peau et aggraver les sympt\u00f4mes de l&rsquo;ecz\u00e9ma. L&rsquo;ombre \u00e0 paupi\u00e8res min\u00e9rale bleu roi sans talc est plus b\u00e9n\u00e9fique pour la peau \u00e0 long terme.<\/p>\n<p>Les pigments min\u00e9raux s&rsquo;adaptent bien \u00e0 la peau car ils se m\u00e9langent \u00e0 son huile naturelle.<br \/>\nLe maquillage min\u00e9ral est g\u00e9n\u00e9ralement un choix judicieux pour les personnes qui appr\u00e9cient un maquillage naturel.<\/p>\n<h3>Comment appliquer l&rsquo;ombre \u00e0 paupi\u00e8res min\u00e9rale bleu royal ?<\/h3>\n<p>Veuillez utiliser un pinceau \u00e0 paupi\u00e8res ou un pinceau pour appliquer l&rsquo;ombre \u00e0 paupi\u00e8res sur les paupi\u00e8res. L&rsquo;application \u00e0 sec de l&rsquo;ombre \u00e0 paupi\u00e8res cr\u00e9e un look subtil.<\/p>\n<p>Pour une couleur plus intense, nous recommandons d&rsquo;appliquer l&rsquo;ombre \u00e0 paupi\u00e8res sur les paupi\u00e8res \u00e0 l&rsquo;aide d&rsquo;un pinceau humidifi\u00e9.<\/p>\n<p>\u00c9vitez tout contact direct avec les muqueuses, les yeux et les plaies ouvertes. Pour usage externe uniquement. Ne convient pas aux enfants de moins de 3 ans.<\/p>\n<p>Ingr\u00e9dients (INCI) : Mica, st\u00e9arate de magn\u00e9sium, coco-caprylate\/caprate, triglyc\u00e9ride caprylique\/caprique, extrait d&rsquo;\u00e9corce de Caesalpinia Sappan,<\/p>\n<p>tocoph\u00e9rol, CI 77891, CI 77861. Le maquillage Geoderm est produit en Espagne de mani\u00e8re \u00e9thique. Les ombres \u00e0 paupi\u00e8res Geoderm sont v\u00e9g\u00e9taliennes, test\u00e9es dermatologiquement et certifi\u00e9es naturelles par l&rsquo;A.C.N.E.<\/p>\n","protected":false},"excerpt":{"rendered":"<p>L&rsquo;ombre \u00e0 paupi\u00e8res min\u00e9rale bleu royal permet de cr\u00e9er un magnifique maquillage sans dess\u00e9cher la peau. Cette ombre \u00e0 paupi\u00e8res vegan sans talc convient \u00e0 un usage quotidien.<\/p>\n<p><strong>Certifications<\/strong> : Vegan, bio, test\u00e9 dermatologiquement, sans m\u00e9taux lourds<br \/>\n<strong>Couleur et contenu<\/strong> : Ombre \u00e0 paupi\u00e8res bleu royal\/bleu fonc\u00e9 avec un \u00e9clat subtil 2 g<\/p>\n","protected":false},"featured_media":72872,"comment_status":"open","ping_status":"closed","template":"","meta":{"ocean_post_layout":"","ocean_both_sidebars_style":"","ocean_both_sidebars_content_width":0,"ocean_both_sidebars_sidebars_width":0,"ocean_sidebar":"0","ocean_second_sidebar":"0","ocean_disable_margins":"enable","ocean_add_body_class":"","ocean_shortcode_before_top_bar":"","ocean_shortcode_after_top_bar":"","ocean_shortcode_before_header":"","ocean_shortcode_after_header":"","ocean_has_shortcode":"","ocean_shortcode_after_title":"","ocean_shortcode_before_footer_widgets":"","ocean_shortcode_after_footer_widgets":"","ocean_shortcode_before_footer_bottom":"","ocean_shortcode_after_footer_bottom":"","ocean_display_top_bar":"default","ocean_display_header":"default","ocean_header_style":"","ocean_center_header_left_menu":"0","ocean_custom_header_template":"0","ocean_custom_logo":0,"ocean_custom_retina_logo":0,"ocean_custom_logo_max_width":0,"ocean_custom_logo_tablet_max_width":0,"ocean_custom_logo_mobile_max_width":0,"ocean_custom_logo_max_height":0,"ocean_custom_logo_tablet_max_height":0,"ocean_custom_logo_mobile_max_height":0,"ocean_header_custom_menu":"0","ocean_menu_typo_font_family":"0","ocean_menu_typo_font_subset":"","ocean_menu_typo_font_size":0,"ocean_menu_typo_font_size_tablet":0,"ocean_menu_typo_font_size_mobile":0,"ocean_menu_typo_font_size_unit":"px","ocean_menu_typo_font_weight":"","ocean_menu_typo_font_weight_tablet":"","ocean_menu_typo_font_weight_mobile":"","ocean_menu_typo_transform":"","ocean_menu_typo_transform_tablet":"","ocean_menu_typo_transform_mobile":"","ocean_menu_typo_line_height":0,"ocean_menu_typo_line_height_tablet":0,"ocean_menu_typo_line_height_mobile":0,"ocean_menu_typo_line_height_unit":"","ocean_menu_typo_spacing":0,"ocean_menu_typo_spacing_tablet":0,"ocean_menu_typo_spacing_mobile":0,"ocean_menu_typo_spacing_unit":"","ocean_menu_link_color":"","ocean_menu_link_color_hover":"","ocean_menu_link_color_active":"","ocean_menu_link_background":"","ocean_menu_link_hover_background":"","ocean_menu_link_active_background":"","ocean_menu_social_links_bg":"","ocean_menu_social_hover_links_bg":"","ocean_menu_social_links_color":"","ocean_menu_social_hover_links_color":"","ocean_disable_title":"default","ocean_disable_heading":"default","ocean_post_title":"","ocean_post_subheading":"","ocean_post_title_style":"","ocean_post_title_background_color":"","ocean_post_title_background":0,"ocean_post_title_bg_image_position":"","ocean_post_title_bg_image_attachment":"","ocean_post_title_bg_image_repeat":"","ocean_post_title_bg_image_size":"","ocean_post_title_height":0,"ocean_post_title_bg_overlay":0.5,"ocean_post_title_bg_overlay_color":"","ocean_disable_breadcrumbs":"default","ocean_breadcrumbs_color":"","ocean_breadcrumbs_separator_color":"","ocean_breadcrumbs_links_color":"","ocean_breadcrumbs_links_hover_color":"","ocean_display_footer_widgets":"default","ocean_display_footer_bottom":"default","ocean_custom_footer_template":"0"},"product_brand":[116],"product_cat":[55],"product_tag":[130,126,133],"class_list":{"0":"post-72874","1":"product","2":"type-product","3":"status-publish","4":"has-post-thumbnail","6":"product_brand-geoderm","7":"product_cat-maquillage","8":"product_tag-hyporallergenique","9":"product_tag-sans-paraben","10":"product_tag-sansparfumsynthetique","12":"entry","13":"has-media","15":"first","16":"instock","17":"taxable","18":"shipping-taxable","19":"purchasable","20":"product-type-simple","21":"has-rating","22":"col","23":"span_1_of_3","24":"owp-content-center","25":"owp-thumbs-layout-horizontal","26":"owp-btn-normal","27":"owp-tabs-layout-section","28":"has-no-thumbnails","29":"circle-sale"},"_links":{"self":[{"href":"https:\/\/www.biobey.be\/fr\/wp-json\/wp\/v2\/product\/72874","targetHints":{"allow":["GET"]}}],"collection":[{"href":"https:\/\/www.biobey.be\/fr\/wp-json\/wp\/v2\/product"}],"about":[{"href":"https:\/\/www.biobey.be\/fr\/wp-json\/wp\/v2\/types\/product"}],"replies":[{"embeddable":true,"href":"https:\/\/www.biobey.be\/fr\/wp-json\/wp\/v2\/comments?post=72874"}],"wp:featuredmedia":[{"embeddable":true,"href":"https:\/\/www.biobey.be\/fr\/wp-json\/wp\/v2\/media\/72872"}],"wp:attachment":[{"href":"https:\/\/www.biobey.be\/fr\/wp-json\/wp\/v2\/media?parent=72874"}],"wp:term":[{"taxonomy":"product_brand","embeddable":true,"href":"https:\/\/www.biobey.be\/fr\/wp-json\/wp\/v2\/product_brand?post=72874"},{"taxonomy":"product_cat","embeddable":true,"href":"https:\/\/www.biobey.be\/fr\/wp-json\/wp\/v2\/product_cat?post=72874"},{"taxonomy":"product_tag","embeddable":true,"href":"https:\/\/www.biobey.be\/fr\/wp-json\/wp\/v2\/product_tag?post=72874"}],"curies":[{"name":"wp","href":"https:\/\/api.w.org\/{rel}","templated":true}]}}