{"id":72876,"date":"2026-01-28T00:56:22","date_gmt":"2026-01-27T23:56:22","guid":{"rendered":"https:\/\/www.biobey.be\/fr\/?post_type=product&#038;p=72876"},"modified":"2026-02-14T21:36:50","modified_gmt":"2026-02-14T20:36:50","slug":"serum-de-riz-hydratant-et-eclaircissant","status":"publish","type":"product","link":"https:\/\/www.biobey.be\/fr\/produit\/serum-de-riz-hydratant-et-eclaircissant\/","title":{"rendered":"S\u00e9rum de Riz hydratant et \u00e9claircissant  30ml"},"content":{"rendered":"<p>S\u00e9rum de Riz hydratant et \u00e9claircissant est un s\u00e9rum naturel \u00e0 forte concentration en vitamine C, en acide hyaluronique et en extrait de riz ferment\u00e9 du Pi\u00e9mont. Il convient parfaitement au traitement intensif des peaux s\u00e8ches, fatigu\u00e9es et ternes pr\u00e9sentant des taches pigmentaires. Ce s\u00e9rum de riz de Nature Up stimule l&rsquo;hydratation de la peau et unifie le teint.<\/p>\n<p>Le s\u00e9rum hydratant et \u00e9claircissant au riz est certifi\u00e9 Cosmos Organic, test\u00e9 dermatologiquement et v\u00e9g\u00e9talien. La formule naturelle du s\u00e9rum est exempte de silicones, d&rsquo;huiles min\u00e9rales, de parfums, d&rsquo;ar\u00f4mes, d&rsquo;additifs et de parab\u00e8nes.<\/p>\n<p>L&rsquo;utilisation quotidienne du s\u00e9rum de riz donne \u00e0 la peau un aspect plus uniforme et plus rebondi. En outre, il donne \u00e0 la peau un \u00e9clat naturel.<\/p>\n<h3>Quels sont les effets du s\u00e9rum de riz hydratant et \u00e9claircissant naturel Rice and Shine sur la peau ?<\/h3>\n<p>Le s\u00e9rum Rice de Nature Up poss\u00e8de des propri\u00e9t\u00e9s profond\u00e9ment hydratantes, r\u00e9paratrices et \u00e9claircissantes. Les antioxydants contenus dans le s\u00e9rum ralentissent la d\u00e9gradation du collag\u00e8ne en neutralisant les radicaux libres. L&rsquo;extrait de riz pi\u00e9montais ferment\u00e9 apaise les irritations cutan\u00e9es et adoucit la peau s\u00e8che.<\/p>\n<p>Le s\u00e9rum \u00e0 base d&rsquo;acide hyaluronique et de vitamine C hydrate les couches profondes de la peau et stimule la production de collag\u00e8ne. Il prot\u00e8ge contre la perte d&rsquo;\u00e9lasticit\u00e9 et la formation pr\u00e9matur\u00e9e de rides.<\/p>\n<p>Le s\u00e9rum au riz pour le visage renforce la barri\u00e8re cutan\u00e9e. Il agit contre le stress oxydatif caus\u00e9 par les influences n\u00e9gatives de l&rsquo;environnement.<\/p>\n<p>\u00c9claircit les taches pigmentaires fonc\u00e9es : la combinaison de vitamine C et d&rsquo;extrait de riz ferment\u00e9 uniformise le teint et \u00e9claircit les taches pigmentaires. Le s\u00e9rum hydratant et \u00e9claircissant offre un soin intensif \u00e0 la peau.<\/p>\n<h3>Comment utiliser le s\u00e9rum de Riz hydratant et \u00e9claircissant ?<\/h3>\n<p>Utilisez le s\u00e9rum de riz le matin et le soir avant le coucher. Appliquez une petite quantit\u00e9 de s\u00e9rum Rice sur un visage nettoy\u00e9. Massez en mouvements circulaires jusqu&rsquo;\u00e0 absorption compl\u00e8te par la peau. Appliquez ensuite une cr\u00e8me pour le visage par-dessus le s\u00e9rum. Convient aux personnes ayant la peau sensible.<\/p>\n<p>INCI : Eau florale de Centaurea cyanus*, extrait d&rsquo;Oryza sativa, lysat de fermentation de Saccharomyces, Aqua, hyaluronate de sodium, phosphate d&rsquo;ascorbyle de sodium, acide polyglutamique, sorbate de potassium, acide d\u00e9hydroac\u00e9tique, benzoate de sodium, alcool benzylique<\/p>\n<p>*Issu de l&rsquo;agriculture biologique<br \/>\nComposition naturelle \u00e0 99 %, dont 90 % sont purement biologiques.<\/p>\n","protected":false},"excerpt":{"rendered":"<p>S\u00e9rum de Riz hydratant et \u00e9claircissant offre un traitement et un soin intensifs aux peaux s\u00e8ches et vermeilles pr\u00e9sentant des taches sombres. L&rsquo;acide hyaluronique et le PGA assurent une hydratation durable en retenant l&rsquo;humidit\u00e9. La vitamine C \u00e9claircit les taches sombres et unifie le teint de la peau.<\/p>\n<p><strong>Certifications<\/strong> : Cosmos Organic, Icea Bio, Vegan sans parfum, Made in Italy, Vegan, Test\u00e9 dermatologiquement et sans nickel.<br \/>\n<strong>Type de peau<\/strong> : peau s\u00e8che et sensible, peau fatigu\u00e9e avec des lignes fines et des taches sombres<\/p>\n","protected":false},"featured_media":72873,"comment_status":"open","ping_status":"closed","template":"","meta":{"ocean_post_layout":"","ocean_both_sidebars_style":"","ocean_both_sidebars_content_width":0,"ocean_both_sidebars_sidebars_width":0,"ocean_sidebar":"0","ocean_second_sidebar":"0","ocean_disable_margins":"enable","ocean_add_body_class":"","ocean_shortcode_before_top_bar":"","ocean_shortcode_after_top_bar":"","ocean_shortcode_before_header":"","ocean_shortcode_after_header":"","ocean_has_shortcode":"","ocean_shortcode_after_title":"","ocean_shortcode_before_footer_widgets":"","ocean_shortcode_after_footer_widgets":"","ocean_shortcode_before_footer_bottom":"","ocean_shortcode_after_footer_bottom":"","ocean_display_top_bar":"default","ocean_display_header":"default","ocean_header_style":"","ocean_center_header_left_menu":"0","ocean_custom_header_template":"0","ocean_custom_logo":0,"ocean_custom_retina_logo":0,"ocean_custom_logo_max_width":0,"ocean_custom_logo_tablet_max_width":0,"ocean_custom_logo_mobile_max_width":0,"ocean_custom_logo_max_height":0,"ocean_custom_logo_tablet_max_height":0,"ocean_custom_logo_mobile_max_height":0,"ocean_header_custom_menu":"0","ocean_menu_typo_font_family":"0","ocean_menu_typo_font_subset":"","ocean_menu_typo_font_size":0,"ocean_menu_typo_font_size_tablet":0,"ocean_menu_typo_font_size_mobile":0,"ocean_menu_typo_font_size_unit":"px","ocean_menu_typo_font_weight":"","ocean_menu_typo_font_weight_tablet":"","ocean_menu_typo_font_weight_mobile":"","ocean_menu_typo_transform":"","ocean_menu_typo_transform_tablet":"","ocean_menu_typo_transform_mobile":"","ocean_menu_typo_line_height":0,"ocean_menu_typo_line_height_tablet":0,"ocean_menu_typo_line_height_mobile":0,"ocean_menu_typo_line_height_unit":"","ocean_menu_typo_spacing":0,"ocean_menu_typo_spacing_tablet":0,"ocean_menu_typo_spacing_mobile":0,"ocean_menu_typo_spacing_unit":"","ocean_menu_link_color":"","ocean_menu_link_color_hover":"","ocean_menu_link_color_active":"","ocean_menu_link_background":"","ocean_menu_link_hover_background":"","ocean_menu_link_active_background":"","ocean_menu_social_links_bg":"","ocean_menu_social_hover_links_bg":"","ocean_menu_social_links_color":"","ocean_menu_social_hover_links_color":"","ocean_disable_title":"default","ocean_disable_heading":"default","ocean_post_title":"","ocean_post_subheading":"","ocean_post_title_style":"","ocean_post_title_background_color":"","ocean_post_title_background":0,"ocean_post_title_bg_image_position":"","ocean_post_title_bg_image_attachment":"","ocean_post_title_bg_image_repeat":"","ocean_post_title_bg_image_size":"","ocean_post_title_height":0,"ocean_post_title_bg_overlay":0.5,"ocean_post_title_bg_overlay_color":"","ocean_disable_breadcrumbs":"default","ocean_breadcrumbs_color":"","ocean_breadcrumbs_separator_color":"","ocean_breadcrumbs_links_color":"","ocean_breadcrumbs_links_hover_color":"","ocean_display_footer_widgets":"default","ocean_display_footer_bottom":"default","ocean_custom_footer_template":"0"},"product_brand":[107],"product_cat":[20,19,17],"product_tag":[126,133],"class_list":{"0":"post-72876","1":"product","2":"type-product","3":"status-publish","4":"has-post-thumbnail","6":"product_brand-nature-up","7":"product_cat-anti-age","8":"product_cat-cremes-naturelles-de-jour-et-de-nuit","9":"product_cat-soins-du-visage","10":"product_tag-sans-paraben","11":"product_tag-sansparfumsynthetique","13":"entry","14":"has-media","16":"first","17":"instock","18":"taxable","19":"shipping-taxable","20":"purchasable","21":"product-type-simple","22":"has-rating","23":"col","24":"span_1_of_3","25":"owp-content-center","26":"owp-thumbs-layout-horizontal","27":"owp-btn-normal","28":"owp-tabs-layout-section","29":"has-no-thumbnails","30":"circle-sale"},"_links":{"self":[{"href":"https:\/\/www.biobey.be\/fr\/wp-json\/wp\/v2\/product\/72876","targetHints":{"allow":["GET"]}}],"collection":[{"href":"https:\/\/www.biobey.be\/fr\/wp-json\/wp\/v2\/product"}],"about":[{"href":"https:\/\/www.biobey.be\/fr\/wp-json\/wp\/v2\/types\/product"}],"replies":[{"embeddable":true,"href":"https:\/\/www.biobey.be\/fr\/wp-json\/wp\/v2\/comments?post=72876"}],"wp:featuredmedia":[{"embeddable":true,"href":"https:\/\/www.biobey.be\/fr\/wp-json\/wp\/v2\/media\/72873"}],"wp:attachment":[{"href":"https:\/\/www.biobey.be\/fr\/wp-json\/wp\/v2\/media?parent=72876"}],"wp:term":[{"taxonomy":"product_brand","embeddable":true,"href":"https:\/\/www.biobey.be\/fr\/wp-json\/wp\/v2\/product_brand?post=72876"},{"taxonomy":"product_cat","embeddable":true,"href":"https:\/\/www.biobey.be\/fr\/wp-json\/wp\/v2\/product_cat?post=72876"},{"taxonomy":"product_tag","embeddable":true,"href":"https:\/\/www.biobey.be\/fr\/wp-json\/wp\/v2\/product_tag?post=72876"}],"curies":[{"name":"wp","href":"https:\/\/api.w.org\/{rel}","templated":true}]}}