{"id":72885,"date":"2026-01-28T00:56:10","date_gmt":"2026-01-27T23:56:10","guid":{"rendered":"https:\/\/www.biobey.be\/fr\/?post_type=product&#038;p=72885"},"modified":"2026-03-07T02:22:20","modified_gmt":"2026-03-07T01:22:20","slug":"rouge-a-levres-bio-rose-fraise-bio-4-0-g","status":"publish","type":"product","link":"https:\/\/www.biobey.be\/fr\/produit\/rouge-a-levres-bio-rose-fraise-bio-4-0-g\/","title":{"rendered":"Rouge \u00e0 l\u00e8vres rose fraise bio 4.0 g"},"content":{"rendered":"<p>Rouge \u00e0 l\u00e8vres bio rose fraise pr\u00e9sente une teinte rose naturel et chaleureuse. Le rouge \u00e0 l\u00e8vres cosmos natural est exempt de talc, de parfum synth\u00e9tique, de silicone, d&rsquo;huiles min\u00e9rales et de colorants synth\u00e9tiques.<\/p>\n<p><strong>Test\u00e9 dermatologiquement<\/strong>, ce rouge \u00e0 l\u00e8vres bio \u00e0 la fraise convient aux personnes ayant les l\u00e8vres s\u00e8ches et sensibles. Il rend les l\u00e8vres plus pulpeuses tout en leur apportant l&rsquo;hydratation n\u00e9cessaire. <span style=\"color: #000080;\"><a style=\"color: #000080;\" href=\"https:\/\/www.biobey.be\/fr\/produit\/rouge-a-levres-bio-mineral-marrakech\/\">Le rouge \u00e0 l\u00e8vres vegan<\/a> <\/span>rose fraise est id\u00e9al pour cr\u00e9er des l\u00e8vres plus pulpeuses pour les personnes qui appr\u00e9cient le maquillage naturel.<\/p>\n<h2>Rouge \u00e0 l\u00e8vres bio rose fraise &#8211; Composition<\/h2>\n<p>Le rouge \u00e0 l\u00e8vres rose fraise bio poss\u00e8de une composition bio riche en vitamines et en acides gras essentiels insatur\u00e9s. Les pigments min\u00e9raux cr\u00e9ent une couleur rose fraise chaude et longue tenue sur les l\u00e8vres. Les cires v\u00e9g\u00e9tales de candelilla et de fleur d&rsquo;acacia decurrens assurent la bonne texture du rouge \u00e0 l\u00e8vres naturel.<\/p>\n<p>Une texture cr\u00e9meuse, douce mais pas trop liquide. Apr\u00e8s l&rsquo;application du rouge \u00e0 l\u00e8vres rose fraise, les l\u00e8vres paraissent plus pulpeuses et plus douces.<\/p>\n<h2>Formule nourrissante du rouge \u00e0 l\u00e8vres rose fraise avec une nuance chaude<\/h2>\n<p>Ce rouge \u00e0 l\u00e8vres vegan et naturel contient de l&rsquo;huile d&rsquo;amande douce biologique et de l&rsquo;huile de ricin press\u00e9e \u00e0 froid. La texture fine de l&rsquo;huile d&rsquo;amande douce p\u00e9n\u00e8tre rapidement dans la peau. Elle hydrate et adoucit les l\u00e8vres s\u00e8ches.<\/p>\n<p>L&rsquo;huile de ricin biologique press\u00e9e \u00e0 froid, \u00e9galement appel\u00e9e huile de ricin, contient des acides gras essentiels insatur\u00e9s om\u00e9ga 3 et 6, de la vitamine E, des phytost\u00e9rols et des acides amin\u00e9s. Elle poss\u00e8de des propri\u00e9t\u00e9s anti-inflammatoires et nourrissantes. L&rsquo;huile de ricin contenue dans le rouge \u00e0 l\u00e8vres naturel \u00e0 la fraise aide \u00e0 pr\u00e9venir les l\u00e8vres gerc\u00e9es et irrit\u00e9es.<\/p>\n<h3>Comment utiliser le rouge \u00e0 l\u00e8vres bio \u00e0 la fraise ?<\/h3>\n<p>Appliquez une couche de rouge \u00e0 l\u00e8vres directement sur les l\u00e8vres ou \u00e0 l&rsquo;aide d&rsquo;un pinceau \u00e0 l\u00e8vres fin. Commencez par le centre des l\u00e8vres et \u00e9talez vers les bords. Utilisez un crayon \u00e0 l\u00e8vres pour un effet encore plus beau et plus pulpeux.<\/p>\n<h3>Comment utiliser le rouge \u00e0 l\u00e8vres bio \u00e0 la fraise ?<\/h3>\n<p>Appliquez une couche de rouge \u00e0 l\u00e8vres directement sur les l\u00e8vres ou \u00e0 l&rsquo;aide d&rsquo;un pinceau \u00e0 l\u00e8vres fin. Commencez par le centre des l\u00e8vres et \u00e9talez vers les bords. Utilisez un crayon \u00e0 l\u00e8vres pour un effet encore plus beau et plus pulpeux.<\/p>\n<p>Ingr\u00e9dients (INCI) : Prunus amygdalus Dulcis Oil*, Caprylic\/capric Triglyceride, Candelilla Cera, Ricinus communis Seed Oil*, Jojoba esters, Helianthus annuus Seed Wax, Maltodextrin, <a href=\"https:\/\/www.biobey.be\/fr\/tocoferol-vitamine-e\/\">Tocopheryl Acetate<\/a>, Acacia decurrens Flower Wax, Polyglycerin-3, Fragrance, +\/- (peut contenir) CI 75470, CI 77891, CI77491, CI15850<\/p>\n<p>*Ingr\u00e9dients issus de l&rsquo;agriculture biologique, 100 % d&rsquo;ingr\u00e9dients naturels, dont 39,75 % sont purement biologiques. Les produits Geoderm sont fabriqu\u00e9s en Espagne de mani\u00e8re durable et \u00e9thique. Geoderm Cosmetics est un fabricant espagnol sp\u00e9cialis\u00e9 dans les produits de soin et le maquillage naturels certifi\u00e9s.<\/p>\n","protected":false},"excerpt":{"rendered":"<p>Le rouge \u00e0 l\u00e8vres bio fraise rose donne aux l\u00e8vres une couleur rose chaude et leur apporte plus de volume. Le rouge \u00e0 l\u00e8vres bio et vegan fraise de Geoderm offre un fini satin\u00e9.<\/p>\n<p><strong>Certifications :<\/strong> Ecocert, Cosmos Natural Vegan, A.C.N.E, test\u00e9 dermatologiquement, sans m\u00e9taux lourds.<br \/>\nCouleur rose chaud fraise avec fini satin\u00e9 et contenu de 4 g.<\/p>\n","protected":false},"featured_media":72880,"comment_status":"open","ping_status":"closed","template":"","meta":{"ocean_post_layout":"","ocean_both_sidebars_style":"","ocean_both_sidebars_content_width":0,"ocean_both_sidebars_sidebars_width":0,"ocean_sidebar":"0","ocean_second_sidebar":"0","ocean_disable_margins":"enable","ocean_add_body_class":"","ocean_shortcode_before_top_bar":"","ocean_shortcode_after_top_bar":"","ocean_shortcode_before_header":"","ocean_shortcode_after_header":"","ocean_has_shortcode":"","ocean_shortcode_after_title":"","ocean_shortcode_before_footer_widgets":"","ocean_shortcode_after_footer_widgets":"","ocean_shortcode_before_footer_bottom":"","ocean_shortcode_after_footer_bottom":"","ocean_display_top_bar":"default","ocean_display_header":"default","ocean_header_style":"","ocean_center_header_left_menu":"0","ocean_custom_header_template":"0","ocean_custom_logo":0,"ocean_custom_retina_logo":0,"ocean_custom_logo_max_width":0,"ocean_custom_logo_tablet_max_width":0,"ocean_custom_logo_mobile_max_width":0,"ocean_custom_logo_max_height":0,"ocean_custom_logo_tablet_max_height":0,"ocean_custom_logo_mobile_max_height":0,"ocean_header_custom_menu":"0","ocean_menu_typo_font_family":"0","ocean_menu_typo_font_subset":"","ocean_menu_typo_font_size":0,"ocean_menu_typo_font_size_tablet":0,"ocean_menu_typo_font_size_mobile":0,"ocean_menu_typo_font_size_unit":"px","ocean_menu_typo_font_weight":"","ocean_menu_typo_font_weight_tablet":"","ocean_menu_typo_font_weight_mobile":"","ocean_menu_typo_transform":"","ocean_menu_typo_transform_tablet":"","ocean_menu_typo_transform_mobile":"","ocean_menu_typo_line_height":0,"ocean_menu_typo_line_height_tablet":0,"ocean_menu_typo_line_height_mobile":0,"ocean_menu_typo_line_height_unit":"","ocean_menu_typo_spacing":0,"ocean_menu_typo_spacing_tablet":0,"ocean_menu_typo_spacing_mobile":0,"ocean_menu_typo_spacing_unit":"","ocean_menu_link_color":"","ocean_menu_link_color_hover":"","ocean_menu_link_color_active":"","ocean_menu_link_background":"","ocean_menu_link_hover_background":"","ocean_menu_link_active_background":"","ocean_menu_social_links_bg":"","ocean_menu_social_hover_links_bg":"","ocean_menu_social_links_color":"","ocean_menu_social_hover_links_color":"","ocean_disable_title":"default","ocean_disable_heading":"default","ocean_post_title":"","ocean_post_subheading":"","ocean_post_title_style":"","ocean_post_title_background_color":"","ocean_post_title_background":0,"ocean_post_title_bg_image_position":"","ocean_post_title_bg_image_attachment":"","ocean_post_title_bg_image_repeat":"","ocean_post_title_bg_image_size":"","ocean_post_title_height":0,"ocean_post_title_bg_overlay":0.5,"ocean_post_title_bg_overlay_color":"","ocean_disable_breadcrumbs":"default","ocean_breadcrumbs_color":"","ocean_breadcrumbs_separator_color":"","ocean_breadcrumbs_links_color":"","ocean_breadcrumbs_links_hover_color":"","ocean_display_footer_widgets":"default","ocean_display_footer_bottom":"default","ocean_custom_footer_template":"0"},"product_brand":[116],"product_cat":[55],"product_tag":[126,133],"class_list":{"0":"post-72885","1":"product","2":"type-product","3":"status-publish","4":"has-post-thumbnail","6":"product_brand-geoderm","7":"product_cat-maquillage","8":"product_tag-sans-paraben","9":"product_tag-sansparfumsynthetique","11":"entry","12":"has-media","14":"first","15":"instock","16":"taxable","17":"shipping-taxable","18":"purchasable","19":"product-type-simple","20":"has-rating","21":"col","22":"span_1_of_3","23":"owp-content-center","24":"owp-thumbs-layout-horizontal","25":"owp-btn-normal","26":"owp-tabs-layout-section","27":"has-no-thumbnails","28":"circle-sale"},"_links":{"self":[{"href":"https:\/\/www.biobey.be\/fr\/wp-json\/wp\/v2\/product\/72885","targetHints":{"allow":["GET"]}}],"collection":[{"href":"https:\/\/www.biobey.be\/fr\/wp-json\/wp\/v2\/product"}],"about":[{"href":"https:\/\/www.biobey.be\/fr\/wp-json\/wp\/v2\/types\/product"}],"replies":[{"embeddable":true,"href":"https:\/\/www.biobey.be\/fr\/wp-json\/wp\/v2\/comments?post=72885"}],"wp:featuredmedia":[{"embeddable":true,"href":"https:\/\/www.biobey.be\/fr\/wp-json\/wp\/v2\/media\/72880"}],"wp:attachment":[{"href":"https:\/\/www.biobey.be\/fr\/wp-json\/wp\/v2\/media?parent=72885"}],"wp:term":[{"taxonomy":"product_brand","embeddable":true,"href":"https:\/\/www.biobey.be\/fr\/wp-json\/wp\/v2\/product_brand?post=72885"},{"taxonomy":"product_cat","embeddable":true,"href":"https:\/\/www.biobey.be\/fr\/wp-json\/wp\/v2\/product_cat?post=72885"},{"taxonomy":"product_tag","embeddable":true,"href":"https:\/\/www.biobey.be\/fr\/wp-json\/wp\/v2\/product_tag?post=72885"}],"curies":[{"name":"wp","href":"https:\/\/api.w.org\/{rel}","templated":true}]}}