{"id":72886,"date":"2026-01-28T00:56:14","date_gmt":"2026-01-27T23:56:14","guid":{"rendered":"https:\/\/www.biobey.be\/fr\/?post_type=product&#038;p=72886"},"modified":"2026-02-14T21:47:42","modified_gmt":"2026-02-14T20:47:42","slug":"gel-a-lacide-hyaluronique-naturel-50ml","status":"publish","type":"product","link":"https:\/\/www.biobey.be\/fr\/produit\/gel-a-lacide-hyaluronique-naturel-50ml\/","title":{"rendered":"Gel \u00e0 l&rsquo;acide hyaluronique naturel 50ml"},"content":{"rendered":"<p>Le gel naturel \u00e0 l&rsquo;acide hyaluronique Natura Equa contribue \u00e0 adoucir et hydrater la peau s\u00e8che. Ce gel naturel contient une combinaison de deux types d&rsquo;acide hyaluronique. La combinaison d&rsquo;acide hyaluronique \u00e0 faible et \u00e0 haut poids mol\u00e9culaire assure une hydratation en profondeur des couches sup\u00e9rieures et profondes de la peau.<\/p>\n<p>Le gel \u00e0 l&rsquo;acide hyaluronique peut \u00eatre utilis\u00e9 sur le visage, le cou et les zones s\u00e8ches du corps. Sa consistance g\u00e9latineuse facilite son application sur la peau s\u00e8che. Il est exempt de parfums, d&rsquo;huiles min\u00e9rales, de PEG et de parab\u00e8nes. Convient \u00e0 un usage quotidien.<\/p>\n<h2>Quel est l&rsquo;effet du gel \u00e0 l&rsquo;acide hyaluronique ?<\/h2>\n<p>Le gel naturel \u00e0 <a href=\"https:\/\/www.biobey.be\/fr\/produit\/acide-hyaluronique-serum-bio-rose-30ml\/\">l&rsquo;acide hyaluronique<\/a> a \u00e9t\u00e9 d\u00e9velopp\u00e9 pour hydrater et raffermir la peau. Il agit \u00e0 la surface de la peau. Il cr\u00e9e une couche qui retient l&rsquo;humidit\u00e9. Cela rend la peau s\u00e8che plus douce au toucher. L&rsquo;acide hyaluronique \u00e0 faible poids mol\u00e9culaire assure l&rsquo;hydratation des couches profondes de la peau.<\/p>\n<p>Les petites mol\u00e9cules sont absorb\u00e9es par les couches profondes de la peau et attirent l&rsquo;humidit\u00e9, ce qui procure \u00e0 la peau une hydratation en profondeur. La combinaison d&rsquo;acide hyaluronique \u00e0 faible et \u00e0 haut poids mol\u00e9culaire assure une bonne hydratation de la peau et aide \u00e0 pr\u00e9venir la perte d&rsquo;humidit\u00e9.<\/p>\n<h3>Comment utiliser le gel \u00e0 l&rsquo;acide hyaluronique ?<\/h3>\n<p>Le gel naturel \u00e0 l&rsquo;acide hyaluronique a \u00e9t\u00e9 d\u00e9velopp\u00e9 pour hydrater la peau s\u00e8che du visage et du corps. Il peut \u00eatre appliqu\u00e9 localement sur les zones s\u00e8ches. Appliquez une petite quantit\u00e9 de gel sur la peau et massez doucement. Laissez bien p\u00e9n\u00e9trer. Convient \u00e0 un usage quotidien. Le gel \u00e0 l&rsquo;acide hyaluronique peut \u00e9galement \u00eatre utilis\u00e9 comme masque facial.<\/p>\n<p>Ingr\u00e9dients (INCI) : Aqua, Sodium Hyaluronate, Hydrolyzed Hyaluronic Acid, Aloe Arborescens Leaf Extract*, Saccharum Officinarum*, Benzyl Alcohol, Sodium Benzoate, Sodium Dehydroacetate<\/p>\n<p>*Ingr\u00e9dients issus de l&rsquo;agriculture biologique<\/p>\n<p>Le gel \u00e0 l&rsquo;acide hyaluronique est produit en Italie par Natura Equa de mani\u00e8re durable. L&#8217;emballage des produits est compos\u00e9 \u00e0 100 % de bioplastique v\u00e9g\u00e9tal. Fabriqu\u00e9 \u00e0 partir de d\u00e9chets de canne \u00e0 sucre recycl\u00e9s. Natura Eque utilise des ingr\u00e9dients locaux et issus du commerce \u00e9quitable dans la fabrication de ses produits de soin.<\/p>\n","protected":false},"excerpt":{"rendered":"<p>Le gel naturel \u00e0 l&rsquo;acide hyaluronique aide \u00e0 adoucir la peau s\u00e8che et \u00e0 la prot\u00e9ger contre la d\u00e9shydratation. Convient au visage et aux zones s\u00e8ches du corps.<\/p>\n<p><strong>Fonction<\/strong> : la combinaison d&rsquo;acide hyaluronique \u00e0 faible et \u00e0 haut poids mol\u00e9culaire procure \u00e0 la peau une double hydratation.<\/p>\n","protected":false},"featured_media":72879,"comment_status":"open","ping_status":"closed","template":"","meta":{"ocean_post_layout":"","ocean_both_sidebars_style":"","ocean_both_sidebars_content_width":0,"ocean_both_sidebars_sidebars_width":0,"ocean_sidebar":"0","ocean_second_sidebar":"0","ocean_disable_margins":"enable","ocean_add_body_class":"","ocean_shortcode_before_top_bar":"","ocean_shortcode_after_top_bar":"","ocean_shortcode_before_header":"","ocean_shortcode_after_header":"","ocean_has_shortcode":"","ocean_shortcode_after_title":"","ocean_shortcode_before_footer_widgets":"","ocean_shortcode_after_footer_widgets":"","ocean_shortcode_before_footer_bottom":"","ocean_shortcode_after_footer_bottom":"","ocean_display_top_bar":"default","ocean_display_header":"default","ocean_header_style":"","ocean_center_header_left_menu":"0","ocean_custom_header_template":"0","ocean_custom_logo":0,"ocean_custom_retina_logo":0,"ocean_custom_logo_max_width":0,"ocean_custom_logo_tablet_max_width":0,"ocean_custom_logo_mobile_max_width":0,"ocean_custom_logo_max_height":0,"ocean_custom_logo_tablet_max_height":0,"ocean_custom_logo_mobile_max_height":0,"ocean_header_custom_menu":"0","ocean_menu_typo_font_family":"0","ocean_menu_typo_font_subset":"","ocean_menu_typo_font_size":0,"ocean_menu_typo_font_size_tablet":0,"ocean_menu_typo_font_size_mobile":0,"ocean_menu_typo_font_size_unit":"px","ocean_menu_typo_font_weight":"","ocean_menu_typo_font_weight_tablet":"","ocean_menu_typo_font_weight_mobile":"","ocean_menu_typo_transform":"","ocean_menu_typo_transform_tablet":"","ocean_menu_typo_transform_mobile":"","ocean_menu_typo_line_height":0,"ocean_menu_typo_line_height_tablet":0,"ocean_menu_typo_line_height_mobile":0,"ocean_menu_typo_line_height_unit":"","ocean_menu_typo_spacing":0,"ocean_menu_typo_spacing_tablet":0,"ocean_menu_typo_spacing_mobile":0,"ocean_menu_typo_spacing_unit":"","ocean_menu_link_color":"","ocean_menu_link_color_hover":"","ocean_menu_link_color_active":"","ocean_menu_link_background":"","ocean_menu_link_hover_background":"","ocean_menu_link_active_background":"","ocean_menu_social_links_bg":"","ocean_menu_social_hover_links_bg":"","ocean_menu_social_links_color":"","ocean_menu_social_hover_links_color":"","ocean_disable_title":"default","ocean_disable_heading":"default","ocean_post_title":"","ocean_post_subheading":"","ocean_post_title_style":"","ocean_post_title_background_color":"","ocean_post_title_background":0,"ocean_post_title_bg_image_position":"","ocean_post_title_bg_image_attachment":"","ocean_post_title_bg_image_repeat":"","ocean_post_title_bg_image_size":"","ocean_post_title_height":0,"ocean_post_title_bg_overlay":0.5,"ocean_post_title_bg_overlay_color":"","ocean_disable_breadcrumbs":"default","ocean_breadcrumbs_color":"","ocean_breadcrumbs_separator_color":"","ocean_breadcrumbs_links_color":"","ocean_breadcrumbs_links_hover_color":"","ocean_display_footer_widgets":"default","ocean_display_footer_bottom":"default","ocean_custom_footer_template":"0"},"product_brand":[120],"product_cat":[17],"product_tag":[137,133],"class_list":{"0":"post-72886","1":"product","2":"type-product","3":"status-publish","4":"has-post-thumbnail","6":"product_brand-naturaequa","7":"product_cat-soins-du-visage","8":"product_tag-sans-colorants-synthetiques","9":"product_tag-sansparfumsynthetique","11":"entry","12":"has-media","14":"first","15":"instock","16":"taxable","17":"shipping-taxable","18":"purchasable","19":"product-type-simple","20":"has-rating","21":"col","22":"span_1_of_3","23":"owp-content-center","24":"owp-thumbs-layout-horizontal","25":"owp-btn-normal","26":"owp-tabs-layout-section","27":"has-no-thumbnails","28":"circle-sale"},"_links":{"self":[{"href":"https:\/\/www.biobey.be\/fr\/wp-json\/wp\/v2\/product\/72886","targetHints":{"allow":["GET"]}}],"collection":[{"href":"https:\/\/www.biobey.be\/fr\/wp-json\/wp\/v2\/product"}],"about":[{"href":"https:\/\/www.biobey.be\/fr\/wp-json\/wp\/v2\/types\/product"}],"replies":[{"embeddable":true,"href":"https:\/\/www.biobey.be\/fr\/wp-json\/wp\/v2\/comments?post=72886"}],"wp:featuredmedia":[{"embeddable":true,"href":"https:\/\/www.biobey.be\/fr\/wp-json\/wp\/v2\/media\/72879"}],"wp:attachment":[{"href":"https:\/\/www.biobey.be\/fr\/wp-json\/wp\/v2\/media?parent=72886"}],"wp:term":[{"taxonomy":"product_brand","embeddable":true,"href":"https:\/\/www.biobey.be\/fr\/wp-json\/wp\/v2\/product_brand?post=72886"},{"taxonomy":"product_cat","embeddable":true,"href":"https:\/\/www.biobey.be\/fr\/wp-json\/wp\/v2\/product_cat?post=72886"},{"taxonomy":"product_tag","embeddable":true,"href":"https:\/\/www.biobey.be\/fr\/wp-json\/wp\/v2\/product_tag?post=72886"}],"curies":[{"name":"wp","href":"https:\/\/api.w.org\/{rel}","templated":true}]}}