{"id":72887,"date":"2026-01-28T00:56:18","date_gmt":"2026-01-27T23:56:18","guid":{"rendered":"https:\/\/www.biobey.be\/fr\/?post_type=product&#038;p=72887"},"modified":"2026-04-14T18:26:36","modified_gmt":"2026-04-14T16:26:36","slug":"demaquillant-bio-pour-les-yeux-bi-phase","status":"publish","type":"product","link":"https:\/\/www.biobey.be\/fr\/produit\/demaquillant-bio-pour-les-yeux-bi-phase\/","title":{"rendered":"D\u00e9maquillant bio pour les yeux bi-phas\u00e9 \u00e0 l&rsquo;huile de moringa 150ml"},"content":{"rendered":"<p>Le d\u00e9maquillant bio pour les yeux bi-phas\u00e9 de Nature Equa \u00e9limine en douceur le maquillage waterproof. Sa formule \u00e0 base d&rsquo;huile de moringa est riche en vitamines, acides amin\u00e9s et antioxydants.<\/p>\n<p>Le d\u00e9maquillant bio bi-phas\u00e9 pour les yeux \u00e9limine efficacement et rapidement le maquillage tenace et waterproof. Sa composition douce \u00e9limine les impuret\u00e9s sans irriter la peau. Convient pour un nettoyage quotidien.<\/p>\n<h2>Qu&rsquo;est-ce qu&rsquo;un d\u00e9maquillant bio pour les yeux bi-phas\u00e9 ?<\/h2>\n<p>Le d\u00e9maquillant bio biphas\u00e9 pour les yeux se compose d&rsquo;une phase huileuse (couche sup\u00e9rieure) et d&rsquo;une phase aqueuse (couche inf\u00e9rieure). L&rsquo;huile \u00e9limine plus rapidement le maquillage, le mascara waterproof et l&rsquo;eyeliner gr\u00e2ce \u00e0 sa consistance grasse.<br \/>\nLa couche inf\u00e9rieure \u00e0 base d&rsquo;eau nettoie et rafra\u00eechit le contour des yeux. Elle \u00e9limine en douceur les r\u00e9sidus d&rsquo;huile et de maquillage.<\/p>\n<p>Les atouts du d\u00e9maquillant biphas\u00e9 pour les yeux sont notamment les suivants :<\/p>\n<ul>\n<li>\u00c9limine plus facilement le maquillage tenace comme <a href=\"https:\/\/www.biobey.be\/fr\/produit\/mascara-anti-allergique-bio-volume\/\">le mascara waterproof<\/a> ou l&rsquo;eyeliner<\/li>\n<li>Nettoie le contour des yeux sans dess\u00e9cher la peau gr\u00e2ce \u00e0 l&rsquo;huile de moringa douce<\/li>\n<li>Assure un nettoyage rapide et doux du contour des yeux<\/li>\n<\/ul>\n<h3>Comment utiliser le d\u00e9maquillant bio pour les yeux bi-phas\u00e9 ?<\/h3>\n<p>Bien agiter avant utilisation. Appliquez une petite quantit\u00e9 de d\u00e9maquillant pour les yeux sur un coton-tige. Appliquez le coton-tige sur le contour des yeux et frottez doucement en petits mouvements circulaires sur les paupi\u00e8res ferm\u00e9es. Apr\u00e8s avoir retir\u00e9 le maquillage, il n&rsquo;est pas n\u00e9cessaire de rincer. Convient \u00e0 un usage quotidien.<\/p>\n<p>Ingr\u00e9dients : Aqua, triglyc\u00e9ride caprique, polyglyc\u00e9ryl-4 caprate, huile de graines de Moringa Oleifera*, carboxym\u00e9thyl b\u00eata-glucane sodique, extrait de canne \u00e0 sucre*, alcool benzylique, benzoate de sodium, Sodium Dehydroacetate<br \/>\n*Issu de l&rsquo;agriculture biologique<\/p>\n<p>Natura Equa est un fabricant italien de produits de soins \u00e9cologiques, z\u00e9ro d\u00e9chet et naturels. Afin de rendre le processus de production aussi durable que possible, Natura Equa utilise des mati\u00e8res premi\u00e8res issues du commerce \u00e9quitable et locales.<br \/>\nL&#8217;emballage des produits est compos\u00e9 \u00e0 100 % de bioplastique v\u00e9g\u00e9tal issu de d\u00e9chets de canne \u00e0 sucre recycl\u00e9s.<\/p>\n","protected":false},"excerpt":{"rendered":"<p>Le d\u00e9maquillant doux pour les yeux biphas\u00e9 Natura Equa est naturel et v\u00e9g\u00e9talien. Sa formule \u00e0 base d&rsquo;huile de moringa biologique \u00e9limine le maquillage ordinaire et waterproof sans irriter la peau.<br \/>\n<strong>Caract\u00e9ristiques<\/strong> : le d\u00e9maquillant biphas\u00e9 pour les yeux est exempt de silicones, de sulfates, d&rsquo;huiles min\u00e9rales, de parfum et de PEG.<\/p>\n","protected":false},"featured_media":72878,"comment_status":"open","ping_status":"closed","template":"","meta":{"ocean_post_layout":"","ocean_both_sidebars_style":"","ocean_both_sidebars_content_width":0,"ocean_both_sidebars_sidebars_width":0,"ocean_sidebar":"0","ocean_second_sidebar":"0","ocean_disable_margins":"enable","ocean_add_body_class":"","ocean_shortcode_before_top_bar":"","ocean_shortcode_after_top_bar":"","ocean_shortcode_before_header":"","ocean_shortcode_after_header":"","ocean_has_shortcode":"","ocean_shortcode_after_title":"","ocean_shortcode_before_footer_widgets":"","ocean_shortcode_after_footer_widgets":"","ocean_shortcode_before_footer_bottom":"","ocean_shortcode_after_footer_bottom":"","ocean_display_top_bar":"default","ocean_display_header":"default","ocean_header_style":"","ocean_center_header_left_menu":"0","ocean_custom_header_template":"0","ocean_custom_logo":0,"ocean_custom_retina_logo":0,"ocean_custom_logo_max_width":0,"ocean_custom_logo_tablet_max_width":0,"ocean_custom_logo_mobile_max_width":0,"ocean_custom_logo_max_height":0,"ocean_custom_logo_tablet_max_height":0,"ocean_custom_logo_mobile_max_height":0,"ocean_header_custom_menu":"0","ocean_menu_typo_font_family":"0","ocean_menu_typo_font_subset":"","ocean_menu_typo_font_size":0,"ocean_menu_typo_font_size_tablet":0,"ocean_menu_typo_font_size_mobile":0,"ocean_menu_typo_font_size_unit":"px","ocean_menu_typo_font_weight":"","ocean_menu_typo_font_weight_tablet":"","ocean_menu_typo_font_weight_mobile":"","ocean_menu_typo_transform":"","ocean_menu_typo_transform_tablet":"","ocean_menu_typo_transform_mobile":"","ocean_menu_typo_line_height":0,"ocean_menu_typo_line_height_tablet":0,"ocean_menu_typo_line_height_mobile":0,"ocean_menu_typo_line_height_unit":"","ocean_menu_typo_spacing":0,"ocean_menu_typo_spacing_tablet":0,"ocean_menu_typo_spacing_mobile":0,"ocean_menu_typo_spacing_unit":"","ocean_menu_link_color":"","ocean_menu_link_color_hover":"","ocean_menu_link_color_active":"","ocean_menu_link_background":"","ocean_menu_link_hover_background":"","ocean_menu_link_active_background":"","ocean_menu_social_links_bg":"","ocean_menu_social_hover_links_bg":"","ocean_menu_social_links_color":"","ocean_menu_social_hover_links_color":"","ocean_disable_title":"default","ocean_disable_heading":"default","ocean_post_title":"","ocean_post_subheading":"","ocean_post_title_style":"","ocean_post_title_background_color":"","ocean_post_title_background":0,"ocean_post_title_bg_image_position":"","ocean_post_title_bg_image_attachment":"","ocean_post_title_bg_image_repeat":"","ocean_post_title_bg_image_size":"","ocean_post_title_height":0,"ocean_post_title_bg_overlay":0.5,"ocean_post_title_bg_overlay_color":"","ocean_disable_breadcrumbs":"default","ocean_breadcrumbs_color":"","ocean_breadcrumbs_separator_color":"","ocean_breadcrumbs_links_color":"","ocean_breadcrumbs_links_hover_color":"","ocean_display_footer_widgets":"default","ocean_display_footer_bottom":"default","ocean_custom_footer_template":"0"},"product_brand":[120],"product_cat":[16,55,18,17],"product_tag":[126,133,125],"class_list":{"0":"post-72887","1":"product","2":"type-product","3":"status-publish","4":"has-post-thumbnail","6":"product_brand-naturaequa","7":"product_cat-soins","8":"product_cat-maquillage","9":"product_cat-nettoyage-de-la-peau-et-masques","10":"product_cat-soins-du-visage","11":"product_tag-sans-paraben","12":"product_tag-sansparfumsynthetique","13":"product_tag-vegan","15":"entry","16":"has-media","18":"first","19":"instock","20":"taxable","21":"shipping-taxable","22":"purchasable","23":"product-type-simple","24":"has-rating","25":"col","26":"span_1_of_3","27":"owp-content-center","28":"owp-thumbs-layout-horizontal","29":"owp-btn-normal","30":"owp-tabs-layout-section","31":"has-no-thumbnails","32":"circle-sale"},"_links":{"self":[{"href":"https:\/\/www.biobey.be\/fr\/wp-json\/wp\/v2\/product\/72887","targetHints":{"allow":["GET"]}}],"collection":[{"href":"https:\/\/www.biobey.be\/fr\/wp-json\/wp\/v2\/product"}],"about":[{"href":"https:\/\/www.biobey.be\/fr\/wp-json\/wp\/v2\/types\/product"}],"replies":[{"embeddable":true,"href":"https:\/\/www.biobey.be\/fr\/wp-json\/wp\/v2\/comments?post=72887"}],"wp:featuredmedia":[{"embeddable":true,"href":"https:\/\/www.biobey.be\/fr\/wp-json\/wp\/v2\/media\/72878"}],"wp:attachment":[{"href":"https:\/\/www.biobey.be\/fr\/wp-json\/wp\/v2\/media?parent=72887"}],"wp:term":[{"taxonomy":"product_brand","embeddable":true,"href":"https:\/\/www.biobey.be\/fr\/wp-json\/wp\/v2\/product_brand?post=72887"},{"taxonomy":"product_cat","embeddable":true,"href":"https:\/\/www.biobey.be\/fr\/wp-json\/wp\/v2\/product_cat?post=72887"},{"taxonomy":"product_tag","embeddable":true,"href":"https:\/\/www.biobey.be\/fr\/wp-json\/wp\/v2\/product_tag?post=72887"}],"curies":[{"name":"wp","href":"https:\/\/api.w.org\/{rel}","templated":true}]}}