{"id":73316,"date":"2026-03-07T02:11:33","date_gmt":"2026-03-07T01:11:33","guid":{"rendered":"https:\/\/www.biobey.be\/fr\/?post_type=product&#038;p=73316"},"modified":"2026-03-21T09:45:57","modified_gmt":"2026-03-21T08:45:57","slug":"fond-de-teint-mineral-bio-aloe-peau-seche","status":"publish","type":"product","link":"https:\/\/www.biobey.be\/fr\/produit\/fond-de-teint-mineral-bio-aloe-peau-seche\/","title":{"rendered":"Fond de teint min\u00e9ral bio \u00e0 l&rsquo;aloe vera pour peaux s\u00e8ches 30ml"},"content":{"rendered":"<p>Fond de teint min\u00e9ral bio \u00e0 l&rsquo;aloe vera Natural Beige est un fond de teint 100 % naturel et vegan, \u00e0 la texture fluide et \u00e0 la couvrance moyenne. Il camoufle les imperfections et cr\u00e9e un teint beige naturel et uniforme.<\/p>\n<p>La formule 100 % naturelle de ce fond de teint \u00e0 base d&rsquo;aloe vera, d&rsquo;huile de jojoba et d&rsquo;extrait de sauge adoucit et prot\u00e8ge la peau. Les pigments min\u00e9raux tiennent longtemps et <strong>cr\u00e9ent un \u00e9clat naturel et uniforme<\/strong>. Ce fond de teint min\u00e9ral liquide offre <strong>une couvrance moyenne et un magnifique fini satin\u00e9<\/strong>.<\/p>\n<p>Le fond de teint min\u00e9ral naturel est certifi\u00e9 Cosmos Organic et test\u00e9 dermatologiquement<\/p>\n<p><strong>Conseil pro<\/strong> : utilisez une <span style=\"color: #000080;\"><a style=\"color: #000080;\" href=\"https:\/\/www.biobey.be\/fr\/produit\/creme-de-jour-hydratante-peau-sensible-h2\/\">cr\u00e8me de jour hydratante<\/a><\/span> ou un s\u00e9rum avant d&rsquo;appliquer le fond de teint. Cr\u00e9ez un \u00e9clat suppl\u00e9mentaire avec le <span style=\"color: #000080;\"><a style=\"color: #000080;\" href=\"https:\/\/www.biobey.be\/fr\/produit\/base-de-teint-illuminatrice-glow-perfect\/\">s\u00e9rum primer \u00e0 l&rsquo;acide hyaluronique de Lepo<\/a><\/span>.<\/p>\n<h2>La combinaison de fond de teint min\u00e9ral et d&rsquo;aloe vera est-elle b\u00e9n\u00e9fique pour la peau ?<\/h2>\n<p>Oui, la combinaison d&rsquo;un fond de teint min\u00e9ral bio et d&rsquo;un gel d&rsquo;aloe vera est b\u00e9n\u00e9fique pour la peau. Le fond de teint min\u00e9ral \u00e0 l&rsquo;aloe vera r\u00e9duit les rougeurs et hydrate la peau s\u00e8che. L&rsquo;ingr\u00e9dient de base des fonds de teint naturels Geoderm est le gel d&rsquo;aloe vera biologique.<\/p>\n<h2>Le fond de teint min\u00e9ral bio prot\u00e8ge-t-il contre les rayons UV ?<\/h2>\n<p>Les fonds de teint naturels de Geoderm offrent une <strong>protection naturelle SPF 20<\/strong>. Les pigments min\u00e9raux contenus dans le fond de teint forment une couche protectrice sur la peau qui r\u00e9fl\u00e9chit en partie les rayons UV et prot\u00e8ge la peau contre les influences n\u00e9gatives de l&rsquo;environnement.<\/p>\n<p>La vitamine E contenue dans le fond de teint min\u00e9ral \u00e0 l&rsquo;aloe vera est un puissant antioxydant. Elle aide \u00e0 neutraliser les effets n\u00e9gatifs des radicaux libres.<\/p>\n<p>L&rsquo;huile de graines de jojoba biologique nourrit les couches profondes de la peau et pr\u00e9vient la perte d&rsquo;hydratation. Gr\u00e2ce \u00e0 son action r\u00e9gulatrice de s\u00e9bum, l&rsquo;huile de graines de jojoba est utilis\u00e9e pour soigner les peaux s\u00e8ches et grasses.<\/p>\n<h3>Comment appliquer un fond de teint min\u00e9ral bio \u00e0 l&rsquo;aloe vera ?<\/h3>\n<p>Appliquez le fond de teint min\u00e9ral bio \u00e0 l&rsquo;aide de vos doigts, d&rsquo;une \u00e9ponge ou d&rsquo;un pinceau. D\u00e9posez des petites touches sur votre menton, votre front, votre nez et vos joues. Estompez ensuite sur l&rsquo;ensemble du visage et du cou.<\/p>\n<p>Ingr\u00e9dients (INCI) : Jus de feuille d&rsquo;Aloe barbadensis*, triglyc\u00e9ride caprylique\/caprique, coco-caprylate, dioxyde de titane, glyc\u00e9rine*, propanediol, eau, alcool c\u00e9t\u00e9arylique, alcool c\u00e9tylique, extrait de feuille de Salvia officinalis, huile de graines de Simmondsia chinensis*, hydroxyde d&rsquo;aluminium, acide st\u00e9arique, glucoside de c\u00e9t\u00e9aryle, gomme xanthane, caprylate de<\/p>\n<p>glyc\u00e9ryle, ac\u00e9tate de tocoph\u00e9ryle, citrate de sodium, und\u00e9cyl\u00e9nate de glyc\u00e9ryle, alcool benzylique, sorbate de potassium, benzoate de sodium, fragrance<\/p>\n<p>*Issu de l&rsquo;agriculture biologique<br \/>\nGeoderm est un fabricant espagnol sp\u00e9cialis\u00e9 dans les produits de soin et le maquillage naturels. Les produits de soin Geoderm sont certifi\u00e9s Cosmos Organic, Vegan, test\u00e9s dermatologiquement et exempts de m\u00e9taux lourds.<\/p>\n","protected":false},"excerpt":{"rendered":"<p>Le fond de teint min\u00e9ral bio \u00e0 l&rsquo;aloe vera offre une couvrance moyenne et un fini satin\u00e9<br \/>\nLe fond de teint min\u00e9ral bio contient un indice de protection solaire 20<br \/>\nIl adoucit la peau s\u00e8che et att\u00e9nue les rougeurs.<\/p>\n<p><strong>Certifications<\/strong> : Cosmos Organic, Vegan, sans m\u00e9taux lourds, test\u00e9 dermatologiquement.<br \/>\n<strong>Ingr\u00e9dients actifs<\/strong> : gel d&rsquo;aloe vera, huile de graines de jojoba, extrait de sauge, pigments min\u00e9raux.<br \/>\n<strong>Teint<\/strong> : beige naturel avec un fini satin\u00e9 et une consistance fluide.<\/p>\n","protected":false},"featured_media":73315,"comment_status":"open","ping_status":"closed","template":"","meta":{"ocean_post_layout":"","ocean_both_sidebars_style":"","ocean_both_sidebars_content_width":0,"ocean_both_sidebars_sidebars_width":0,"ocean_sidebar":"0","ocean_second_sidebar":"0","ocean_disable_margins":"enable","ocean_add_body_class":"","ocean_shortcode_before_top_bar":"","ocean_shortcode_after_top_bar":"","ocean_shortcode_before_header":"","ocean_shortcode_after_header":"","ocean_has_shortcode":"","ocean_shortcode_after_title":"","ocean_shortcode_before_footer_widgets":"","ocean_shortcode_after_footer_widgets":"","ocean_shortcode_before_footer_bottom":"","ocean_shortcode_after_footer_bottom":"","ocean_display_top_bar":"default","ocean_display_header":"default","ocean_header_style":"","ocean_center_header_left_menu":"0","ocean_custom_header_template":"0","ocean_custom_logo":0,"ocean_custom_retina_logo":0,"ocean_custom_logo_max_width":0,"ocean_custom_logo_tablet_max_width":0,"ocean_custom_logo_mobile_max_width":0,"ocean_custom_logo_max_height":0,"ocean_custom_logo_tablet_max_height":0,"ocean_custom_logo_mobile_max_height":0,"ocean_header_custom_menu":"0","ocean_menu_typo_font_family":"0","ocean_menu_typo_font_subset":"","ocean_menu_typo_font_size":0,"ocean_menu_typo_font_size_tablet":0,"ocean_menu_typo_font_size_mobile":0,"ocean_menu_typo_font_size_unit":"px","ocean_menu_typo_font_weight":"","ocean_menu_typo_font_weight_tablet":"","ocean_menu_typo_font_weight_mobile":"","ocean_menu_typo_transform":"","ocean_menu_typo_transform_tablet":"","ocean_menu_typo_transform_mobile":"","ocean_menu_typo_line_height":0,"ocean_menu_typo_line_height_tablet":0,"ocean_menu_typo_line_height_mobile":0,"ocean_menu_typo_line_height_unit":"","ocean_menu_typo_spacing":0,"ocean_menu_typo_spacing_tablet":0,"ocean_menu_typo_spacing_mobile":0,"ocean_menu_typo_spacing_unit":"","ocean_menu_link_color":"","ocean_menu_link_color_hover":"","ocean_menu_link_color_active":"","ocean_menu_link_background":"","ocean_menu_link_hover_background":"","ocean_menu_link_active_background":"","ocean_menu_social_links_bg":"","ocean_menu_social_hover_links_bg":"","ocean_menu_social_links_color":"","ocean_menu_social_hover_links_color":"","ocean_disable_title":"default","ocean_disable_heading":"default","ocean_post_title":"","ocean_post_subheading":"","ocean_post_title_style":"","ocean_post_title_background_color":"","ocean_post_title_background":0,"ocean_post_title_bg_image_position":"","ocean_post_title_bg_image_attachment":"","ocean_post_title_bg_image_repeat":"","ocean_post_title_bg_image_size":"","ocean_post_title_height":0,"ocean_post_title_bg_overlay":0.5,"ocean_post_title_bg_overlay_color":"","ocean_disable_breadcrumbs":"default","ocean_breadcrumbs_color":"","ocean_breadcrumbs_separator_color":"","ocean_breadcrumbs_links_color":"","ocean_breadcrumbs_links_hover_color":"","ocean_display_footer_widgets":"default","ocean_display_footer_bottom":"default","ocean_custom_footer_template":"0"},"product_brand":[116],"product_cat":[55],"product_tag":[],"class_list":{"0":"post-73316","1":"product","2":"type-product","3":"status-publish","4":"has-post-thumbnail","6":"product_brand-geoderm","7":"product_cat-maquillage","9":"entry","10":"has-media","12":"first","13":"instock","14":"taxable","15":"shipping-taxable","16":"purchasable","17":"product-type-simple","18":"has-rating","19":"col","20":"span_1_of_3","21":"owp-content-center","22":"owp-thumbs-layout-horizontal","23":"owp-btn-normal","24":"owp-tabs-layout-section","25":"has-no-thumbnails","26":"circle-sale"},"_links":{"self":[{"href":"https:\/\/www.biobey.be\/fr\/wp-json\/wp\/v2\/product\/73316","targetHints":{"allow":["GET"]}}],"collection":[{"href":"https:\/\/www.biobey.be\/fr\/wp-json\/wp\/v2\/product"}],"about":[{"href":"https:\/\/www.biobey.be\/fr\/wp-json\/wp\/v2\/types\/product"}],"replies":[{"embeddable":true,"href":"https:\/\/www.biobey.be\/fr\/wp-json\/wp\/v2\/comments?post=73316"}],"wp:featuredmedia":[{"embeddable":true,"href":"https:\/\/www.biobey.be\/fr\/wp-json\/wp\/v2\/media\/73315"}],"wp:attachment":[{"href":"https:\/\/www.biobey.be\/fr\/wp-json\/wp\/v2\/media?parent=73316"}],"wp:term":[{"taxonomy":"product_brand","embeddable":true,"href":"https:\/\/www.biobey.be\/fr\/wp-json\/wp\/v2\/product_brand?post=73316"},{"taxonomy":"product_cat","embeddable":true,"href":"https:\/\/www.biobey.be\/fr\/wp-json\/wp\/v2\/product_cat?post=73316"},{"taxonomy":"product_tag","embeddable":true,"href":"https:\/\/www.biobey.be\/fr\/wp-json\/wp\/v2\/product_tag?post=73316"}],"curies":[{"name":"wp","href":"https:\/\/api.w.org\/{rel}","templated":true}]}}