{"id":73327,"date":"2026-03-07T02:12:06","date_gmt":"2026-03-07T01:12:06","guid":{"rendered":"https:\/\/www.biobey.be\/fr\/?post_type=product&#038;p=73327"},"modified":"2026-04-13T15:43:11","modified_gmt":"2026-04-13T13:43:11","slug":"toner-bio-peau-seche-et-sensible-au-riz","status":"publish","type":"product","link":"https:\/\/www.biobey.be\/fr\/produit\/toner-bio-peau-seche-et-sensible-au-riz\/","title":{"rendered":"Toner bio peau s\u00e8che et sensible au riz  Nature up 150ml"},"content":{"rendered":"<p>Toner bio peau s\u00e8che et sensible au riz a un effet hydratant et apaisant. Il r\u00e9duit les rougeurs et nettoie la peau. Il \u00e9limine les r\u00e9sidus de salet\u00e9 et adoucit la peau.<\/p>\n<p>La combinaison d&rsquo;acide hyaluronique, d&rsquo;extrait de riz ferment\u00e9 et de PGA (acide polyglutamique) procure \u00e0 la peau une hydratation intense. Il <strong>aide \u00e0 r\u00e9duire les rougeurs et les irritations<\/strong>. Le toner Nature Up pour peaux s\u00e8ches et sensibles rend la peau douce et \u00e9clatante. Il ne contient pas de sulfates, de silicones, d&rsquo;huiles min\u00e9rales, de PEG, d&rsquo;alcool synth\u00e9tique ni de parfum.<\/p>\n<p>Approuv\u00e9 dermatologiquement pour tous les types de peau. Gr\u00e2ce \u00e0 son action douce et \u00e9claircissante, le toner <strong>peut \u00eatre utilis\u00e9 comme <a href=\"https:\/\/www.biobey.be\/fr\/produit\/spilanthes-contour-yeux-levres-anti-ride\/\">masque pour les yeux contre les cernes<\/a>.<\/strong><\/p>\n<h2>Que fait Toner bio peau s\u00e8che et sensible au riz ?<\/h2>\n<p>Le toner bio peau s\u00e8che et sensible au riz a des propri\u00e9t\u00e9s adoucissantes, apaisantes et nettoyantes.<\/p>\n<ul>\n<li>Il \u00e9limine en douceur les r\u00e9sidus de salet\u00e9 et les impuret\u00e9s. Le toner pour le visage permet \u00e9galement une meilleure absorption du s\u00e9rum ou de la cr\u00e8me.<\/li>\n<li>La combinaison d&rsquo;extrait de figue de Barbarie, d&rsquo;eau de bleuet et d&rsquo;extrait de sauge a des propri\u00e9t\u00e9s anti-inflammatoires et r\u00e9g\u00e9n\u00e9rantes. L&rsquo;eau de bleuet aide \u00e0 r\u00e9duire les gonflements. L&rsquo;extrait de figue de Barbarie stimule la production de collag\u00e8ne et nourrit la peau<\/li>\n<li>Le toner pour peaux s\u00e8ches et sensibles apaise les rougeurs et aide \u00e0 renforcer la barri\u00e8re cutan\u00e9e affaiblie gr\u00e2ce \u00e0 sa formule \u00e0 base d&rsquo;extrait de riz ferment\u00e9.<\/li>\n<li>Hydrate et nourrit les peaux s\u00e8ches. L&rsquo;acide hyaluronique et le PGA ont un fort pouvoir hydratant. Ces mol\u00e9cules d&rsquo;eau les retiennent. Cela rend la peau plus douce et plus pulpeuse.<\/li>\n<li>Cr\u00e9e un teint clair en estompant les imperfections de mani\u00e8re naturelle.<\/li>\n<\/ul>\n<h3>Comment utiliser le toner bio peau s\u00e8che et sensible au riz ?<\/h3>\n<p>Utilisez le toner naturel pour peaux s\u00e8ches et sensibles apr\u00e8s avoir nettoy\u00e9 votre peau. Versez une petite quantit\u00e9 de tonic dans la paume de votre main. Massez ensuite votre peau du bout des doigts.<br \/>\nComme compresses pour les cernes : imbibez deux cotons-tiges de tonique jusqu&rsquo;\u00e0 ce qu&rsquo;ils soient bien impr\u00e9gn\u00e9s. Placez-les ensuite sur les paupi\u00e8res ferm\u00e9es et laissez agir pendant 5 \u00e0 7 minutes.<br \/>\nLe Toner bio peau s\u00e8che et sensible au riz peut aussi \u00eatre utilis\u00e9 lorsque vous avez besoin de rafra\u00eechir, d&rsquo;apaiser ou d&rsquo;adoucir la peau.<\/p>\n<p>Ingr\u00e9dients (INCI) : Eau florale de Centaurea cyanus*, Aqua, Glyc\u00e9rine, Phosphate d&rsquo;ascorbyle de sodium, Extrait de tige d&rsquo;Opuntia ficus-indica, Hyaluronate de sodium, Extrait de fermentation de Pseudoalteromonas, Extrait d&rsquo;Oryza sativa*, Filtrat de lysat de fermentation de Saccharomyces, Sorbate de potassium, Acide citrique, Acide polyglutamique, salicylate de sodium, acide d\u00e9hydroac\u00e9tique, alcool benzylique, benzoate de sodium<\/p>\n<p>*Ingr\u00e9dients issus de l&rsquo;agriculture biologique<\/p>\n<h3>Ingr\u00e9dients actifs du toner bio peau s\u00e8che et sensible au riz explication et fonction :<\/h3>\n<ul>\n<li>Eau florale de Centaurea cyanus : l&rsquo;eau florale de bleuet biologique apaise la peau irrit\u00e9e et r\u00e9duit les inflammations.<\/li>\n<li>Glyc\u00e9rine : glyc\u00e9rine v\u00e9g\u00e9tale hydratante<\/li>\n<li>Opuntia ficus-indica stem : l&rsquo;extrait de figuier de Barbarie contient des antioxydants et des polysaccharides qui retiennent l&rsquo;humidit\u00e9.<\/li>\n<li>Saccharomyces ferment lysate filtrate : l&rsquo;extrait de levure ferment\u00e9e am\u00e9liore la texture de la peau et apaise les peaux irrit\u00e9es<\/li>\n<li>Extrait d&rsquo;Oryza sativa : l&rsquo;extrait de riz biologique hydrate les peaux s\u00e8ches et unifie le teint<\/li>\n<li>Sodium hyaluronate : l&rsquo;acide hyaluronique apporte un boost d&rsquo;hydratation<\/li>\n<li>Poly Glutamic acid : l&rsquo;acide polyglutamique (PGA) a une forte capacit\u00e9 \u00e0 attirer et \u00e0 retenir l&rsquo;humidit\u00e9.<\/li>\n<\/ul>\n<p>Caract\u00e9ristiques du toner Nature up pour peaux s\u00e8ches et sensibles :<br \/>\nCertifi\u00e9 Cosmos Organic et Vegan<br \/>\nSans nickel et test\u00e9 dermatologiquement<br \/>\nFabriqu\u00e9 en Italie<\/p>\n","protected":false},"excerpt":{"rendered":"<p>Toner bio peau s\u00e8che et sensible au riz purifie et apaise la peau. L&rsquo;acide hyaluronique et le PGA hydratent la peau en profondeur. L&rsquo;extrait de riz ferment\u00e9 et la figue de Barbarie unifient le teint et att\u00e9nuent les rougeurs.<\/p>\n<p><strong>Certifications<\/strong> : Cosmos Organic, Vegan, test\u00e9 dermatologiquement, sans nickel, convient \u00e0 tous les types de peau.<\/p>\n","protected":false},"featured_media":73326,"comment_status":"open","ping_status":"closed","template":"","meta":{"ocean_post_layout":"","ocean_both_sidebars_style":"","ocean_both_sidebars_content_width":0,"ocean_both_sidebars_sidebars_width":0,"ocean_sidebar":"0","ocean_second_sidebar":"0","ocean_disable_margins":"enable","ocean_add_body_class":"","ocean_shortcode_before_top_bar":"","ocean_shortcode_after_top_bar":"","ocean_shortcode_before_header":"","ocean_shortcode_after_header":"","ocean_has_shortcode":"","ocean_shortcode_after_title":"","ocean_shortcode_before_footer_widgets":"","ocean_shortcode_after_footer_widgets":"","ocean_shortcode_before_footer_bottom":"","ocean_shortcode_after_footer_bottom":"","ocean_display_top_bar":"default","ocean_display_header":"default","ocean_header_style":"","ocean_center_header_left_menu":"0","ocean_custom_header_template":"0","ocean_custom_logo":0,"ocean_custom_retina_logo":0,"ocean_custom_logo_max_width":0,"ocean_custom_logo_tablet_max_width":0,"ocean_custom_logo_mobile_max_width":0,"ocean_custom_logo_max_height":0,"ocean_custom_logo_tablet_max_height":0,"ocean_custom_logo_mobile_max_height":0,"ocean_header_custom_menu":"0","ocean_menu_typo_font_family":"0","ocean_menu_typo_font_subset":"","ocean_menu_typo_font_size":0,"ocean_menu_typo_font_size_tablet":0,"ocean_menu_typo_font_size_mobile":0,"ocean_menu_typo_font_size_unit":"px","ocean_menu_typo_font_weight":"","ocean_menu_typo_font_weight_tablet":"","ocean_menu_typo_font_weight_mobile":"","ocean_menu_typo_transform":"","ocean_menu_typo_transform_tablet":"","ocean_menu_typo_transform_mobile":"","ocean_menu_typo_line_height":0,"ocean_menu_typo_line_height_tablet":0,"ocean_menu_typo_line_height_mobile":0,"ocean_menu_typo_line_height_unit":"","ocean_menu_typo_spacing":0,"ocean_menu_typo_spacing_tablet":0,"ocean_menu_typo_spacing_mobile":0,"ocean_menu_typo_spacing_unit":"","ocean_menu_link_color":"","ocean_menu_link_color_hover":"","ocean_menu_link_color_active":"","ocean_menu_link_background":"","ocean_menu_link_hover_background":"","ocean_menu_link_active_background":"","ocean_menu_social_links_bg":"","ocean_menu_social_hover_links_bg":"","ocean_menu_social_links_color":"","ocean_menu_social_hover_links_color":"","ocean_disable_title":"default","ocean_disable_heading":"default","ocean_post_title":"","ocean_post_subheading":"","ocean_post_title_style":"","ocean_post_title_background_color":"","ocean_post_title_background":0,"ocean_post_title_bg_image_position":"","ocean_post_title_bg_image_attachment":"","ocean_post_title_bg_image_repeat":"","ocean_post_title_bg_image_size":"","ocean_post_title_height":0,"ocean_post_title_bg_overlay":0.5,"ocean_post_title_bg_overlay_color":"","ocean_disable_breadcrumbs":"default","ocean_breadcrumbs_color":"","ocean_breadcrumbs_separator_color":"","ocean_breadcrumbs_links_color":"","ocean_breadcrumbs_links_hover_color":"","ocean_display_footer_widgets":"default","ocean_display_footer_bottom":"default","ocean_custom_footer_template":"0"},"product_brand":[107],"product_cat":[16,55,18,49,20],"product_tag":[],"class_list":{"0":"post-73327","1":"product","2":"type-product","3":"status-publish","4":"has-post-thumbnail","6":"product_brand-nature-up","7":"product_cat-soins","8":"product_cat-maquillage","9":"product_cat-nettoyage-de-la-peau-et-masques","10":"product_cat-peau-seche","11":"product_cat-anti-age","13":"entry","14":"has-media","16":"first","17":"instock","18":"taxable","19":"shipping-taxable","20":"purchasable","21":"product-type-simple","22":"has-rating","23":"col","24":"span_1_of_3","25":"owp-content-center","26":"owp-thumbs-layout-horizontal","27":"owp-btn-normal","28":"owp-tabs-layout-section","29":"has-no-thumbnails","30":"circle-sale"},"_links":{"self":[{"href":"https:\/\/www.biobey.be\/fr\/wp-json\/wp\/v2\/product\/73327","targetHints":{"allow":["GET"]}}],"collection":[{"href":"https:\/\/www.biobey.be\/fr\/wp-json\/wp\/v2\/product"}],"about":[{"href":"https:\/\/www.biobey.be\/fr\/wp-json\/wp\/v2\/types\/product"}],"replies":[{"embeddable":true,"href":"https:\/\/www.biobey.be\/fr\/wp-json\/wp\/v2\/comments?post=73327"}],"wp:featuredmedia":[{"embeddable":true,"href":"https:\/\/www.biobey.be\/fr\/wp-json\/wp\/v2\/media\/73326"}],"wp:attachment":[{"href":"https:\/\/www.biobey.be\/fr\/wp-json\/wp\/v2\/media?parent=73327"}],"wp:term":[{"taxonomy":"product_brand","embeddable":true,"href":"https:\/\/www.biobey.be\/fr\/wp-json\/wp\/v2\/product_brand?post=73327"},{"taxonomy":"product_cat","embeddable":true,"href":"https:\/\/www.biobey.be\/fr\/wp-json\/wp\/v2\/product_cat?post=73327"},{"taxonomy":"product_tag","embeddable":true,"href":"https:\/\/www.biobey.be\/fr\/wp-json\/wp\/v2\/product_tag?post=73327"}],"curies":[{"name":"wp","href":"https:\/\/api.w.org\/{rel}","templated":true}]}}