{"id":73328,"date":"2026-03-07T02:11:48","date_gmt":"2026-03-07T01:11:48","guid":{"rendered":"https:\/\/www.biobey.be\/fr\/?post_type=product&#038;p=73328"},"modified":"2026-03-31T09:48:52","modified_gmt":"2026-03-31T07:48:52","slug":"gommage-exfoliant-bio-au-riz-avec-aha-50","status":"publish","type":"product","link":"https:\/\/www.biobey.be\/fr\/produit\/gommage-exfoliant-bio-au-riz-avec-aha-50\/","title":{"rendered":"Gommage exfoliant bio au riz avec AHA  50ml"},"content":{"rendered":"<p>Le gommage exfoliant bio au riz Nice with Rice avec AHA de Nature-up stimule la r\u00e9g\u00e9n\u00e9ration des cellules cutan\u00e9es et am\u00e9liore la texture de la peau. Ce gommage bio au riz pour le visage contient de l&rsquo;extrait de riz ferment\u00e9 et de l&rsquo;extrait de peau de raisin. Il <strong>\u00e9limine les cellules mortes et les impuret\u00e9s sans alt\u00e9rer la barri\u00e8re cutan\u00e9e<\/strong>.<\/p>\n<p>Les grains fins de poudre de riz exfolient la peau en douceur. En utilisant le gommage naturel au riz chaque semaine, la peau est plus lisse et plus douce au toucher. Le gommage au riz Nature up est naturel et ne contient pas de microplastiques, de parab\u00e8nes, d&rsquo;huiles min\u00e9rales, de parfums synth\u00e9tiques, de sulfates ou d&rsquo;autres ingr\u00e9dients irritants.<\/p>\n<h2>Pourquoi le gommage bio au riz est-il b\u00e9n\u00e9fique pour le visage ?<\/h2>\n<p>Le gommage bio au riz Nature-up est b\u00e9n\u00e9fique pour le visage gr\u00e2ce \u00e0 sa formule douce mais efficace. L&rsquo;extrait de riz ferment\u00e9 contient des composants dont <strong>l&rsquo;effet positif contre le vieillissement pr\u00e9matur\u00e9 de la peau a \u00e9t\u00e9 scientifiquement prouv\u00e9<\/strong>. Le gommage naturel au riz stimule la circulation sanguine et acc\u00e9l\u00e8re le processus de r\u00e9g\u00e9n\u00e9ration des cellules cutan\u00e9es.<\/p>\n<p>L&rsquo;extrait de peau de raisin biologique<a href=\"https:\/\/www.biobey.be\/fr\/produit\/serum-collagene-bio-booster-vegan-20ml\/\"> stimule la production d&rsquo;\u00e9lastine et de collag\u00e8ne<\/a>. Cela contribue \u00e0 une forte \u00e9lasticit\u00e9 de la peau. Le gommage exfoliant \u00e0 base de grains de riz ferment\u00e9s et d&rsquo;extrait de peau de raisin uniformise le teint en estompant les taches pigmentaires et en r\u00e9duisant les rougeurs.<\/p>\n<h2>Propri\u00e9t\u00e9s et bienfaits des ingr\u00e9dients contenus dans le gommage bio au riz :<\/h2>\n<ul>\n<li>Eau florale de Centaurea cyanus : l&rsquo;hydrolat de bleuet hydrate et purifie les peaux sensibles.<\/li>\n<li>Poudre d&rsquo;Oryza sativa : l&rsquo;extrait de poudre de riz r\u00e9gule la production de s\u00e9bum et adoucit les peaux sensibles.<\/li>\n<li>Huile d&rsquo;avocat biologique : nourrit la peau et pr\u00e9vient les inflammations.<\/li>\n<li>Huile de graines de s\u00e9same : l&rsquo;huile de graines de s\u00e9same biologique favorise la r\u00e9g\u00e9n\u00e9ration des cellules cutan\u00e9es endommag\u00e9es et aide \u00e0 traiter la peau s\u00e8che<\/li>\n<li>L&rsquo;huile de jojoba biologique hydrate et prot\u00e8ge la peau contre la d\u00e9shydratation<\/li>\n<li>Extrait de fruit de Pyrus malus : l&rsquo;extrait de pomme biologique contient des acides alpha-hydroxy naturels ou AHA. Ceux-ci assurent une exfoliation douce de la peau.<\/li>\n<\/ul>\n<h3>Comment utiliser le gommage bio au riz pour le visage ?<\/h3>\n<p>Utilisez le gommage exfoliant bio au riz une \u00e0 deux fois par semaine. Appliquez le gommage bio au riz sur le visage et laissez agir pendant 5 minutes. Massez ensuite doucement la peau en effectuant des mouvements circulaires. Rincez ensuite \u00e0 l&rsquo;eau ti\u00e8de. N&rsquo;utilisez pas le gommage Nature Up Nice With Rice autour du contour des yeux.<\/p>\n<p>Ingr\u00e9dients (INCI) : eau florale de Centaurea cyanus, alcool c\u00e9t\u00e9arylique, carbonate de dicaprylyle, eau, huile de graines d&rsquo;Helianthus annuus, glyc\u00e9rine, poudre d&rsquo;Oryza sativa, huile de graines de s\u00e9same*, glucoside c\u00e9t\u00e9arylique, caprylique, phosphate de c\u00e9tyle de potassium, huile d&rsquo;avocat*, huile de graines de jojoba*, huile de fruit d&rsquo;Olea europaea, Hydrolyzed<\/p>\n<p>wheat bran , Pyrus malus fruit extract*, Tartaric acid, Rice extract*, Hydrolyzed grape skin*, Sodium hyaluronate, Saccharomyces ferment lysate filtrate, Polyglutamic acid, Citrus limon fruit extract, Citric acid, Vitamin E, Benzyl alcohol, Sodium benzoate, Potassium sorbate, Laurate de glyc\u00e9ryle, phosphate d&rsquo;ascorbyle de sodium, acide d\u00e9hydroac\u00e9tique, parfum (ar\u00f4me naturel), limon\u00e8ne<\/p>\n<p>*Issu de l&rsquo;agriculture biologique<br \/>\n**Ar\u00f4me de composants naturels<\/p>\n<p>Les produits Nature Up sont \u00e9labor\u00e9s de mani\u00e8re durable en Italie. Certains ingr\u00e9dients utilis\u00e9s dans la fabrication des produits de soin sont issus du syst\u00e8me Upcycling.<\/p>\n","protected":false},"excerpt":{"rendered":"<p>Le gommage au riz bio doux pour le visage exfolie la peau en douceur. Il \u00e9limine les cellules mortes et am\u00e9liore la texture de la peau. La peau para\u00eet \u00e9galement plus uniforme et plus lisse.<\/p>\n<p><strong>Certificats :<\/strong> Icea Bio, Cosmos Organic, Vegan, test\u00e9 dermatologiquement, fabriqu\u00e9 en Italie, sans nickel<br \/>\n<strong>Type de peau<\/strong> : convient \u00e0 tous les types de peau<\/p>\n","protected":false},"featured_media":73330,"comment_status":"open","ping_status":"closed","template":"","meta":{"ocean_post_layout":"","ocean_both_sidebars_style":"","ocean_both_sidebars_content_width":0,"ocean_both_sidebars_sidebars_width":0,"ocean_sidebar":"0","ocean_second_sidebar":"0","ocean_disable_margins":"enable","ocean_add_body_class":"","ocean_shortcode_before_top_bar":"","ocean_shortcode_after_top_bar":"","ocean_shortcode_before_header":"","ocean_shortcode_after_header":"","ocean_has_shortcode":"","ocean_shortcode_after_title":"","ocean_shortcode_before_footer_widgets":"","ocean_shortcode_after_footer_widgets":"","ocean_shortcode_before_footer_bottom":"","ocean_shortcode_after_footer_bottom":"","ocean_display_top_bar":"default","ocean_display_header":"default","ocean_header_style":"","ocean_center_header_left_menu":"0","ocean_custom_header_template":"0","ocean_custom_logo":0,"ocean_custom_retina_logo":0,"ocean_custom_logo_max_width":0,"ocean_custom_logo_tablet_max_width":0,"ocean_custom_logo_mobile_max_width":0,"ocean_custom_logo_max_height":0,"ocean_custom_logo_tablet_max_height":0,"ocean_custom_logo_mobile_max_height":0,"ocean_header_custom_menu":"0","ocean_menu_typo_font_family":"0","ocean_menu_typo_font_subset":"","ocean_menu_typo_font_size":0,"ocean_menu_typo_font_size_tablet":0,"ocean_menu_typo_font_size_mobile":0,"ocean_menu_typo_font_size_unit":"px","ocean_menu_typo_font_weight":"","ocean_menu_typo_font_weight_tablet":"","ocean_menu_typo_font_weight_mobile":"","ocean_menu_typo_transform":"","ocean_menu_typo_transform_tablet":"","ocean_menu_typo_transform_mobile":"","ocean_menu_typo_line_height":0,"ocean_menu_typo_line_height_tablet":0,"ocean_menu_typo_line_height_mobile":0,"ocean_menu_typo_line_height_unit":"","ocean_menu_typo_spacing":0,"ocean_menu_typo_spacing_tablet":0,"ocean_menu_typo_spacing_mobile":0,"ocean_menu_typo_spacing_unit":"","ocean_menu_link_color":"","ocean_menu_link_color_hover":"","ocean_menu_link_color_active":"","ocean_menu_link_background":"","ocean_menu_link_hover_background":"","ocean_menu_link_active_background":"","ocean_menu_social_links_bg":"","ocean_menu_social_hover_links_bg":"","ocean_menu_social_links_color":"","ocean_menu_social_hover_links_color":"","ocean_disable_title":"default","ocean_disable_heading":"default","ocean_post_title":"","ocean_post_subheading":"","ocean_post_title_style":"","ocean_post_title_background_color":"","ocean_post_title_background":0,"ocean_post_title_bg_image_position":"","ocean_post_title_bg_image_attachment":"","ocean_post_title_bg_image_repeat":"","ocean_post_title_bg_image_size":"","ocean_post_title_height":0,"ocean_post_title_bg_overlay":0.5,"ocean_post_title_bg_overlay_color":"","ocean_disable_breadcrumbs":"default","ocean_breadcrumbs_color":"","ocean_breadcrumbs_separator_color":"","ocean_breadcrumbs_links_color":"","ocean_breadcrumbs_links_hover_color":"","ocean_display_footer_widgets":"default","ocean_display_footer_bottom":"default","ocean_custom_footer_template":"0"},"product_brand":[107],"product_cat":[16,21,18,17,20],"product_tag":[],"class_list":{"0":"post-73328","1":"product","2":"type-product","3":"status-publish","4":"has-post-thumbnail","6":"product_brand-nature-up","7":"product_cat-soins","8":"product_cat-acne-et-peau-abimee","9":"product_cat-nettoyage-de-la-peau-et-masques","10":"product_cat-soins-du-visage","11":"product_cat-anti-age","13":"entry","14":"has-media","16":"first","17":"instock","18":"taxable","19":"shipping-taxable","20":"purchasable","21":"product-type-simple","22":"has-rating","23":"col","24":"span_1_of_3","25":"owp-content-center","26":"owp-thumbs-layout-horizontal","27":"owp-btn-normal","28":"owp-tabs-layout-section","29":"has-no-thumbnails","30":"circle-sale"},"_links":{"self":[{"href":"https:\/\/www.biobey.be\/fr\/wp-json\/wp\/v2\/product\/73328","targetHints":{"allow":["GET"]}}],"collection":[{"href":"https:\/\/www.biobey.be\/fr\/wp-json\/wp\/v2\/product"}],"about":[{"href":"https:\/\/www.biobey.be\/fr\/wp-json\/wp\/v2\/types\/product"}],"replies":[{"embeddable":true,"href":"https:\/\/www.biobey.be\/fr\/wp-json\/wp\/v2\/comments?post=73328"}],"wp:featuredmedia":[{"embeddable":true,"href":"https:\/\/www.biobey.be\/fr\/wp-json\/wp\/v2\/media\/73330"}],"wp:attachment":[{"href":"https:\/\/www.biobey.be\/fr\/wp-json\/wp\/v2\/media?parent=73328"}],"wp:term":[{"taxonomy":"product_brand","embeddable":true,"href":"https:\/\/www.biobey.be\/fr\/wp-json\/wp\/v2\/product_brand?post=73328"},{"taxonomy":"product_cat","embeddable":true,"href":"https:\/\/www.biobey.be\/fr\/wp-json\/wp\/v2\/product_cat?post=73328"},{"taxonomy":"product_tag","embeddable":true,"href":"https:\/\/www.biobey.be\/fr\/wp-json\/wp\/v2\/product_tag?post=73328"}],"curies":[{"name":"wp","href":"https:\/\/api.w.org\/{rel}","templated":true}]}}