{"id":73508,"date":"2026-04-12T21:12:06","date_gmt":"2026-04-12T19:12:06","guid":{"rendered":"https:\/\/www.biobey.be\/fr\/?post_type=product&#038;p=73508"},"modified":"2026-04-12T21:25:27","modified_gmt":"2026-04-12T19:25:27","slug":"deodorant-spray-bio-sans-parfum-sensible","status":"publish","type":"product","link":"https:\/\/www.biobey.be\/fr\/produit\/deodorant-spray-bio-sans-parfum-sensible\/","title":{"rendered":"D\u00e9odorant spray bio sans parfum pour peaux sensibles 80 ml"},"content":{"rendered":"<p>D\u00e9odorant spray bio sans parfum a \u00e9t\u00e9 con\u00e7u pour les personnes ayant la peau sensible au niveau des aisselles.<br \/>\nL&rsquo;extrait biologique de canne \u00e0 sucre et l&rsquo;aloe vera de Ligurie <strong>aident \u00e0 apaiser les rougeurs et les irritations<\/strong>.<br \/>\nL&rsquo;extrait d&rsquo;aloe vera att\u00e9nue les d\u00e9mangeaisons et adoucit la peau s\u00e8che. Il aide \u00e0 \u00e9liminer les odeurs de transpiration et r\u00e9duit la transpiration de mani\u00e8re naturelle.<\/p>\n<p>Pour les personnes sensibles aux parfums, ce d\u00e9odorant spray sans parfum est id\u00e9al pour rafra\u00eechir les aisselles et pr\u00e9venir la transpiration excessive et les odeurs.<\/p>\n<p>Ce d\u00e9odorant spray naturel est sans gaz propulseurs, sans alcool, sans parfum, sans ar\u00f4me, sans sels d&rsquo;aluminium et sans parab\u00e8nes. Il est vegan et issu d&rsquo;une production durable.<\/p>\n<h2>Comment fonctionne le d\u00e9odorant spray bio sans parfum ?<\/h2>\n<p>Sa formule douce, exempte de substances irritantes, \u00e9limine les mauvaises odeurs et emp\u00eache la prolif\u00e9ration des bact\u00e9ries nocives.<br \/>\nSa formule \u00e0 base d&rsquo;extrait de canne \u00e0 sucre biologique et de gel d&rsquo;aloe vera a un effet anti-inflammatoire et apaisant.<\/p>\n<p>Il aide \u00e0 rafra\u00eechir en douceur la peau irrit\u00e9e des aisselles apr\u00e8s le rasage. La composition du d\u00e9odorant spray sans parfum convient \u00e0 un usage quotidien pour les personnes \u00e0 la peau sensible.<\/p>\n<h3>Comment utiliser le d\u00e9odorant spray bio sans parfum ?<\/h3>\n<p>Bien agiter avant utilisation. Vaporisez le d\u00e9odorant sans parfum \u00e0 une distance de 10 cm sur les aisselles.<br \/>\nIl convient \u00e0 un usage quotidien, y compris apr\u00e8s le rasage des aisselles.<\/p>\n<p>Ingr\u00e9dients (INCI) : Aqua, Propanediol, Triethyl citrate, Aloe arborescens leaf extract, Saccharum officinarum extract*, Zinc ricinoleate, Polyglyceryl-6 stearate, Polyglyceryl-6 Behenate, Benzyl alcohol, Sodium benzoate, d\u00e9hydroac\u00e9tate de sodium.<\/p>\n<p>*Ingr\u00e9dients issus de l&rsquo;agriculture biologique*<\/p>\n<p>Les produits de soin Natura Eque sont fabriqu\u00e9s de mani\u00e8re durable en Italie. Les mati\u00e8res premi\u00e8res utilis\u00e9es dans les produits sont locales. Les emballages utilis\u00e9s pour les produits sont fabriqu\u00e9s \u00e0 partir de plastique biologique issu de d\u00e9chets de canne \u00e0 sucre recycl\u00e9s.<\/p>\n","protected":false},"excerpt":{"rendered":"<p>Ce d\u00e9odorant spray bio sans parfum rafra\u00eechit et prend soin des aisselles sensibles.<br \/>\nSa formule \u00e0 base d&rsquo;aloe vera et d&rsquo;extrait de canne \u00e0 sucre nettoie et apaise les aisselles irrit\u00e9es apr\u00e8s le rasage.<\/p>\n<p><strong>Caract\u00e9ristiques :<\/strong> Ce d\u00e9odorant spray bio sans parfum ne contient ni gaz propulseurs, ni alcool, ni parfum, ni ar\u00f4mes, ni parab\u00e8nes, ni sels d&rsquo;aluminium<br \/>\nConvient aux personnes ayant les aisselles sensibles<\/p>\n","protected":false},"featured_media":73504,"comment_status":"open","ping_status":"closed","template":"","meta":{"ocean_post_layout":"","ocean_both_sidebars_style":"","ocean_both_sidebars_content_width":0,"ocean_both_sidebars_sidebars_width":0,"ocean_sidebar":"0","ocean_second_sidebar":"0","ocean_disable_margins":"enable","ocean_add_body_class":"","ocean_shortcode_before_top_bar":"","ocean_shortcode_after_top_bar":"","ocean_shortcode_before_header":"","ocean_shortcode_after_header":"","ocean_has_shortcode":"","ocean_shortcode_after_title":"","ocean_shortcode_before_footer_widgets":"","ocean_shortcode_after_footer_widgets":"","ocean_shortcode_before_footer_bottom":"","ocean_shortcode_after_footer_bottom":"","ocean_display_top_bar":"default","ocean_display_header":"default","ocean_header_style":"","ocean_center_header_left_menu":"0","ocean_custom_header_template":"0","ocean_custom_logo":0,"ocean_custom_retina_logo":0,"ocean_custom_logo_max_width":0,"ocean_custom_logo_tablet_max_width":0,"ocean_custom_logo_mobile_max_width":0,"ocean_custom_logo_max_height":0,"ocean_custom_logo_tablet_max_height":0,"ocean_custom_logo_mobile_max_height":0,"ocean_header_custom_menu":"0","ocean_menu_typo_font_family":"0","ocean_menu_typo_font_subset":"","ocean_menu_typo_font_size":0,"ocean_menu_typo_font_size_tablet":0,"ocean_menu_typo_font_size_mobile":0,"ocean_menu_typo_font_size_unit":"px","ocean_menu_typo_font_weight":"","ocean_menu_typo_font_weight_tablet":"","ocean_menu_typo_font_weight_mobile":"","ocean_menu_typo_transform":"","ocean_menu_typo_transform_tablet":"","ocean_menu_typo_transform_mobile":"","ocean_menu_typo_line_height":0,"ocean_menu_typo_line_height_tablet":0,"ocean_menu_typo_line_height_mobile":0,"ocean_menu_typo_line_height_unit":"","ocean_menu_typo_spacing":0,"ocean_menu_typo_spacing_tablet":0,"ocean_menu_typo_spacing_mobile":0,"ocean_menu_typo_spacing_unit":"","ocean_menu_link_color":"","ocean_menu_link_color_hover":"","ocean_menu_link_color_active":"","ocean_menu_link_background":"","ocean_menu_link_hover_background":"","ocean_menu_link_active_background":"","ocean_menu_social_links_bg":"","ocean_menu_social_hover_links_bg":"","ocean_menu_social_links_color":"","ocean_menu_social_hover_links_color":"","ocean_disable_title":"default","ocean_disable_heading":"default","ocean_post_title":"","ocean_post_subheading":"","ocean_post_title_style":"","ocean_post_title_background_color":"","ocean_post_title_background":0,"ocean_post_title_bg_image_position":"","ocean_post_title_bg_image_attachment":"","ocean_post_title_bg_image_repeat":"","ocean_post_title_bg_image_size":"","ocean_post_title_height":0,"ocean_post_title_bg_overlay":0.5,"ocean_post_title_bg_overlay_color":"","ocean_disable_breadcrumbs":"default","ocean_breadcrumbs_color":"","ocean_breadcrumbs_separator_color":"","ocean_breadcrumbs_links_color":"","ocean_breadcrumbs_links_hover_color":"","ocean_display_footer_widgets":"default","ocean_display_footer_bottom":"default","ocean_custom_footer_template":"0"},"product_brand":[120],"product_cat":[54],"product_tag":[],"class_list":{"0":"post-73508","1":"product","2":"type-product","3":"status-publish","4":"has-post-thumbnail","6":"product_brand-naturaequa","7":"product_cat-deodorants","9":"entry","10":"has-media","12":"first","13":"instock","14":"taxable","15":"shipping-taxable","16":"purchasable","17":"product-type-simple","18":"has-rating","19":"col","20":"span_1_of_3","21":"owp-content-center","22":"owp-thumbs-layout-horizontal","23":"owp-btn-normal","24":"owp-tabs-layout-section","25":"has-no-thumbnails","26":"circle-sale"},"_links":{"self":[{"href":"https:\/\/www.biobey.be\/fr\/wp-json\/wp\/v2\/product\/73508","targetHints":{"allow":["GET"]}}],"collection":[{"href":"https:\/\/www.biobey.be\/fr\/wp-json\/wp\/v2\/product"}],"about":[{"href":"https:\/\/www.biobey.be\/fr\/wp-json\/wp\/v2\/types\/product"}],"replies":[{"embeddable":true,"href":"https:\/\/www.biobey.be\/fr\/wp-json\/wp\/v2\/comments?post=73508"}],"wp:featuredmedia":[{"embeddable":true,"href":"https:\/\/www.biobey.be\/fr\/wp-json\/wp\/v2\/media\/73504"}],"wp:attachment":[{"href":"https:\/\/www.biobey.be\/fr\/wp-json\/wp\/v2\/media?parent=73508"}],"wp:term":[{"taxonomy":"product_brand","embeddable":true,"href":"https:\/\/www.biobey.be\/fr\/wp-json\/wp\/v2\/product_brand?post=73508"},{"taxonomy":"product_cat","embeddable":true,"href":"https:\/\/www.biobey.be\/fr\/wp-json\/wp\/v2\/product_cat?post=73508"},{"taxonomy":"product_tag","embeddable":true,"href":"https:\/\/www.biobey.be\/fr\/wp-json\/wp\/v2\/product_tag?post=73508"}],"curies":[{"name":"wp","href":"https:\/\/api.w.org\/{rel}","templated":true}]}}