{"id":73509,"date":"2026-04-12T21:12:15","date_gmt":"2026-04-12T19:12:15","guid":{"rendered":"https:\/\/www.biobey.be\/fr\/?post_type=product&#038;p=73509"},"modified":"2026-04-12T21:25:29","modified_gmt":"2026-04-12T19:25:29","slug":"deo-spray-limone-et-tea-tree-sans-alcool","status":"publish","type":"product","link":"https:\/\/www.biobey.be\/fr\/produit\/deo-spray-limone-et-tea-tree-sans-alcool\/","title":{"rendered":"D\u00e9o spray Limone et Tea Tree sans alcool ni aluminium"},"content":{"rendered":"<p>D\u00e9o spray Limone et Tea Tree sans alcool ni aluminium \u00e9limine les mauvaises odeurs et la transpiration sans obstruer les pores.<\/p>\n<p>L&rsquo;huile d&rsquo;arbre \u00e0 th\u00e9 a une action antibact\u00e9rienne. Elle \u00e9limine les mauvaises bact\u00e9ries et emp\u00eache leur prolif\u00e9ration. Elle r\u00e9duit les odeurs de transpiration en s&rsquo;attaquant \u00e0 la source des odeurs d\u00e9sagr\u00e9ables. Le d\u00e9odorant spray Limone et arbre \u00e0 th\u00e9 est <strong>sans aluminium, sans parfum, sans parab\u00e8nes, sans alcool, sans gaz, sans triclosan et sans autres ingr\u00e9dients synth\u00e9tiques irritants.<\/strong><\/p>\n<p>L&rsquo;huile d&rsquo;\u00e9corce de citron neutralise les odeurs de transpiration et procure une agr\u00e9able sensation de fra\u00eecheur tout au long de la journ\u00e9e. Apr\u00e8s utilisation du d\u00e9odorant spray Limone et Tea Tree sans alcool, les aisselles sont fra\u00eeches et d\u00e9gagent un agr\u00e9able parfum naturel et l\u00e9ger de citron.<\/p>\n<p><strong>Conseil de pro :<\/strong> si vous avez la peau sensible et sujette aux r\u00e9actions allergiques, ou si vous pr\u00e9f\u00e9rez un d\u00e9odorant sans parfum, nous vous recommandons d&rsquo;utiliser le spray d\u00e9odorant neutre ou la cr\u00e8me d\u00e9odorante pour peaux sensibles.<\/p>\n<h2>Bienfaits de la formule naturelle du d\u00e9odorant spray Limone et Tea tree sans alcool ni aluminium<\/h2>\n<p>La combinaison de l&rsquo;huile de tea tree et de l&rsquo;huile d&rsquo;\u00e9corce de citron \u00e9limine les mauvaises odeurs de transpiration et procure une fra\u00eecheur agr\u00e9able et durable.<\/p>\n<p>L&rsquo;huile de th\u00e9ier a un effet antibact\u00e9rien et anti-inflammatoire. Elle emp\u00eache la prolif\u00e9ration des bact\u00e9ries nocives et poss\u00e8de des propri\u00e9t\u00e9s antifongiques.<\/p>\n<p>L&rsquo;extrait d&rsquo;aloe vera contenu dans le d\u00e9odorant en spray au citron et \u00e0 l&rsquo;arbre \u00e0 th\u00e9 att\u00e9nue les rougeurs et est doux pour la peau.<\/p>\n<p>L&rsquo;extrait d&rsquo;aloe vera, associ\u00e9 au sucre de canne biologique, apaise les d\u00e9mangeaisons et hydrate la peau des aisselles.<\/p>\n<p>Gr\u00e2ce \u00e0 sa formule naturelle sans gaz, sans parfum, sans alcool et sans sels d&rsquo;aluminium, ce d\u00e9odorant peut \u00eatre utilis\u00e9 en toute s\u00e9curit\u00e9.<\/p>\n<h3>Comment utiliser le d\u00e9odorant spray Limone et Tea Tree sans alcool ni aluminium ?<\/h3>\n<p>Bien agiter avant utilisation. Vaporisez le d\u00e9odorant au citron et \u00e0 l&rsquo;arbre \u00e0 th\u00e9 sur les aisselles \u00e0 une distance de 10 cm. Convient \u00e0 un usage r\u00e9gulier. V\u00e9g\u00e9talien et naturel<\/p>\n<p>Ingr\u00e9dients (INCI) : Aqua, Propanediol, Triethyl citrate, Aloe arborescens leaf extract, Extrait de canne \u00e0 sucre*, Zinc ricinoleate, Polyglyceryl-6 stearate, Polyglyceryl-6 Behenate, Huile de zeste de citron, Limon\u00e8ne, Citral, Huile de feuille de Melaleuca alternifolia (arbre \u00e0 th\u00e9), alcool benzylique, benzoate de sodium, d\u00e9shydroac\u00e9tate de sodium.<\/p>\n<p>Le d\u00e9odorant spray Natura Equa au citron et \u00e0 l&rsquo;arbre \u00e0 th\u00e9 est naturel et v\u00e9g\u00e9talien. Les produits Natura Equa sont fabriqu\u00e9s en Italie de mani\u00e8re durable.<br \/>\nL&#8217;emballage est fabriqu\u00e9 \u00e0 partir de plastique 100 % biologique issu de d\u00e9chets de canne \u00e0 sucre. La production utilise principalement des mati\u00e8res premi\u00e8res locales.<\/p>\n","protected":false},"excerpt":{"rendered":"<p>Ce d\u00e9odorant spray naturel au citron et \u00e0 l&rsquo;arbre \u00e0 th\u00e9 \u00e9limine les odeurs de transpiration et garantit des aisselles fra\u00eeches toute la journ\u00e9e.<\/p>\n<p>Sa formule douce est sans gaz propulseurs, sans alcool, sans parfum, sans parab\u00e8nes et sans sels d&rsquo;aluminium. Elle n&rsquo;obstrue pas les pores et laisse une sensation de douceur.<\/p>\n<p><strong>Ingr\u00e9dients actifs<\/strong> : huile de zeste de citron, huile d&rsquo;arbre \u00e0 th\u00e9, extrait d&rsquo;aloe vera, extrait de canne \u00e0 sucre<br \/>\n<strong>Fragrance :<\/strong> Fragrance frais de citron<br \/>\n<strong>Contenance :<\/strong> 80 ml<\/p>\n","protected":false},"featured_media":73505,"comment_status":"open","ping_status":"closed","template":"","meta":{"ocean_post_layout":"","ocean_both_sidebars_style":"","ocean_both_sidebars_content_width":0,"ocean_both_sidebars_sidebars_width":0,"ocean_sidebar":"0","ocean_second_sidebar":"0","ocean_disable_margins":"enable","ocean_add_body_class":"","ocean_shortcode_before_top_bar":"","ocean_shortcode_after_top_bar":"","ocean_shortcode_before_header":"","ocean_shortcode_after_header":"","ocean_has_shortcode":"","ocean_shortcode_after_title":"","ocean_shortcode_before_footer_widgets":"","ocean_shortcode_after_footer_widgets":"","ocean_shortcode_before_footer_bottom":"","ocean_shortcode_after_footer_bottom":"","ocean_display_top_bar":"default","ocean_display_header":"default","ocean_header_style":"","ocean_center_header_left_menu":"0","ocean_custom_header_template":"0","ocean_custom_logo":0,"ocean_custom_retina_logo":0,"ocean_custom_logo_max_width":0,"ocean_custom_logo_tablet_max_width":0,"ocean_custom_logo_mobile_max_width":0,"ocean_custom_logo_max_height":0,"ocean_custom_logo_tablet_max_height":0,"ocean_custom_logo_mobile_max_height":0,"ocean_header_custom_menu":"0","ocean_menu_typo_font_family":"0","ocean_menu_typo_font_subset":"","ocean_menu_typo_font_size":0,"ocean_menu_typo_font_size_tablet":0,"ocean_menu_typo_font_size_mobile":0,"ocean_menu_typo_font_size_unit":"px","ocean_menu_typo_font_weight":"","ocean_menu_typo_font_weight_tablet":"","ocean_menu_typo_font_weight_mobile":"","ocean_menu_typo_transform":"","ocean_menu_typo_transform_tablet":"","ocean_menu_typo_transform_mobile":"","ocean_menu_typo_line_height":0,"ocean_menu_typo_line_height_tablet":0,"ocean_menu_typo_line_height_mobile":0,"ocean_menu_typo_line_height_unit":"","ocean_menu_typo_spacing":0,"ocean_menu_typo_spacing_tablet":0,"ocean_menu_typo_spacing_mobile":0,"ocean_menu_typo_spacing_unit":"","ocean_menu_link_color":"","ocean_menu_link_color_hover":"","ocean_menu_link_color_active":"","ocean_menu_link_background":"","ocean_menu_link_hover_background":"","ocean_menu_link_active_background":"","ocean_menu_social_links_bg":"","ocean_menu_social_hover_links_bg":"","ocean_menu_social_links_color":"","ocean_menu_social_hover_links_color":"","ocean_disable_title":"default","ocean_disable_heading":"default","ocean_post_title":"","ocean_post_subheading":"","ocean_post_title_style":"","ocean_post_title_background_color":"","ocean_post_title_background":0,"ocean_post_title_bg_image_position":"","ocean_post_title_bg_image_attachment":"","ocean_post_title_bg_image_repeat":"","ocean_post_title_bg_image_size":"","ocean_post_title_height":0,"ocean_post_title_bg_overlay":0.5,"ocean_post_title_bg_overlay_color":"","ocean_disable_breadcrumbs":"default","ocean_breadcrumbs_color":"","ocean_breadcrumbs_separator_color":"","ocean_breadcrumbs_links_color":"","ocean_breadcrumbs_links_hover_color":"","ocean_display_footer_widgets":"default","ocean_display_footer_bottom":"default","ocean_custom_footer_template":"0"},"product_brand":[120],"product_cat":[54],"product_tag":[],"class_list":{"0":"post-73509","1":"product","2":"type-product","3":"status-publish","4":"has-post-thumbnail","6":"product_brand-naturaequa","7":"product_cat-deodorants","9":"entry","10":"has-media","12":"first","13":"instock","14":"taxable","15":"shipping-taxable","16":"purchasable","17":"product-type-simple","18":"has-rating","19":"col","20":"span_1_of_3","21":"owp-content-center","22":"owp-thumbs-layout-horizontal","23":"owp-btn-normal","24":"owp-tabs-layout-section","25":"has-no-thumbnails","26":"circle-sale"},"_links":{"self":[{"href":"https:\/\/www.biobey.be\/fr\/wp-json\/wp\/v2\/product\/73509","targetHints":{"allow":["GET"]}}],"collection":[{"href":"https:\/\/www.biobey.be\/fr\/wp-json\/wp\/v2\/product"}],"about":[{"href":"https:\/\/www.biobey.be\/fr\/wp-json\/wp\/v2\/types\/product"}],"replies":[{"embeddable":true,"href":"https:\/\/www.biobey.be\/fr\/wp-json\/wp\/v2\/comments?post=73509"}],"wp:featuredmedia":[{"embeddable":true,"href":"https:\/\/www.biobey.be\/fr\/wp-json\/wp\/v2\/media\/73505"}],"wp:attachment":[{"href":"https:\/\/www.biobey.be\/fr\/wp-json\/wp\/v2\/media?parent=73509"}],"wp:term":[{"taxonomy":"product_brand","embeddable":true,"href":"https:\/\/www.biobey.be\/fr\/wp-json\/wp\/v2\/product_brand?post=73509"},{"taxonomy":"product_cat","embeddable":true,"href":"https:\/\/www.biobey.be\/fr\/wp-json\/wp\/v2\/product_cat?post=73509"},{"taxonomy":"product_tag","embeddable":true,"href":"https:\/\/www.biobey.be\/fr\/wp-json\/wp\/v2\/product_tag?post=73509"}],"curies":[{"name":"wp","href":"https:\/\/api.w.org\/{rel}","templated":true}]}}