{"id":73510,"date":"2026-04-12T21:12:31","date_gmt":"2026-04-12T19:12:31","guid":{"rendered":"https:\/\/www.biobey.be\/fr\/?post_type=product&#038;p=73510"},"modified":"2026-04-12T21:25:24","modified_gmt":"2026-04-12T19:25:24","slug":"creme-de-jour-hydratante-bio-hydra-lymph","status":"publish","type":"product","link":"https:\/\/www.biobey.be\/fr\/produit\/creme-de-jour-hydratante-bio-hydra-lymph\/","title":{"rendered":"Cr\u00e8me de jour hydratante bio Hydra Lymph 50ml"},"content":{"rendered":"<p>Cr\u00e8me de jour hydratante bio Hydra Lymph, \u00e0 base d&rsquo;acide hyaluronique et de vitamine C, apporte l&rsquo;hydratation n\u00e9cessaire aux couches superficielles et profondes de la peau.<\/p>\n<p>La cr\u00e8me Hydra Lymph est riche en min\u00e9raux, vitamines, antioxydants, polyph\u00e9nols et acides amin\u00e9s. Elle adoucit la peau s\u00e8che et favorise la r\u00e9g\u00e9n\u00e9ration cellulaire.<\/p>\n<p>Une utilisation quotidienne de la cr\u00e8me pour le visage Hydra Lymph hydrate la peau et la prot\u00e8ge contre la perte d&rsquo;eau et la d\u00e9shydratation.<\/p>\n<h2>Quelle est la fonction principale de la cr\u00e8me de jour hydratante bio Hydra Lymph ?<\/h2>\n<p>La cr\u00e8me de jour hydratante bio Hydra Lymph a une action hydratante, protectrice et drainante sur la peau.<br \/>\nHydra est synonyme d&rsquo;hydratation en profondeur gr\u00e2ce \u00e0 sa teneur \u00e9lev\u00e9e en acide hyaluronique, en huile d&rsquo;avocat biologique et en huile d&rsquo;olive press\u00e9e \u00e0 froid.<\/p>\n<p>\u00ab Lymph \u00bb fait r\u00e9f\u00e9rence au drainage lymphatique. Cette cr\u00e8me pour le visage favorise une \u00e9limination plus rapide des toxines et de l&rsquo;eau stagnante. Elle conf\u00e8re un teint frais, aide \u00e0 prendre soin de la peau fatigu\u00e9e et \u00e0 r\u00e9duire les gonflements. L&rsquo;extrait de noix verte et l&rsquo;extrait de riz pi\u00e9montais ferment\u00e9 r\u00e9duisent les gonflements et ont un effet \u00e9claircissant sur la peau.<\/p>\n<p>La cr\u00e8me hydratante pour le visage Natuurlijke Hydra Lymph prot\u00e8ge la peau contre les agressions ext\u00e9rieures gr\u00e2ce \u00e0 sa teneur \u00e9lev\u00e9e en vitamines C et E. Elle renforce la barri\u00e8re cutan\u00e9e et aide \u00e0 pr\u00e9venir la d\u00e9shydratation.<\/p>\n<h3>Comment utiliser la cr\u00e8me de jour hydratante bio Hydra Lymph ?<\/h3>\n<p>Appliquez la cr\u00e8me de jour hydratante bio Hydra Lymph deux fois par jour sur une peau nettoy\u00e9e. Massez-la d\u00e9licatement sur le visage et le cou.<br \/>\nLa cr\u00e8me de jour peut \u00eatre appliqu\u00e9e sous une cr\u00e8me solaire min\u00e9rale SPF 30 ou 50.<\/p>\n<p><strong>Conseil Biobey Pro :<\/strong><br \/>\nPour hydrater et prendre soin du contour des yeux, nous vous recommandons d&rsquo;utiliser une cr\u00e8me pour les yeux Argital contre les poches et les rides. Gr\u00e2ce \u00e0 sa texture l\u00e9g\u00e8re, elle est mieux adapt\u00e9e au soin de la peau fine du contour des yeux.<\/p>\n<h3>Composition et informations compl\u00e9mentaires sur la cr\u00e8me hydratante bio Hydra Lymp :<\/h3>\n<p>INCI : Eau florale de Centaurea cyanus, Aqua, Glyc\u00e9rine, Alcool c\u00e9t\u00e9arylique, Huile de graines de Simmondsia chinensis, Extrait d&rsquo;huile de son de riz, Caprylate de propylheptyle, Coco-caprylate, Glucoside c\u00e9t\u00e9arylique, Cocoglyc\u00e9rides, Olivate d&rsquo;\u00e9thylhexyle hydrog\u00e9n\u00e9, insaponifiables d&rsquo;huile d&rsquo;olive hydrog\u00e9n\u00e9s, Persea gratissima,<\/p>\n<p>huile de fruit d&rsquo;Olea europaea, extrait d&rsquo;Oryza sativa, st\u00e9aroyl glutamate de sodium, filtrat de lysat de fermentation de Saccharomyces, hyaluronate de sodium, extrait de noix hydrolys\u00e9, acide polyglutamique, s\u00e8ve de vigne Vitis vinifera, phosphate d&rsquo;ascorbyle de sodium, gomme xanthane,<\/p>\n<p>benzoate de sodium, laurate de glyc\u00e9ryle, und\u00e9cane, tocoph\u00e9rol, trid\u00e9cane, alcool benzylique, sorbate de potassium, dextrine, extrait de fleur de Gardenia florida, sorbitol, acide d\u00e9hydroac\u00e9tique, acide citrique, ar\u00f4me naturel, huile de Pogostemon cablin, ac\u00e9tate de linalyle.*<\/p>\n<p>** Ar\u00f4me issu d&rsquo;extraits naturels<br \/>\nIngr\u00e9dients issus de l&rsquo;agriculture biologique<\/p>\n","protected":false},"excerpt":{"rendered":"<p>La cr\u00e8me de jour hydratante Hydra Lymph adoucit la peau s\u00e8che et la prot\u00e8ge contre les effets n\u00e9fastes des radicaux libres et contre la d\u00e9shydratation.<br \/>\nLa cr\u00e8me Hydra Lymph exerce \u00e0 la fois une action hydratante en profondeur et drainante sur la peau. Elle adoucit et aide \u00e0 \u00e9liminer plus rapidement l&rsquo;exc\u00e8s de liquide et les d\u00e9chets accumul\u00e9s.<\/p>\n<p>La cr\u00e8me de jour Hydra Lymph est fabriqu\u00e9e selon la m\u00e9thode Up Cycling, qui utilise \u00e9galement des ingr\u00e9dients issus de mati\u00e8res premi\u00e8res recycl\u00e9es.<\/p>\n<p><strong>Ingr\u00e9dients actifs<\/strong> : acide hyaluronique, extrait de riz, extrait de noix verte, huile d&rsquo;avocat,<br \/>\n<strong>Certifications<\/strong> : Icea Natural, sans m\u00e9taux lourds, test\u00e9e dermatologiquement<\/p>\n","protected":false},"featured_media":73507,"comment_status":"open","ping_status":"closed","template":"","meta":{"ocean_post_layout":"","ocean_both_sidebars_style":"","ocean_both_sidebars_content_width":0,"ocean_both_sidebars_sidebars_width":0,"ocean_sidebar":"0","ocean_second_sidebar":"0","ocean_disable_margins":"enable","ocean_add_body_class":"","ocean_shortcode_before_top_bar":"","ocean_shortcode_after_top_bar":"","ocean_shortcode_before_header":"","ocean_shortcode_after_header":"","ocean_has_shortcode":"","ocean_shortcode_after_title":"","ocean_shortcode_before_footer_widgets":"","ocean_shortcode_after_footer_widgets":"","ocean_shortcode_before_footer_bottom":"","ocean_shortcode_after_footer_bottom":"","ocean_display_top_bar":"default","ocean_display_header":"default","ocean_header_style":"","ocean_center_header_left_menu":"0","ocean_custom_header_template":"0","ocean_custom_logo":0,"ocean_custom_retina_logo":0,"ocean_custom_logo_max_width":0,"ocean_custom_logo_tablet_max_width":0,"ocean_custom_logo_mobile_max_width":0,"ocean_custom_logo_max_height":0,"ocean_custom_logo_tablet_max_height":0,"ocean_custom_logo_mobile_max_height":0,"ocean_header_custom_menu":"0","ocean_menu_typo_font_family":"0","ocean_menu_typo_font_subset":"","ocean_menu_typo_font_size":0,"ocean_menu_typo_font_size_tablet":0,"ocean_menu_typo_font_size_mobile":0,"ocean_menu_typo_font_size_unit":"px","ocean_menu_typo_font_weight":"","ocean_menu_typo_font_weight_tablet":"","ocean_menu_typo_font_weight_mobile":"","ocean_menu_typo_transform":"","ocean_menu_typo_transform_tablet":"","ocean_menu_typo_transform_mobile":"","ocean_menu_typo_line_height":0,"ocean_menu_typo_line_height_tablet":0,"ocean_menu_typo_line_height_mobile":0,"ocean_menu_typo_line_height_unit":"","ocean_menu_typo_spacing":0,"ocean_menu_typo_spacing_tablet":0,"ocean_menu_typo_spacing_mobile":0,"ocean_menu_typo_spacing_unit":"","ocean_menu_link_color":"","ocean_menu_link_color_hover":"","ocean_menu_link_color_active":"","ocean_menu_link_background":"","ocean_menu_link_hover_background":"","ocean_menu_link_active_background":"","ocean_menu_social_links_bg":"","ocean_menu_social_hover_links_bg":"","ocean_menu_social_links_color":"","ocean_menu_social_hover_links_color":"","ocean_disable_title":"default","ocean_disable_heading":"default","ocean_post_title":"","ocean_post_subheading":"","ocean_post_title_style":"","ocean_post_title_background_color":"","ocean_post_title_background":0,"ocean_post_title_bg_image_position":"","ocean_post_title_bg_image_attachment":"","ocean_post_title_bg_image_repeat":"","ocean_post_title_bg_image_size":"","ocean_post_title_height":0,"ocean_post_title_bg_overlay":0.5,"ocean_post_title_bg_overlay_color":"","ocean_disable_breadcrumbs":"default","ocean_breadcrumbs_color":"","ocean_breadcrumbs_separator_color":"","ocean_breadcrumbs_links_color":"","ocean_breadcrumbs_links_hover_color":"","ocean_display_footer_widgets":"default","ocean_display_footer_bottom":"default","ocean_custom_footer_template":"0"},"product_brand":[107],"product_cat":[19,17],"product_tag":[],"class_list":{"0":"post-73510","1":"product","2":"type-product","3":"status-publish","4":"has-post-thumbnail","6":"product_brand-nature-up","7":"product_cat-cremes-naturelles-de-jour-et-de-nuit","8":"product_cat-soins-du-visage","10":"entry","11":"has-media","13":"first","14":"instock","15":"taxable","16":"shipping-taxable","17":"purchasable","18":"product-type-simple","19":"has-rating","20":"col","21":"span_1_of_3","22":"owp-content-center","23":"owp-thumbs-layout-horizontal","24":"owp-btn-normal","25":"owp-tabs-layout-section","26":"has-no-thumbnails","27":"circle-sale"},"_links":{"self":[{"href":"https:\/\/www.biobey.be\/fr\/wp-json\/wp\/v2\/product\/73510","targetHints":{"allow":["GET"]}}],"collection":[{"href":"https:\/\/www.biobey.be\/fr\/wp-json\/wp\/v2\/product"}],"about":[{"href":"https:\/\/www.biobey.be\/fr\/wp-json\/wp\/v2\/types\/product"}],"replies":[{"embeddable":true,"href":"https:\/\/www.biobey.be\/fr\/wp-json\/wp\/v2\/comments?post=73510"}],"wp:featuredmedia":[{"embeddable":true,"href":"https:\/\/www.biobey.be\/fr\/wp-json\/wp\/v2\/media\/73507"}],"wp:attachment":[{"href":"https:\/\/www.biobey.be\/fr\/wp-json\/wp\/v2\/media?parent=73510"}],"wp:term":[{"taxonomy":"product_brand","embeddable":true,"href":"https:\/\/www.biobey.be\/fr\/wp-json\/wp\/v2\/product_brand?post=73510"},{"taxonomy":"product_cat","embeddable":true,"href":"https:\/\/www.biobey.be\/fr\/wp-json\/wp\/v2\/product_cat?post=73510"},{"taxonomy":"product_tag","embeddable":true,"href":"https:\/\/www.biobey.be\/fr\/wp-json\/wp\/v2\/product_tag?post=73510"}],"curies":[{"name":"wp","href":"https:\/\/api.w.org\/{rel}","templated":true}]}}