{"id":73511,"date":"2026-04-12T21:13:03","date_gmt":"2026-04-12T19:13:03","guid":{"rendered":"https:\/\/www.biobey.be\/fr\/?post_type=product&#038;p=73511"},"modified":"2026-04-12T21:25:22","modified_gmt":"2026-04-12T19:25:22","slug":"shampoing-bio-stimulant-pour-cuir-chevelu","status":"publish","type":"product","link":"https:\/\/www.biobey.be\/fr\/produit\/shampoing-bio-stimulant-pour-cuir-chevelu\/","title":{"rendered":"Shampoing bio stimulant pour le cuir chevelu"},"content":{"rendered":"<p>Shampoing bio stimulant pour le cuir chevelu purifie le cuir chevelu des r\u00e9sidus accumul\u00e9s et am\u00e9liore la circulation sanguine vers les racines des cheveux. Sa formule \u00e0 base de gel d&rsquo;argile verte et d&rsquo;huiles essentielles biologiques de menthe, d&rsquo;eucalyptus et de lavande r\u00e9gule la production des glandes s\u00e9bac\u00e9es et stimule la pousse des cheveux.<\/p>\n<p>Ce shampooing 100 % naturel sans sulfates rafra\u00eechit, nettoie et stimule le cuir chevelu. Il est id\u00e9al pour le soin quotidien des cheveux et du cuir chevelu. Shampooing bio rafra\u00eechissant est test\u00e9 dermatologiquement et certifi\u00e9 biologique par le BDIH.<\/p>\n<p><strong>Conseil de pro<\/strong> : si vous souffrez de chute de cheveux, nous vous recommandons d&rsquo;associer ce shampooing stimulant \u00e0 <span style=\"color: #000080;\"><a style=\"color: #000080;\" href=\"https:\/\/www.biobey.be\/fr\/produit\/serum-naturel-croissance-des-cheveux-30ml\/\">un s\u00e9rum fortifiant pour la pousse des cheveux<\/a><\/span>.<\/p>\n<h2>Quels sont les bienfaits de ce shampoing bio stimulant pour le cuir chevelu ?<\/h2>\n<p>Ce shampoing bio stimulant pour le cuir chevelu purifie le cuir chevelu, le rafra\u00eechit et stimule la pousse des cheveux.<\/p>\n<ol>\n<li><strong>Action stimulante pour le cuir chevelu<\/strong> : la combinaison d&rsquo;huiles essentielles biologiques Gold de menthe poivr\u00e9e, de lavande et d&rsquo;eucalyptus. L&rsquo;huile essentielle de menthe poivr\u00e9e biologique contribue \u00e0 prolonger la phase de croissance des cheveux. Elle stimule la circulation sanguine vers les racines des cheveux et assure un meilleur apport en nutriments aux follicules pileux. L&rsquo;huile essentielle de lavande biologique contribue \u00e0 un cuir chevelu plus sain gr\u00e2ce \u00e0 son action antibact\u00e9rienne. Associ\u00e9e \u00e0 l&rsquo;huile de menthe poivr\u00e9e, elle aide \u00e0 stimuler une croissance plus rapide de cheveux plus \u00e9pais. L&rsquo;utilisation de ce shampooing en association avec un masque capillaire pour le traitement des cheveux fins peut am\u00e9liorer les r\u00e9sultats.<\/li>\n<li><strong>Action purifiante pour le cuir chevelu:<\/strong>\u00a0 Le gel \u00e0 l&rsquo;argile verte, associ\u00e9 \u00e0 l&rsquo;eucalyptus et \u00e0 l&rsquo;huile de menthe poivr\u00e9e, \u00e9limine les impuret\u00e9s et les r\u00e9sidus accumul\u00e9s. Le gel \u00e0 l&rsquo;argile verte r\u00e9duit les pellicules et les cheveux gras en inhibant la production excessive de s\u00e9bum. L&rsquo;huile essentielle de menthe poivr\u00e9e att\u00e9nue les d\u00e9mangeaisons tandis que l&rsquo;huile de lavande a une action antifongique.<\/li>\n<li><strong>Nettoie et rafra\u00eechit le cuir chevelu et les cheveux:<\/strong>\u00a0 Ce shampooing naturel stimulant pour le cuir chevelu nettoie le cuir chevelu et procure une agr\u00e9able sensation de fra\u00eecheur. Sa composition naturelle, sans sulfates, silicones, parfum ni parab\u00e8nes, est id\u00e9ale pour un soin efficace du cuir chevelu et des cheveux.<\/li>\n<\/ol>\n<h3>Comment utiliser le shampoing bio stimulant pour le cuir chevelu ?<\/h3>\n<p>Bien agiter avant utilisation. Appliquez une petite quantit\u00e9 de shampooing sur les cheveux mouill\u00e9s. Massez doucement le cuir chevelu et les cheveux pendant quelques minutes.<\/p>\n<p>Rincez ensuite \u00e0 l&rsquo;eau ti\u00e8de. Si vous le souhaitez, appliquez l&rsquo;apr\u00e8s-shampooing Argital sur les cheveux et laissez agir pendant 10 minutes. Rincez ensuite \u00e0 l&rsquo;eau ti\u00e8de. S\u00e9chez les cheveux en les tapotant avec une serviette douce. Veillez \u00e0 ne pas frotter trop fort avec la serviette afin de ne pas ab\u00eemer les cheveux. Apr\u00e8s utilisation, le cuir chevelu peut sembler frais en raison de l&rsquo;action de l&rsquo;huile de menthe.<\/p>\n<p>Le shampoing bio stimulant pour le cuir chevelu Argital est 100 % naturel et test\u00e9 dermatologiquement. Les shampooings Argital sont fabriqu\u00e9s en Italie avec de l&rsquo;eau pure provenant de leur propre source, de l&rsquo;argile verte a\u00e9r\u00e9e et des huiles essentielles biologiques Gold. Les ingr\u00e9dients actifs de tous les produits sont dynamis\u00e9s \u00e0 la main.<\/p>\n<p>Ingr\u00e9dients (INCI) : Aqua, Disodium Cocoyl Glutamate, Cocamidopropyl Betaine, Solum fulllonum, Huile de Mentha piperita, Acide lactique, Alcool biologique, Gomme xanthane, Extrait d&rsquo;\u00e9corce de Berberis vulgaris, Extrait de r\u00e9sine de Styrax benzoin, Huile de feuille d&rsquo;Eucalyptus globulus, Huile de Lavandula hybrida*, Limon\u00e8ne, G\u00e9raniol, Linalol<br \/>\nIngr\u00e9dients issus de l&rsquo;agriculture biologique<\/p>\n","protected":false},"excerpt":{"rendered":"<p>Ce shampooing stimulant 100 % naturel pour le cuir chevelu a une action purifiante, favorise la pousse des cheveux et procure une sensation de fra\u00eecheur.<br \/>\nSa formule \u00e0 base de gel d&rsquo;argile verte et d&rsquo;huiles essentielles biologiques de menthe, de lavande et d&rsquo;eucalyptus stimule la circulation sanguine vers les racines des cheveux et r\u00e9gule le fonctionnement des glandes s\u00e9bac\u00e9es. Le shampooing \u00e9limine les r\u00e9sidus, att\u00e9nue les d\u00e9mangeaisons et nettoie le cuir chevelu. Apr\u00e8s utilisation, les cheveux et le cuir chevelu sont agr\u00e9ablement rafra\u00eechis.<\/p>\n<p><strong>Labels<\/strong> : BIDH, Cosmos Natural, Vegan Ok, test\u00e9 dermatologiquement<\/p>\n<p><strong>Caract\u00e9ristiques<\/strong> : Ce shampooing stimulant est sans sulfates, sans silicones, sans parab\u00e8nes, sans parfum et sans autres ingr\u00e9dients synth\u00e9tiques irritants.<\/p>\n<p><strong>Action<\/strong> : Stimulation des racines des cheveux, purification du cuir chevelu, r\u00e9duction des d\u00e9mangeaisons et de l&rsquo;exc\u00e8s de s\u00e9bum sur le cuir chevelu<\/p>\n","protected":false},"featured_media":73506,"comment_status":"open","ping_status":"closed","template":"","meta":{"ocean_post_layout":"","ocean_both_sidebars_style":"","ocean_both_sidebars_content_width":0,"ocean_both_sidebars_sidebars_width":0,"ocean_sidebar":"0","ocean_second_sidebar":"0","ocean_disable_margins":"enable","ocean_add_body_class":"","ocean_shortcode_before_top_bar":"","ocean_shortcode_after_top_bar":"","ocean_shortcode_before_header":"","ocean_shortcode_after_header":"","ocean_has_shortcode":"","ocean_shortcode_after_title":"","ocean_shortcode_before_footer_widgets":"","ocean_shortcode_after_footer_widgets":"","ocean_shortcode_before_footer_bottom":"","ocean_shortcode_after_footer_bottom":"","ocean_display_top_bar":"default","ocean_display_header":"default","ocean_header_style":"","ocean_center_header_left_menu":"0","ocean_custom_header_template":"0","ocean_custom_logo":0,"ocean_custom_retina_logo":0,"ocean_custom_logo_max_width":0,"ocean_custom_logo_tablet_max_width":0,"ocean_custom_logo_mobile_max_width":0,"ocean_custom_logo_max_height":0,"ocean_custom_logo_tablet_max_height":0,"ocean_custom_logo_mobile_max_height":0,"ocean_header_custom_menu":"0","ocean_menu_typo_font_family":"0","ocean_menu_typo_font_subset":"","ocean_menu_typo_font_size":0,"ocean_menu_typo_font_size_tablet":0,"ocean_menu_typo_font_size_mobile":0,"ocean_menu_typo_font_size_unit":"px","ocean_menu_typo_font_weight":"","ocean_menu_typo_font_weight_tablet":"","ocean_menu_typo_font_weight_mobile":"","ocean_menu_typo_transform":"","ocean_menu_typo_transform_tablet":"","ocean_menu_typo_transform_mobile":"","ocean_menu_typo_line_height":0,"ocean_menu_typo_line_height_tablet":0,"ocean_menu_typo_line_height_mobile":0,"ocean_menu_typo_line_height_unit":"","ocean_menu_typo_spacing":0,"ocean_menu_typo_spacing_tablet":0,"ocean_menu_typo_spacing_mobile":0,"ocean_menu_typo_spacing_unit":"","ocean_menu_link_color":"","ocean_menu_link_color_hover":"","ocean_menu_link_color_active":"","ocean_menu_link_background":"","ocean_menu_link_hover_background":"","ocean_menu_link_active_background":"","ocean_menu_social_links_bg":"","ocean_menu_social_hover_links_bg":"","ocean_menu_social_links_color":"","ocean_menu_social_hover_links_color":"","ocean_disable_title":"default","ocean_disable_heading":"default","ocean_post_title":"","ocean_post_subheading":"","ocean_post_title_style":"","ocean_post_title_background_color":"","ocean_post_title_background":0,"ocean_post_title_bg_image_position":"","ocean_post_title_bg_image_attachment":"","ocean_post_title_bg_image_repeat":"","ocean_post_title_bg_image_size":"","ocean_post_title_height":0,"ocean_post_title_bg_overlay":0.5,"ocean_post_title_bg_overlay_color":"","ocean_disable_breadcrumbs":"default","ocean_breadcrumbs_color":"","ocean_breadcrumbs_separator_color":"","ocean_breadcrumbs_links_color":"","ocean_breadcrumbs_links_hover_color":"","ocean_display_footer_widgets":"default","ocean_display_footer_bottom":"default","ocean_custom_footer_template":"0"},"product_brand":[102],"product_cat":[25,24],"product_tag":[],"class_list":{"0":"post-73511","1":"product","2":"type-product","3":"status-publish","4":"has-post-thumbnail","6":"product_brand-argital","7":"product_cat-shampooing-naturel","8":"product_cat-soins-cheveux","10":"entry","11":"has-media","13":"first","14":"instock","15":"taxable","16":"shipping-taxable","17":"purchasable","18":"product-type-simple","19":"has-rating","20":"col","21":"span_1_of_3","22":"owp-content-center","23":"owp-thumbs-layout-horizontal","24":"owp-btn-normal","25":"owp-tabs-layout-section","26":"has-no-thumbnails","27":"circle-sale"},"_links":{"self":[{"href":"https:\/\/www.biobey.be\/fr\/wp-json\/wp\/v2\/product\/73511","targetHints":{"allow":["GET"]}}],"collection":[{"href":"https:\/\/www.biobey.be\/fr\/wp-json\/wp\/v2\/product"}],"about":[{"href":"https:\/\/www.biobey.be\/fr\/wp-json\/wp\/v2\/types\/product"}],"replies":[{"embeddable":true,"href":"https:\/\/www.biobey.be\/fr\/wp-json\/wp\/v2\/comments?post=73511"}],"wp:featuredmedia":[{"embeddable":true,"href":"https:\/\/www.biobey.be\/fr\/wp-json\/wp\/v2\/media\/73506"}],"wp:attachment":[{"href":"https:\/\/www.biobey.be\/fr\/wp-json\/wp\/v2\/media?parent=73511"}],"wp:term":[{"taxonomy":"product_brand","embeddable":true,"href":"https:\/\/www.biobey.be\/fr\/wp-json\/wp\/v2\/product_brand?post=73511"},{"taxonomy":"product_cat","embeddable":true,"href":"https:\/\/www.biobey.be\/fr\/wp-json\/wp\/v2\/product_cat?post=73511"},{"taxonomy":"product_tag","embeddable":true,"href":"https:\/\/www.biobey.be\/fr\/wp-json\/wp\/v2\/product_tag?post=73511"}],"curies":[{"name":"wp","href":"https:\/\/api.w.org\/{rel}","templated":true}]}}