{"id":73524,"date":"2026-04-12T21:13:21","date_gmt":"2026-04-12T19:13:21","guid":{"rendered":"https:\/\/www.biobey.be\/fr\/?post_type=product&#038;p=73524"},"modified":"2026-04-12T21:25:26","modified_gmt":"2026-04-12T19:25:26","slug":"creme-hydratante-bio-pour-peau-grasse-cannabidiol","status":"publish","type":"product","link":"https:\/\/www.biobey.be\/fr\/produit\/creme-hydratante-bio-pour-peau-grasse-cannabidiol\/","title":{"rendered":"Cr\u00e8me hydratante bio pour peau grasse Cannabidiol"},"content":{"rendered":"<p>Cr\u00e8me hydratante bio a \u00e9t\u00e9 con\u00e7ue pour hydrater et traiter les peaux grasses et mixtes. Elle hydrate la peau, traite l&rsquo;acn\u00e9 et les imperfections. Une utilisation r\u00e9guli\u00e8re de cette cr\u00e8me hydratante naturelle pour peaux grasses rend la peau uniforme et douce au toucher. Elle aide \u00e0 r\u00e9\u00e9quilibrer les peaux grasses et sujettes \u00e0 l&rsquo;acn\u00e9, et \u00e0 r\u00e9guler la production de s\u00e9bum d\u00e9s\u00e9quilibr\u00e9e.<\/p>\n<p>La combinaison d&rsquo;acide hyaluronique, de cannabidiol et d&rsquo;extrait d&rsquo;\u00e9pilobe <strong>renforce la barri\u00e8re cutan\u00e9e<\/strong>, hydrate et apaise les peaux pr\u00e9sentant des imperfections. Une peau grasse et mixte pr\u00e9sentant des pouss\u00e9es d&rsquo;acn\u00e9 peut \u00eatre caus\u00e9e par une barri\u00e8re cutan\u00e9e affaiblie et un manque d&rsquo;hydratation.<\/p>\n<p>La cr\u00e8me hydratante bio pour peau grasse <strong>aide \u00e0 traiter l&rsquo;exc\u00e8s de s\u00e9bum<\/strong> et les pouss\u00e9es d&rsquo;acn\u00e9 gr\u00e2ce \u00e0 ses propri\u00e9t\u00e9s anti-inflammatoires et r\u00e9gulatrices de s\u00e9bum. Elle apporte \u00e0 la peau l&rsquo;hydratation n\u00e9cessaire gr\u00e2ce \u00e0 l&rsquo;acide hyaluronique. L&rsquo;extrait d&rsquo;aloe vera biologique att\u00e9nue les rougeurs et prot\u00e8ge la couche sup\u00e9rieure de la peau. La cr\u00e8me hydratante bio Geoderm est test\u00e9e sous contr\u00f4le dermatologique et certifi\u00e9e Ecocert.<\/p>\n<h2>Une cr\u00e8me hydratante bio est-elle utile pour les peaux grasses et mixtes ?<\/h2>\n<p>Oui, il est important d&rsquo;hydrater les peaux grasses et mixtes afin de restaurer la barri\u00e8re cutan\u00e9e affaiblie et de r\u00e9duire les pouss\u00e9es d&rsquo;acn\u00e9. La cr\u00e8me hydratante fluide naturelle a un effet anti-inflammatoire et inhibe la production excessive de s\u00e9bum gr\u00e2ce aux extraits biologiques de cannabidiol et au complexe d&rsquo;\u00e9pilobe.<\/p>\n<p>Lorsque la peau est d\u00e9shydrat\u00e9e, elle produit davantage de s\u00e9bum pour se prot\u00e9ger des agressions ext\u00e9rieures. Un exc\u00e8s de s\u00e9bum obstrue les pores et favorise l&rsquo;apparition de pouss\u00e9es d&rsquo;acn\u00e9.<\/p>\n<p>L&rsquo;hydratant naturel pour peaux grasses et mixtes <strong>aide \u00e0 restaurer la barri\u00e8re cutan\u00e9e<\/strong> gr\u00e2ce \u00e0 ses propri\u00e9t\u00e9s nourrissantes et r\u00e9g\u00e9n\u00e9rantes. L&rsquo;acide hyaluronique, l&rsquo;eau de rose et l&rsquo;aloe vera r\u00e9tablissent l&rsquo;\u00e9quilibre hydrique de la peau et pr\u00e9viennent la d\u00e9shydratation. La formule, riche en om\u00e9ga-3 et en acides gras insatur\u00e9s, en flavono\u00efdes et en oenoth\u00e9ine B, a une action anti-inflammatoire. Elle inhibe la production excessive de s\u00e9bum et \u00e9limine les bact\u00e9ries nocives.<\/p>\n<p>L&rsquo;utilisation de cette cr\u00e8me hydratante pour peaux grasses et mixtes restaure la barri\u00e8re cutan\u00e9e, adoucit et unifie le teint. Elle att\u00e9nue les rougeurs, les pouss\u00e9es d&rsquo;acn\u00e9 et purifie les pores obstru\u00e9s..<\/p>\n<h3>Comment utiliser la cr\u00e8me hydratante bio pour peau grasse ?<\/h3>\n<p>Appliquez la cr\u00e8me hydratante deux fois par jour sur une peau nettoy\u00e9e. Massez doucement jusqu\u2019\u00e0 ce qu\u2019elle soit bien absorb\u00e9e par la peau. Apr\u00e8s le fluide, vous pouvez appliquer une cr\u00e8me de jour pour peaux grasses et mixtes.<\/p>\n<p>Ingr\u00e9dients (INCI) : Eau florale de Rosa Damascena, Jus de feuille d&rsquo;Aloe barbadensis, Cococaprylate, St\u00e9arate de glyc\u00e9ryle SE, Propanediol, Glyc\u00e9rine, Eau, Alcool arachidique, Alcool b\u00e9h\u00e9nique, Acide succinique, Glucoside d&rsquo;ascorbyle, huile de zeste de Citrus Paradisi, hyaluronate de sodium hydrolys\u00e9, hyaluronate de sodium, extrait d&rsquo;Epilobium Fleischeri, cannabidiol,<\/p>\n<p>extrait d&rsquo;\u00e9corce de Salix Alba, extrait de fleur\/feuille de Thymus vulgaris, extrait de racine d&rsquo;Arctium majus, glucoside d&rsquo;arachidyle, phosphate de c\u00e9tyle de potassium, caprylate de glyc\u00e9ryle, hydroxyde de sodium, gomme xanthane, tocoph\u00e9rol,<\/p>\n<p>und\u00e9cyl\u00e9nate de glyc\u00e9ryle, coco-glucoside, acide phytique, acide citrique, alcool benzylique, sorbate de potassium, benzoate de sodium, limon\u00e8ne, citronellol, g\u00e9raniol, linalol.<br \/>\nIssu de l&rsquo;agriculture biologique<\/p>\n","protected":false},"excerpt":{"rendered":"<p>Cr\u00e8me hydratante bio pour peau grasse et mixte r\u00e9pare, nourrit et unifie les peaux sujettes \u00e0 l&rsquo;acn\u00e9. Sa formule \u00e0 base d&rsquo;acide hyaluronique, d&rsquo;aloe vera et de complexe d&rsquo;\u00e9pilobe a une action \u00e0 la fois hydratante et purifiante.<\/p>\n<p>Elle r\u00e9tablit l&rsquo;\u00e9quilibre hydrique de la peau et purifie les pores obstru\u00e9s. Cette cr\u00e8me hydratante bio r\u00e9duit les boutons et pr\u00e9vient les pouss\u00e9es d&rsquo;acn\u00e9. La peau est \u00e0 la fois nourrie, hydrat\u00e9e, prot\u00e9g\u00e9e et purifi\u00e9e.<\/p>\n<p><strong>Certifications<\/strong> : Ecocert, Vegan Ok, test\u00e9 dermatologiquement, sans parfum. Fabriqu\u00e9 en Espagne<\/p>\n<p><strong>Type de peau<\/strong> : Peau grasse \u00e0 tendance acn\u00e9ique et pores obstru\u00e9s Peau mixte<\/p>\n","protected":false},"featured_media":73503,"comment_status":"open","ping_status":"closed","template":"","meta":{"ocean_post_layout":"","ocean_both_sidebars_style":"","ocean_both_sidebars_content_width":0,"ocean_both_sidebars_sidebars_width":0,"ocean_sidebar":"0","ocean_second_sidebar":"0","ocean_disable_margins":"enable","ocean_add_body_class":"","ocean_shortcode_before_top_bar":"","ocean_shortcode_after_top_bar":"","ocean_shortcode_before_header":"","ocean_shortcode_after_header":"","ocean_has_shortcode":"","ocean_shortcode_after_title":"","ocean_shortcode_before_footer_widgets":"","ocean_shortcode_after_footer_widgets":"","ocean_shortcode_before_footer_bottom":"","ocean_shortcode_after_footer_bottom":"","ocean_display_top_bar":"default","ocean_display_header":"default","ocean_header_style":"","ocean_center_header_left_menu":"0","ocean_custom_header_template":"0","ocean_custom_logo":0,"ocean_custom_retina_logo":0,"ocean_custom_logo_max_width":0,"ocean_custom_logo_tablet_max_width":0,"ocean_custom_logo_mobile_max_width":0,"ocean_custom_logo_max_height":0,"ocean_custom_logo_tablet_max_height":0,"ocean_custom_logo_mobile_max_height":0,"ocean_header_custom_menu":"0","ocean_menu_typo_font_family":"0","ocean_menu_typo_font_subset":"","ocean_menu_typo_font_size":0,"ocean_menu_typo_font_size_tablet":0,"ocean_menu_typo_font_size_mobile":0,"ocean_menu_typo_font_size_unit":"px","ocean_menu_typo_font_weight":"","ocean_menu_typo_font_weight_tablet":"","ocean_menu_typo_font_weight_mobile":"","ocean_menu_typo_transform":"","ocean_menu_typo_transform_tablet":"","ocean_menu_typo_transform_mobile":"","ocean_menu_typo_line_height":0,"ocean_menu_typo_line_height_tablet":0,"ocean_menu_typo_line_height_mobile":0,"ocean_menu_typo_line_height_unit":"","ocean_menu_typo_spacing":0,"ocean_menu_typo_spacing_tablet":0,"ocean_menu_typo_spacing_mobile":0,"ocean_menu_typo_spacing_unit":"","ocean_menu_link_color":"","ocean_menu_link_color_hover":"","ocean_menu_link_color_active":"","ocean_menu_link_background":"","ocean_menu_link_hover_background":"","ocean_menu_link_active_background":"","ocean_menu_social_links_bg":"","ocean_menu_social_hover_links_bg":"","ocean_menu_social_links_color":"","ocean_menu_social_hover_links_color":"","ocean_disable_title":"default","ocean_disable_heading":"default","ocean_post_title":"","ocean_post_subheading":"","ocean_post_title_style":"","ocean_post_title_background_color":"","ocean_post_title_background":0,"ocean_post_title_bg_image_position":"","ocean_post_title_bg_image_attachment":"","ocean_post_title_bg_image_repeat":"","ocean_post_title_bg_image_size":"","ocean_post_title_height":0,"ocean_post_title_bg_overlay":0.5,"ocean_post_title_bg_overlay_color":"","ocean_disable_breadcrumbs":"default","ocean_breadcrumbs_color":"","ocean_breadcrumbs_separator_color":"","ocean_breadcrumbs_links_color":"","ocean_breadcrumbs_links_hover_color":"","ocean_display_footer_widgets":"default","ocean_display_footer_bottom":"default","ocean_custom_footer_template":"0"},"product_brand":[116],"product_cat":[21],"product_tag":[],"class_list":{"0":"post-73524","1":"product","2":"type-product","3":"status-publish","4":"has-post-thumbnail","6":"product_brand-geoderm","7":"product_cat-acne-et-peau-abimee","9":"entry","10":"has-media","12":"first","13":"instock","14":"taxable","15":"shipping-taxable","16":"purchasable","17":"product-type-simple","18":"has-rating","19":"col","20":"span_1_of_3","21":"owp-content-center","22":"owp-thumbs-layout-horizontal","23":"owp-btn-normal","24":"owp-tabs-layout-section","25":"has-no-thumbnails","26":"circle-sale"},"_links":{"self":[{"href":"https:\/\/www.biobey.be\/fr\/wp-json\/wp\/v2\/product\/73524","targetHints":{"allow":["GET"]}}],"collection":[{"href":"https:\/\/www.biobey.be\/fr\/wp-json\/wp\/v2\/product"}],"about":[{"href":"https:\/\/www.biobey.be\/fr\/wp-json\/wp\/v2\/types\/product"}],"replies":[{"embeddable":true,"href":"https:\/\/www.biobey.be\/fr\/wp-json\/wp\/v2\/comments?post=73524"}],"wp:featuredmedia":[{"embeddable":true,"href":"https:\/\/www.biobey.be\/fr\/wp-json\/wp\/v2\/media\/73503"}],"wp:attachment":[{"href":"https:\/\/www.biobey.be\/fr\/wp-json\/wp\/v2\/media?parent=73524"}],"wp:term":[{"taxonomy":"product_brand","embeddable":true,"href":"https:\/\/www.biobey.be\/fr\/wp-json\/wp\/v2\/product_brand?post=73524"},{"taxonomy":"product_cat","embeddable":true,"href":"https:\/\/www.biobey.be\/fr\/wp-json\/wp\/v2\/product_cat?post=73524"},{"taxonomy":"product_tag","embeddable":true,"href":"https:\/\/www.biobey.be\/fr\/wp-json\/wp\/v2\/product_tag?post=73524"}],"curies":[{"name":"wp","href":"https:\/\/api.w.org\/{rel}","templated":true}]}}